{"id":1337,"date":"2014-08-20T19:45:45","date_gmt":"2014-08-20T16:45:45","guid":{"rendered":"http:\/\/www.manssi.net\/?page_id=1337"},"modified":"2021-09-01T19:50:28","modified_gmt":"2021-09-01T16:50:28","slug":"terveyskysely","status":"publish","type":"page","link":"https:\/\/www.manssi.net\/wordpress\/terveyskysely\/","title":{"rendered":"Terveyskysely"},"content":{"rendered":"<p>Kyselyn tarkoituksena on selvitt\u00e4\u00e4 manchesterinterriereiden yleist\u00e4 sairaus- ja terveystilaa Suomessa sek\u00e4 saada tietoja my\u00f6s koirien luonteesta. Toivomme, ett\u00e4 kysely paljastaa mahdollisia ongelmakohtia, jotka auttavat ohjaamaan jalostusta ja valistusta roduista tulevaisuudessa.<\/p>\n<p>Suomen Kennelliitto on uudistanut rotukohtaisten jalostuksen tavoiteohjelmien laatimisen yhdistyksiss\u00e4 ja uudessa tavoiteohjelmassa tullaan painottamaan luonnetta entist\u00e4 enemm\u00e4n. Mm. t\u00e4st\u00e4 syyst\u00e4 on t\u00e4rke\u00e4\u00e4 saada tietoja rotumme luonteen todellisesta tilanteesta.<\/p>\n<p>Terveyteen liittyvien kysymysten tarkoituksena on selvitt\u00e4\u00e4 mahdollista kroonista tai jatkuvaa sairastelevuutta eri osa-alueilla. Suurin osa kysymyksist\u00e4 on kyll\u00e4\/ei-muodossa. Valitse Kyll\u00e4-vastaus, jos kyseisell\u00e4 alueella on normaalista poikkeavaa ongelmaa. Useimmilla koirilla on esim. virtsatietulehduksia, pari korvatulehdusta tai ripulia el\u00e4m\u00e4ns\u00e4 aikana. Koiralla voi olla muutaman kerran el\u00e4m\u00e4ss\u00e4\u00e4n j\u00e4ykkyytt\u00e4 eri puolilla ruumista, joka katoaa itsest\u00e4\u00e4n muutaman p\u00e4iv\u00e4n levolla, tai se ontuu jalkaa ven\u00e4hdyksen tai onnettomuuden takia. N\u00e4m\u00e4 ovat normaalia sairastelua. Kyll\u00e4-vastaukseen vaaditaan normaalia tihe\u00e4mpi ongelman esiintyvyys tai ongelman ennustettavuus. My\u00f6s synnynn\u00e4iset, havaittavat muutokset, luetaan Kyll\u00e4-vastauksen piiriin.<\/p>\n<p>Luonnekysymyksiss\u00e4 koiran k\u00e4ytt\u00e4ytymist\u00e4 toisia koiria ja ihmisi\u00e4 kohtaan arvioidaan useamman vaihtoehdon asteikolla. Mieti rauhassa, mik\u00e4 vaihtoehto kuvaa koiraasi tyypillisimmill\u00e4\u00e4n.<\/p>\n<p>Kyselyn lopussa olevassa lis\u00e4tietoja-kohdassa voit v\u00e4litt\u00e4\u00e4 terveisi\u00e4 tai toivomuksia Suomen Manchesterinterrierit ry:n jalostustoimikunnalle tai hallitukselle, pyyt\u00e4\u00e4 ottamaan yhteytt\u00e4 (muista t\u00e4ll\u00f6in omat yhteystietosi) tai kertoa koirasta muuta t\u00e4rke\u00e4ksi katsomaasi (koiran nimen tms., jos haluat).<\/p>\n<p>Jos koiralla on useita omistajia tai sit\u00e4 koskee sijoitussopimus, sovittehan kesken\u00e4nne, kuka t\u00e4ytt\u00e4\u00e4 kyselyn ko. koirasta. T\u00e4ytt\u00e4j\u00e4n\u00e4 tulee olla mieluiten se, jonka luona koira p\u00e4\u00e4s\u00e4\u00e4nt\u00e4isesti asuu tai joka muuten tuntee koiran kyllin hyvin. Jos sinulla taas on useampi manssi, t\u00e4yt\u00e4 jokaisesta oma kysely.<\/p>\n<p>Pyyd\u00e4mme yst\u00e4v\u00e4llisesti, ett\u00e4 t\u00e4ytt\u00e4isit lomakkeen my\u00f6s edesmenneist\u00e4 mansseistasi. Muiden kysymysten lis\u00e4ksi tiedot elini\u00e4st\u00e4 ja kuolinsyyst\u00e4 ovat hyvin t\u00e4rkeit\u00e4.<\/p>\n<p>Jokaisen yksitt\u00e4isen koiran tiedot k\u00e4sitell\u00e4\u00e4n ehdottoman luottamuksellisesti. Vastaamalla annat t\u00e4rke\u00e4n panoksesi rotumme hyv\u00e4ksi. Kiitos sinulle siit\u00e4!<\/p>\n<p>Jos sinulla on kysytt\u00e4v\u00e4\u00e4 lomakkeesta, sen toiminnasta tai haluat korjata jo antamiasi tietoja, ota yhteytt\u00e4 yhdistyksen jalostustoimikuntaan: smt.jalostus@gmail.com.<\/p>\n<p>&gt; <a title=\"Manssien terveyskysely\" href=\"https:\/\/docs.google.com\/forms\/d\/1Gq9UojcmsmJpUY_a7m8-BGoLQLBRJKnAIYDx0WguuBw\/viewform?usp=send_form\" target=\"_blank\" rel=\"noopener noreferrer\">SIIRRY KYSELYYN<\/a><\/p>\n","protected":false},"excerpt":{"rendered":"<p>Kyselyn tarkoituksena on selvitt\u00e4\u00e4 manchesterinterriereiden yleist\u00e4 sairaus- ja terveystilaa Suomessa sek\u00e4 saada tietoja my\u00f6s koirien luonteesta. Toivomme, ett\u00e4 kysely paljastaa mahdollisia ongelmakohtia, jotka auttavat ohjaamaan jalostusta ja valistusta roduista tulevaisuudessa. Suomen Kennelliitto on uudistanut rotukohtaisten jalostuksen tavoiteohjelmien laatimisen yhdistyksiss\u00e4 ja &hellip; <a href=\"https:\/\/www.manssi.net\/wordpress\/terveyskysely\/\">Lue loppuun <span class=\"meta-nav\">&rarr;<\/span><\/a><\/p>\n","protected":false},"author":9,"featured_media":0,"parent":0,"menu_order":0,"comment_status":"closed","ping_status":"closed","template":"","meta":[],"_links":{"self":[{"href":"https:\/\/www.manssi.net\/wordpress\/wp-json\/wp\/v2\/pages\/1337"}],"collection":[{"href":"https:\/\/www.manssi.net\/wordpress\/wp-json\/wp\/v2\/pages"}],"about":[{"href":"https:\/\/www.manssi.net\/wordpress\/wp-json\/wp\/v2\/types\/page"}],"author":[{"embeddable":true,"href":"https:\/\/www.manssi.net\/wordpress\/wp-json\/wp\/v2\/users\/9"}],"replies":[{"embeddable":true,"href":"https:\/\/www.manssi.net\/wordpress\/wp-json\/wp\/v2\/comments?post=1337"}],"version-history":[{"count":3,"href":"https:\/\/www.manssi.net\/wordpress\/wp-json\/wp\/v2\/pages\/1337\/revisions"}],"predecessor-version":[{"id":3364,"href":"https:\/\/www.manssi.net\/wordpress\/wp-json\/wp\/v2\/pages\/1337\/revisions\/3364"}],"wp:attachment":[{"href":"https:\/\/www.manssi.net\/wordpress\/wp-json\/wp\/v2\/media?parent=1337"}],"curies":[{"name":"wp","href":"https:\/\/api.w.org\/{rel}","templated":true}]}}