{"id":1685,"date":"2016-01-12T22:04:00","date_gmt":"2016-01-12T19:04:00","guid":{"rendered":"http:\/\/www.manssi.net\/?page_id=1685"},"modified":"2022-01-16T21:49:27","modified_gmt":"2022-01-16T18:49:27","slug":"vuoden-agilitytulokas","status":"publish","type":"page","link":"https:\/\/www.manssi.net\/wordpress\/kilpailut\/vuoden-agilitytulokas\/","title":{"rendered":"Vuoden agilitytulokas"},"content":{"rendered":"<p><strong>Vuoden agilitytulokas \u2013 kilpailun s\u00e4\u00e4nn\u00f6t<\/strong><\/p>\n<p>Palkintoa voi hakea manchesterinterrieri, <strong>joka kuluneen kalenterivuoden aikana on ensimm\u00e4ist\u00e4 kertaa osallistunut virallisiin agilitykilpailuihin.<\/strong><\/p>\n<p>Vuoden agilitytulokas -kilpailun kiertopalkinto <em>Rockstyle\u2019s Cup.<\/em><\/p>\n<p><strong>Pisteet<br \/>\n<\/strong>Pisteiden laskentaa varten tulee tulostenlaskijalle l\u00e4hett\u00e4\u00e4 kuvakaappaus SAGIn tulossivusta ja\/tai kopio kisakirjasta. Pisteet l\u00e4hetet\u00e4\u00e4n tarkistajalle valmiiksi laskettuna ja pisteet\u00a0kustakin startista eriteltyin\u00e4. Jos esim. arvokisatulos ei n\u00e4y virallisissa tiedoissa, tulee olla linkki seuran tulossivuun tai kuvakaappaus sivusta.<\/p>\n<p>Kilpailussa huomioidaan koiran kymmenen (10) parasta kilpailutulosta kalenterivuoden ajalta. My\u00f6s karsintojen tai muiden arvokisojen \u201cep\u00e4virallisten\u201d starttien pisteet lasketaan pistetaulukon mukaan, jos tulos 10 parhaan joukossa.<\/p>\n<p>Tulokset\u00a0ja pistelasku ovat koirakohtaisia (huomioitava, jos koiralla useampi ohjaaja).<\/p>\n<p>Tasapistetilanteessa koiran koko vuoden starttien nollaprosentti m\u00e4\u00e4ritt\u00e4\u00e4 sijoituksen.<\/p>\n<p><strong>Pisteit\u00e4 kertyy seuraavasti:<\/strong><\/p>\n\n<table id=\"tablepress-1\" class=\"tablepress tablepress-id-1\">\n<thead>\n<tr class=\"row-1 odd\">\n\t<th class=\"column-1\">Tulospisteet:<\/th><th class=\"column-2\">I- ja II-luokka<\/th><th class=\"column-3\">III-luokka<\/th><th class=\"column-4\">Sijoituspisteet:<\/th><th class=\"column-5\">I-luokka<\/th><th class=\"column-6\">II-luokka<\/th><th class=\"column-7\">III-luokka<\/th>\n<\/tr>\n<\/thead>\n<tbody class=\"row-hover\">\n<tr class=\"row-2 even\">\n\t<td class=\"column-1\">tulos<\/td><td class=\"column-2\">pisteet<\/td><td class=\"column-3\">pisteet<\/td><td class=\"column-4\">sijoitus<\/td><td class=\"column-5\">pisteet<\/td><td class=\"column-6\">pisteet<\/td><td class=\"column-7\">pisteet<\/td>\n<\/tr>\n<tr class=\"row-3 odd\">\n\t<td class=\"column-1\">0<\/td><td class=\"column-2\">8 p.<\/td><td class=\"column-3\">10 p.<\/td><td class=\"column-4\">1.<\/td><td class=\"column-5\">5 p.<\/td><td class=\"column-6\">7 p.<\/td><td class=\"column-7\">10 p.<\/td>\n<\/tr>\n<tr class=\"row-4 even\">\n\t<td class=\"column-1\">0,01-5<\/td><td class=\"column-2\">5 p.<\/td><td class=\"column-3\">6 p.<\/td><td class=\"column-4\">2.<\/td><td class=\"column-5\">4 p.<\/td><td class=\"column-6\">5 p.<\/td><td class=\"column-7\">8 p.<\/td>\n<\/tr>\n<tr class=\"row-5 odd\">\n\t<td class=\"column-1\">5,01-10<\/td><td class=\"column-2\">2 p.<\/td><td class=\"column-3\">3 p.<\/td><td class=\"column-4\">3.<\/td><td class=\"column-5\">3 p.<\/td><td class=\"column-6\">4 p.<\/td><td class=\"column-7\">6 p.<\/td>\n<\/tr>\n<tr class=\"row-6 even\">\n\t<td class=\"column-1\">yli 10<\/td><td class=\"column-2\">1 p.<\/td><td class=\"column-3\">1 p.<\/td><td class=\"column-4\">4.<\/td><td class=\"column-5\"><\/td><td class=\"column-6\"><\/td><td class=\"column-7\">5 p.<\/td>\n<\/tr>\n<tr class=\"row-7 odd\">\n\t<td class=\"column-1\"><\/td><td class=\"column-2\"><\/td><td class=\"column-3\"><\/td><td class=\"column-4\">5.<\/td><td class=\"column-5\"><\/td><td class=\"column-6\"><\/td><td class=\"column-7\">4 p.<\/td>\n<\/tr>\n<tr class=\"row-8 even\">\n\t<td class=\"column-1\"><\/td><td class=\"column-2\"><\/td><td class=\"column-3\"><\/td><td class=\"column-4\"><\/td><td class=\"column-5\"><\/td><td class=\"column-6\"><\/td><td class=\"column-7\"><\/td>\n<\/tr>\n<tr class=\"row-9 odd\">\n\t<td class=\"column-1\"><strong>Nollatuloksissa k\u00e4ytet\u00e4\u00e4n kerrointa seuraavanlaisesti:<\/strong><\/td><td class=\"column-2\"><\/td><td class=\"column-3\"><\/td><td class=\"column-4\"><\/td><td class=\"column-5\"><\/td><td class=\"column-6\"><\/td><td class=\"column-7\"><\/td>\n<\/tr>\n<tr class=\"row-10 even\">\n\t<td class=\"column-1\">Osallistujam\u00e4\u00e4r\u00e4<\/td><td class=\"column-2\">1-24<\/td><td class=\"column-3\">25-44<\/td><td class=\"column-4\">45-64<\/td><td class=\"column-5\">65-84<\/td><td class=\"column-6\">85-100<\/td><td class=\"column-7\">yli 100<\/td>\n<\/tr>\n<tr class=\"row-11 odd\">\n\t<td class=\"column-1\">Kerroin<\/td><td class=\"column-2\">1<\/td><td class=\"column-3\">1,25<\/td><td class=\"column-4\">1,5<\/td><td class=\"column-5\">1,75<\/td><td class=\"column-6\">2<\/td><td class=\"column-7\">2,25<\/td>\n<\/tr>\n<tr class=\"row-12 even\">\n\t<td class=\"column-1\">Sijoitus<\/td><td class=\"column-2\"><\/td><td class=\"column-3\">max. 3<\/td><td class=\"column-4\">max. 4<\/td><td class=\"column-5\">max. 4<\/td><td class=\"column-6\">max. 5<\/td><td class=\"column-7\">max. 5<\/td>\n<\/tr>\n<tr class=\"row-13 odd\">\n\t<td class=\"column-1\"><strong>T\u00e4ss\u00e4 valmis pistetaulukko, jos itse ei halua kertoimia laskea. (VAIN NOLLATULOKSET)<\/strong><\/td><td class=\"column-2\"><\/td><td class=\"column-3\"><\/td><td class=\"column-4\"><\/td><td class=\"column-5\"><\/td><td class=\"column-6\"><\/td><td class=\"column-7\"><\/td>\n<\/tr>\n<tr class=\"row-14 even\">\n\t<td class=\"column-1\">Osallistujam\u00e4\u00e4r\u00e4<\/td><td class=\"column-2\">1-24<\/td><td class=\"column-3\">25-44<\/td><td class=\"column-4\">45-64<\/td><td class=\"column-5\">65-84<\/td><td class=\"column-6\">85-100<\/td><td class=\"column-7\">yli 100<\/td>\n<\/tr>\n<tr class=\"row-15 odd\">\n\t<td class=\"column-1\">Luokka<\/td><td class=\"column-2\">1.lk \/ 2.lk \/ 3.lk<\/td><td class=\"column-3\">1.lk \/ 2.lk \/ 3.lk<\/td><td class=\"column-4\">3.lk<\/td><td class=\"column-5\">3.lk<\/td><td class=\"column-6\">3.lk<\/td><td class=\"column-7\">3.lk<\/td>\n<\/tr>\n<tr class=\"row-16 even\">\n\t<td class=\"column-1\">Sijoitus<br \/>\n1.<\/td><td class=\"column-2\">13 \/ 15 \/ 20<\/td><td class=\"column-3\">16,25 \/ 18,75 \/ 25<\/td><td class=\"column-4\">30<\/td><td class=\"column-5\">35<\/td><td class=\"column-6\">40<\/td><td class=\"column-7\">50<\/td>\n<\/tr>\n<tr class=\"row-17 odd\">\n\t<td class=\"column-1\">2.<\/td><td class=\"column-2\">12 \/ 13 \/ 18<\/td><td class=\"column-3\">15 \/ 16,25 \/ 22,5<\/td><td class=\"column-4\">27<\/td><td class=\"column-5\">31,5<\/td><td class=\"column-6\">36<\/td><td class=\"column-7\">45<\/td>\n<\/tr>\n<tr class=\"row-18 even\">\n\t<td class=\"column-1\">3.<\/td><td class=\"column-2\">11 \/ 12 \/ 16<\/td><td class=\"column-3\">13,75\u00a0\/ 15 \/\u00a020<\/td><td class=\"column-4\">24<\/td><td class=\"column-5\">28<\/td><td class=\"column-6\">32<\/td><td class=\"column-7\">40<\/td>\n<\/tr>\n<tr class=\"row-19 odd\">\n\t<td class=\"column-1\">4.<\/td><td class=\"column-2\">8 \/ 8 \/ 15<\/td><td class=\"column-3\">8 \/\u00a08 \/ 15<\/td><td class=\"column-4\">22,5<\/td><td class=\"column-5\">26,25<\/td><td class=\"column-6\">30<\/td><td class=\"column-7\">37,5<\/td>\n<\/tr>\n<tr class=\"row-20 even\">\n\t<td class=\"column-1\">5.<\/td><td class=\"column-2\">8 \/ 8 \/ 14<\/td><td class=\"column-3\">8 \/ 8 \/ 14<\/td><td class=\"column-4\">14<\/td><td class=\"column-5\">14<\/td><td class=\"column-6\">28<\/td><td class=\"column-7\">35<\/td>\n<\/tr>\n<tr class=\"row-21 odd\">\n\t<td class=\"column-1\"><\/td><td class=\"column-2\"><\/td><td class=\"column-3\"><\/td><td class=\"column-4\"><\/td><td class=\"column-5\"><\/td><td class=\"column-6\"><\/td><td class=\"column-7\"><\/td>\n<\/tr>\n<tr class=\"row-22 even\">\n\t<td class=\"column-1\"><strong>Pisteit\u00e4 kertyy lis\u00e4ksi arvokilpailusijoituksista seuraavasti:<\/strong><\/td><td class=\"column-2\"><\/td><td class=\"column-3\"><\/td><td class=\"column-4\"><\/td><td class=\"column-5\"><\/td><td class=\"column-6\"><\/td><td class=\"column-7\"><\/td>\n<\/tr>\n<tr class=\"row-23 odd\">\n\t<td class=\"column-1\"><strong>Rotumestaruuskisat (jos j\u00e4rjestet\u00e4\u00e4n):<\/strong><\/td><td class=\"column-2\"><\/td><td class=\"column-3\"><\/td><td class=\"column-4\"><\/td><td class=\"column-5\"><\/td><td class=\"column-6\"><\/td><td class=\"column-7\"><\/td>\n<\/tr>\n<tr class=\"row-24 even\">\n\t<td class=\"column-1\">1.<\/td><td class=\"column-2\">30 p.<\/td><td class=\"column-3\"><\/td><td class=\"column-4\"><\/td><td class=\"column-5\"><\/td><td class=\"column-6\"><\/td><td class=\"column-7\"><\/td>\n<\/tr>\n<tr class=\"row-25 odd\">\n\t<td class=\"column-1\">2. <\/td><td class=\"column-2\">20 p.<\/td><td class=\"column-3\"><\/td><td class=\"column-4\"><\/td><td class=\"column-5\"><\/td><td class=\"column-6\"><\/td><td class=\"column-7\"><\/td>\n<\/tr>\n<tr class=\"row-26 even\">\n\t<td class=\"column-1\">3. <\/td><td class=\"column-2\">10 p.<\/td><td class=\"column-3\"><\/td><td class=\"column-4\"><\/td><td class=\"column-5\"><\/td><td class=\"column-6\"><\/td><td class=\"column-7\"><\/td>\n<\/tr>\n<tr class=\"row-27 odd\">\n\t<td class=\"column-1\"><\/td><td class=\"column-2\"><\/td><td class=\"column-3\"><\/td><td class=\"column-4\"><\/td><td class=\"column-5\"><\/td><td class=\"column-6\"><\/td><td class=\"column-7\"><\/td>\n<\/tr>\n<tr class=\"row-28 even\">\n\t<td class=\"column-1\"><strong>Osallistuminen kotimaisiin arvokisoihin (yksil\u00f6kisat):<\/strong><\/td><td class=\"column-2\"><\/td><td class=\"column-3\"><\/td><td class=\"column-4\"><\/td><td class=\"column-5\"><\/td><td class=\"column-6\"><\/td><td class=\"column-7\"><\/td>\n<\/tr>\n<tr class=\"row-29 odd\">\n\t<td class=\"column-1\">Piirinmestaruudet<\/td><td class=\"column-2\">3 p.<\/td><td class=\"column-3\"><\/td><td class=\"column-4\"><\/td><td class=\"column-5\"><\/td><td class=\"column-6\"><\/td><td class=\"column-7\"><\/td>\n<\/tr>\n<tr class=\"row-30 even\">\n\t<td class=\"column-1\">EO-karsinnat<\/td><td class=\"column-2\">5 p.<\/td><td class=\"column-3\"><\/td><td class=\"column-4\"><\/td><td class=\"column-5\"><\/td><td class=\"column-6\"><\/td><td class=\"column-7\"><\/td>\n<\/tr>\n<tr class=\"row-31 odd\">\n\t<td class=\"column-1\">MM-karsinnat<\/td><td class=\"column-2\">5 p.<\/td><td class=\"column-3\"><\/td><td class=\"column-4\"><\/td><td class=\"column-5\"><\/td><td class=\"column-6\"><\/td><td class=\"column-7\"><\/td>\n<\/tr>\n<tr class=\"row-32 even\">\n\t<td class=\"column-1\">SM-kisat<\/td><td class=\"column-2\">5 p.<\/td><td class=\"column-3\"><\/td><td class=\"column-4\"><\/td><td class=\"column-5\"><\/td><td class=\"column-6\"><\/td><td class=\"column-7\"><\/td>\n<\/tr>\n<tr class=\"row-33 odd\">\n\t<td class=\"column-1\">Vastaanotettu paikka ulkomaisiin arvokisoihin.<\/td><td class=\"column-2\">50 p.<\/td><td class=\"column-3\"><\/td><td class=\"column-4\"><\/td><td class=\"column-5\"><\/td><td class=\"column-6\"><\/td><td class=\"column-7\"><\/td>\n<\/tr>\n<tr class=\"row-34 even\">\n\t<td class=\"column-1\"><\/td><td class=\"column-2\"><\/td><td class=\"column-3\"><\/td><td class=\"column-4\"><\/td><td class=\"column-5\"><\/td><td class=\"column-6\"><\/td><td class=\"column-7\"><\/td>\n<\/tr>\n<tr class=\"row-35 odd\">\n\t<td class=\"column-1\"><strong>Kennelpiirin mestaruus<\/strong><\/td><td class=\"column-2\"><\/td><td class=\"column-3\"><\/td><td class=\"column-4\"><strong>Suomen mestaruus (hallikisa mukaan lukien)<\/strong><\/td><td class=\"column-5\"><\/td><td class=\"column-6\"><\/td><td class=\"column-7\"><\/td>\n<\/tr>\n<tr class=\"row-36 even\">\n\t<td class=\"column-1\">PM 1<\/td><td class=\"column-2\">20 p.<\/td><td class=\"column-3\"><\/td><td class=\"column-4\">SM 1 <\/td><td class=\"column-5\">40 p.<\/td><td class=\"column-6\"><\/td><td class=\"column-7\"><\/td>\n<\/tr>\n<tr class=\"row-37 odd\">\n\t<td class=\"column-1\">PM 2<\/td><td class=\"column-2\">15 p.<\/td><td class=\"column-3\"><\/td><td class=\"column-4\">SM 2<\/td><td class=\"column-5\">30 p.<\/td><td class=\"column-6\"><\/td><td class=\"column-7\"><\/td>\n<\/tr>\n<tr class=\"row-38 even\">\n\t<td class=\"column-1\">PM 3<\/td><td class=\"column-2\">10 p.<\/td><td class=\"column-3\"><\/td><td class=\"column-4\">SM 3<\/td><td class=\"column-5\">20 p.<\/td><td class=\"column-6\"><\/td><td class=\"column-7\"><\/td>\n<\/tr>\n<tr class=\"row-39 odd\">\n\t<td class=\"column-1\">PM 4<\/td><td class=\"column-2\">6 p.<\/td><td class=\"column-3\"><\/td><td class=\"column-4\">SM 4<\/td><td class=\"column-5\">15 p.<\/td><td class=\"column-6\"><\/td><td class=\"column-7\"><\/td>\n<\/tr>\n<tr class=\"row-40 even\">\n\t<td class=\"column-1\">PM 5<\/td><td class=\"column-2\">4 p.<\/td><td class=\"column-3\"><\/td><td class=\"column-4\">SM 5<\/td><td class=\"column-5\">14 p.<\/td><td class=\"column-6\"><\/td><td class=\"column-7\"><\/td>\n<\/tr>\n<tr class=\"row-41 odd\">\n\t<td class=\"column-1\"><\/td><td class=\"column-2\"><\/td><td class=\"column-3\"><\/td><td class=\"column-4\">SM 6<\/td><td class=\"column-5\">13 p.<\/td><td class=\"column-6\"><\/td><td class=\"column-7\"><\/td>\n<\/tr>\n<tr class=\"row-42 even\">\n\t<td class=\"column-1\"><strong>SEN-, JUN- ja PARA-SM<\/strong><\/td><td class=\"column-2\"><\/td><td class=\"column-3\"><\/td><td class=\"column-4\">SM 7<\/td><td class=\"column-5\">12 p.<\/td><td class=\"column-6\"><\/td><td class=\"column-7\"><\/td>\n<\/tr>\n<tr class=\"row-43 odd\">\n\t<td class=\"column-1\">SM 1<\/td><td class=\"column-2\">30 p.<\/td><td class=\"column-3\"><\/td><td class=\"column-4\">SM 8<\/td><td class=\"column-5\">11 p.<\/td><td class=\"column-6\"><\/td><td class=\"column-7\"><\/td>\n<\/tr>\n<tr class=\"row-44 even\">\n\t<td class=\"column-1\">SM 2<\/td><td class=\"column-2\">20 p.<\/td><td class=\"column-3\"><\/td><td class=\"column-4\">SM 9<\/td><td class=\"column-5\">10 p.<\/td><td class=\"column-6\"><\/td><td class=\"column-7\"><\/td>\n<\/tr>\n<tr class=\"row-45 odd\">\n\t<td class=\"column-1\">SM 3<\/td><td class=\"column-2\">10 p.<\/td><td class=\"column-3\"><\/td><td class=\"column-4\">SM 10<\/td><td class=\"column-5\">9 p.<\/td><td class=\"column-6\"><\/td><td class=\"column-7\"><\/td>\n<\/tr>\n<tr class=\"row-46 even\">\n\t<td class=\"column-1\"><\/td><td class=\"column-2\"><\/td><td class=\"column-3\"><\/td><td class=\"column-4\"><\/td><td class=\"column-5\"><\/td><td class=\"column-6\"><\/td><td class=\"column-7\"><\/td>\n<\/tr>\n<tr class=\"row-47 odd\">\n\t<td class=\"column-1\"><\/td><td class=\"column-2\"><\/td><td class=\"column-3\"><\/td><td class=\"column-4\"><\/td><td class=\"column-5\"><\/td><td class=\"column-6\"><\/td><td class=\"column-7\"><\/td>\n<\/tr>\n<tr class=\"row-48 even\">\n\t<td class=\"column-1\"><strong>EO-karsinnat (kisakohtainen)<\/strong><\/td><td class=\"column-2\"><\/td><td class=\"column-3\"><\/td><td class=\"column-4\"><strong>MM-karsinnat<\/strong><\/td><td class=\"column-5\"><\/td><td class=\"column-6\"><\/td><td class=\"column-7\"><\/td>\n<\/tr>\n<tr class=\"row-49 odd\">\n\t<td class=\"column-1\">Sijoitus<\/td><td class=\"column-2\">Pisteet<\/td><td class=\"column-3\"><\/td><td class=\"column-4\">Sijoitus<\/td><td class=\"column-5\">Pisteet<\/td><td class=\"column-6\"><\/td><td class=\"column-7\"><\/td>\n<\/tr>\n<tr class=\"row-50 even\">\n\t<td class=\"column-1\">1.<\/td><td class=\"column-2\">30 p.<\/td><td class=\"column-3\"><\/td><td class=\"column-4\">1.<\/td><td class=\"column-5\">50 p.<\/td><td class=\"column-6\"><\/td><td class=\"column-7\"><\/td>\n<\/tr>\n<tr class=\"row-51 odd\">\n\t<td class=\"column-1\">2.<\/td><td class=\"column-2\">25 p.<\/td><td class=\"column-3\"><\/td><td class=\"column-4\">2.<\/td><td class=\"column-5\">40 p.<\/td><td class=\"column-6\"><\/td><td class=\"column-7\"><\/td>\n<\/tr>\n<tr class=\"row-52 even\">\n\t<td class=\"column-1\">3.<\/td><td class=\"column-2\">20 p.<\/td><td class=\"column-3\"><\/td><td class=\"column-4\">3.<\/td><td class=\"column-5\">30 p.<\/td><td class=\"column-6\"><\/td><td class=\"column-7\"><\/td>\n<\/tr>\n<tr class=\"row-53 odd\">\n\t<td class=\"column-1\">4.<\/td><td class=\"column-2\">15 p.<\/td><td class=\"column-3\"><\/td><td class=\"column-4\">4.<\/td><td class=\"column-5\">20 p.<\/td><td class=\"column-6\"><\/td><td class=\"column-7\"><\/td>\n<\/tr>\n<tr class=\"row-54 even\">\n\t<td class=\"column-1\">5. <\/td><td class=\"column-2\">10 p.<\/td><td class=\"column-3\"><\/td><td class=\"column-4\">5.<\/td><td class=\"column-5\">18 p.<\/td><td class=\"column-6\"><\/td><td class=\"column-7\"><\/td>\n<\/tr>\n<tr class=\"row-55 odd\">\n\t<td class=\"column-1\"><\/td><td class=\"column-2\"><\/td><td class=\"column-3\"><\/td><td class=\"column-4\">6.<\/td><td class=\"column-5\">17 p.<\/td><td class=\"column-6\"><\/td><td class=\"column-7\"><\/td>\n<\/tr>\n<tr class=\"row-56 even\">\n\t<td class=\"column-1\"><\/td><td class=\"column-2\"><\/td><td class=\"column-3\"><\/td><td class=\"column-4\">7.<\/td><td class=\"column-5\">16 p.<\/td><td class=\"column-6\"><\/td><td class=\"column-7\"><\/td>\n<\/tr>\n<tr class=\"row-57 odd\">\n\t<td class=\"column-1\"><\/td><td class=\"column-2\"><\/td><td class=\"column-3\"><\/td><td class=\"column-4\">8.<\/td><td class=\"column-5\">15 p.<\/td><td class=\"column-6\"><\/td><td class=\"column-7\"><\/td>\n<\/tr>\n<tr class=\"row-58 even\">\n\t<td class=\"column-1\"><\/td><td class=\"column-2\"><\/td><td class=\"column-3\"><\/td><td class=\"column-4\">9.<\/td><td class=\"column-5\">14 p.<\/td><td class=\"column-6\"><\/td><td class=\"column-7\"><\/td>\n<\/tr>\n<tr class=\"row-59 odd\">\n\t<td class=\"column-1\"><\/td><td class=\"column-2\"><\/td><td class=\"column-3\"><\/td><td class=\"column-4\">10.<\/td><td class=\"column-5\">13 p.<\/td><td class=\"column-6\"><\/td><td class=\"column-7\"><\/td>\n<\/tr>\n<tr class=\"row-60 even\">\n\t<td class=\"column-1\"><\/td><td class=\"column-2\"><\/td><td class=\"column-3\"><\/td><td class=\"column-4\"><\/td><td class=\"column-5\"><\/td><td class=\"column-6\"><\/td><td class=\"column-7\"><\/td>\n<\/tr>\n<tr class=\"row-61 odd\">\n\t<td class=\"column-1\"><strong>Sijoitukset Pohjoismaiden-, Euroopan- ja maailmanmestaruuskisoissa<\/strong><\/td><td class=\"column-2\"><\/td><td class=\"column-3\"><\/td><td class=\"column-4\"><\/td><td class=\"column-5\"><\/td><td class=\"column-6\"><\/td><td class=\"column-7\"><\/td>\n<\/tr>\n<tr class=\"row-62 even\">\n\t<td class=\"column-1\">Sijoitus:<\/td><td class=\"column-2\">Pisteet:<\/td><td class=\"column-3\"><\/td><td class=\"column-4\"><\/td><td class=\"column-5\"><\/td><td class=\"column-6\"><\/td><td class=\"column-7\"><\/td>\n<\/tr>\n<tr class=\"row-63 odd\">\n\t<td class=\"column-1\">1.<\/td><td class=\"column-2\">100 p.<\/td><td class=\"column-3\"><\/td><td class=\"column-4\"><\/td><td class=\"column-5\"><\/td><td class=\"column-6\"><\/td><td class=\"column-7\"><\/td>\n<\/tr>\n<tr class=\"row-64 even\">\n\t<td class=\"column-1\">2.<\/td><td class=\"column-2\">80 p.<\/td><td class=\"column-3\"><\/td><td class=\"column-4\"><\/td><td class=\"column-5\"><\/td><td class=\"column-6\"><\/td><td class=\"column-7\"><\/td>\n<\/tr>\n<tr class=\"row-65 odd\">\n\t<td class=\"column-1\">3.<\/td><td class=\"column-2\">60 p.<\/td><td class=\"column-3\"><\/td><td class=\"column-4\"><\/td><td class=\"column-5\"><\/td><td class=\"column-6\"><\/td><td class=\"column-7\"><\/td>\n<\/tr>\n<tr class=\"row-66 even\">\n\t<td class=\"column-1\">4.<\/td><td class=\"column-2\">50 p.<\/td><td class=\"column-3\"><\/td><td class=\"column-4\"><\/td><td class=\"column-5\"><\/td><td class=\"column-6\"><\/td><td class=\"column-7\"><\/td>\n<\/tr>\n<tr class=\"row-67 odd\">\n\t<td class=\"column-1\">5.<\/td><td class=\"column-2\">45 p.<\/td><td class=\"column-3\"><\/td><td class=\"column-4\"><\/td><td class=\"column-5\"><\/td><td class=\"column-6\"><\/td><td class=\"column-7\"><\/td>\n<\/tr>\n<tr class=\"row-68 even\">\n\t<td class=\"column-1\">6.<\/td><td class=\"column-2\">40 p.<\/td><td class=\"column-3\"><\/td><td class=\"column-4\"><\/td><td class=\"column-5\"><\/td><td class=\"column-6\"><\/td><td class=\"column-7\"><\/td>\n<\/tr>\n<tr class=\"row-69 odd\">\n\t<td class=\"column-1\">7.<\/td><td class=\"column-2\">35 p.<\/td><td class=\"column-3\"><\/td><td class=\"column-4\"><\/td><td class=\"column-5\"><\/td><td class=\"column-6\"><\/td><td class=\"column-7\"><\/td>\n<\/tr>\n<tr class=\"row-70 even\">\n\t<td class=\"column-1\">8.<\/td><td class=\"column-2\">30 p.<\/td><td class=\"column-3\"><\/td><td class=\"column-4\"><\/td><td class=\"column-5\"><\/td><td class=\"column-6\"><\/td><td class=\"column-7\"><\/td>\n<\/tr>\n<tr class=\"row-71 odd\">\n\t<td class=\"column-1\">9.<\/td><td class=\"column-2\">25 p.<\/td><td class=\"column-3\"><\/td><td class=\"column-4\"><\/td><td class=\"column-5\"><\/td><td class=\"column-6\"><\/td><td class=\"column-7\"><\/td>\n<\/tr>\n<tr class=\"row-72 even\">\n\t<td class=\"column-1\">10.<\/td><td class=\"column-2\">20 p.<\/td><td class=\"column-3\"><\/td><td class=\"column-4\"><\/td><td class=\"column-5\"><\/td><td class=\"column-6\"><\/td><td class=\"column-7\"><\/td>\n<\/tr>\n<\/tbody>\n<\/table>\n<!-- #tablepress-1 from cache -->\n","protected":false},"excerpt":{"rendered":"<p>Vuoden agilitytulokas \u2013 kilpailun s\u00e4\u00e4nn\u00f6t Palkintoa voi hakea manchesterinterrieri, joka kuluneen kalenterivuoden aikana on ensimm\u00e4ist\u00e4 kertaa osallistunut virallisiin agilitykilpailuihin. Vuoden agilitytulokas -kilpailun kiertopalkinto Rockstyle\u2019s Cup. Pisteet Pisteiden laskentaa varten tulee tulostenlaskijalle l\u00e4hett\u00e4\u00e4 kuvakaappaus SAGIn tulossivusta ja\/tai kopio kisakirjasta. Pisteet l\u00e4hetet\u00e4\u00e4n &hellip; <a href=\"https:\/\/www.manssi.net\/wordpress\/kilpailut\/vuoden-agilitytulokas\/\">Lue loppuun <span class=\"meta-nav\">&rarr;<\/span><\/a><\/p>\n","protected":false},"author":9,"featured_media":0,"parent":953,"menu_order":0,"comment_status":"closed","ping_status":"closed","template":"","meta":[],"_links":{"self":[{"href":"https:\/\/www.manssi.net\/wordpress\/wp-json\/wp\/v2\/pages\/1685"}],"collection":[{"href":"https:\/\/www.manssi.net\/wordpress\/wp-json\/wp\/v2\/pages"}],"about":[{"href":"https:\/\/www.manssi.net\/wordpress\/wp-json\/wp\/v2\/types\/page"}],"author":[{"embeddable":true,"href":"https:\/\/www.manssi.net\/wordpress\/wp-json\/wp\/v2\/users\/9"}],"replies":[{"embeddable":true,"href":"https:\/\/www.manssi.net\/wordpress\/wp-json\/wp\/v2\/comments?post=1685"}],"version-history":[{"count":12,"href":"https:\/\/www.manssi.net\/wordpress\/wp-json\/wp\/v2\/pages\/1685\/revisions"}],"predecessor-version":[{"id":3396,"href":"https:\/\/www.manssi.net\/wordpress\/wp-json\/wp\/v2\/pages\/1685\/revisions\/3396"}],"up":[{"embeddable":true,"href":"https:\/\/www.manssi.net\/wordpress\/wp-json\/wp\/v2\/pages\/953"}],"wp:attachment":[{"href":"https:\/\/www.manssi.net\/wordpress\/wp-json\/wp\/v2\/media?parent=1685"}],"curies":[{"name":"wp","href":"https:\/\/api.w.org\/{rel}","templated":true}]}}