{"id":2068,"date":"2017-03-26T19:02:05","date_gmt":"2017-03-26T16:02:05","guid":{"rendered":"http:\/\/www.manssi.net\/?page_id=2068"},"modified":"2021-05-16T10:42:34","modified_gmt":"2021-05-16T07:42:34","slug":"jasenmaksu","status":"publish","type":"page","link":"https:\/\/www.manssi.net\/wordpress\/jasenmaksu\/","title":{"rendered":"Kasvattajamaksu ja -etuudet"},"content":{"rendered":"<p><strong>Kasvattajamaksu<br \/>\n<\/strong>Kasvattajamaksu p\u00e4\u00e4tettiin ottaa k\u00e4ytt\u00f6\u00f6n yhdistyksen kev\u00e4tkokouksessa 2016. Yhdistyksen kasvattajalistalla olevat kasvattajat ovat sitoutuneet noudattamaan yhdistyksen asettamia s\u00e4\u00e4nt\u00f6j\u00e4 ja tekev\u00e4t yhteisty\u00f6t\u00e4 yhdistyksen kanssa. Kasvattajat hyv\u00e4ksyt\u00e4\u00e4n listalle seuraavin perustein: kasvattaja on Suomen Manchesterinterrierit ry:n j\u00e4sen, kasvattaja on allekirjoittanut Suomen Kennelliiton uuden kasvattajasitoumuksen, kasvattajalla on FCI:n my\u00f6nt\u00e4m\u00e4 kennelnimi (sis. hyv\u00e4ksytyn kasvattajan peruskurssin) eik\u00e4 Kennelliitto ole asettanut kasvattajalle kurinpitorangaistuksia tai kasvattajalla ei ole muita tuomioita el\u00e4intenpitoa koskien.<\/p>\n<p>Seuraavassa muistutus, kuinka kasvattajamaksu toimii.<\/p>\n<p>Kasvattaja voi halutessaan maksaa yhdistyksen vuosittaisen j\u00e4senmaksun <strong>lis\u00e4ksi<\/strong> kasvattajamaksun. Maksun summa on <strong>2<\/strong><b>0 \u20ac \/ vuosi<\/b>. Jos kasvattaja on lis\u00e4nnyt edelt\u00e4v\u00e4n\u00e4 vuonna\/edelt\u00e4vin\u00e4 vuosina yhdistyksen j\u00e4seniksi kasvattij\u00e4seni\u00e4, h\u00e4nelle t\u00e4ten hyvitet\u00e4\u00e4n osittain tai kokonaan vuosittainen kasvattajamaksu. Hyvityksen suuruus riippuu siit\u00e4, kuinka monta kasvattij\u00e4sent\u00e4 yhdistyksen j\u00e4seneksi on liitetty. Kasvattajamaksun hyvityksess\u00e4 huomioidaan nelj\u00e4n kasvattij\u00e4senen lis\u00e4ys\/pentue. Kasvattij\u00e4senien lis\u00e4yksest\u00e4 voi hy\u00f6ty\u00e4 aina kaksi seuraavaa vuotta. Esimerkkin\u00e4: jos vuonna 2018 kasvattaja lis\u00e4\u00e4 yhdistyksen j\u00e4seneksi nelj\u00e4 kasvattij\u00e4sent\u00e4, voi h\u00e4n hy\u00f6ty\u00e4 t\u00e4st\u00e4 vuoden 2019 ja vuoden 2020 kasvattajamaksun kohdalla. 1 kasvattij\u00e4sen = 10 \u20ac eli kahden kasvattij\u00e4senen lis\u00e4ys hyvitt\u00e4\u00e4 yhden vuoden kasvattajamaksun kokonaisuudessaan.<\/p>\n<p><b>Kasvattajamaksu oikeuttaa 1.3.2017 eteenp\u00e4in:<br \/>\n<\/b>&#8211; kasvattajatietojen n\u00e4kymiseen yhdistyksen verkkosivuilla www.manssi.net ja MANSSI-lehdess\u00e4<br \/>\n&#8211; pentueilmoitukseen pentup\u00f6rssiss\u00e4 s\u00e4\u00e4nt\u00f6jen mukaisesti<br \/>\n&#8211; kasvattij\u00e4senten liitt\u00e4minen yhdistyksen j\u00e4seniksi etuhintaan 10 \u20ac \/ vuosi. Kasvattaja voi lis\u00e4t\u00e4 j\u00e4senen etuhintaan\u00a0<strong>6 kk<\/strong>\u00a0sis\u00e4\u00e4n pentueen rekister\u00f6innist\u00e4. Jos kasvattaja lis\u00e4\u00e4 kasvatinomistajan yhdistyksen j\u00e4seneksi loka-joulukuussa, kattaa j\u00e4senmaksu my\u00f6s kasvatinomistajan seuraavan vuoden j\u00e4senyyden.<\/p>\n<p>Halutessasi kasvattajan etuudet, toimi n\u00e4in:<\/p>\n<p>1) L\u00e4het\u00e4 kasvattajatietosi j\u00e4senrekisterin yll\u00e4pit\u00e4j\u00e4lle.<br \/>\n2) Kasvattajamaksu on 20 \u20ac \/ vuosi. Maksa kasvattajamaksu yhdistyksen tilille k\u00e4ytt\u00e4m\u00e4ll\u00e4 viitenumeroa <strong>1038<\/strong>.<br \/>\nSaaja: Suomen Manchesterinterrierit ry<br \/>\nSaajan tilinumero: IBAN FI86 1367 3000 1014 19<br \/>\nBIC: NDEA FIHH<br \/>\nViitenro: <strong>1038<\/strong><\/p>\n<p>Tammikuussa 2021 yhdistyksen j\u00e4sensihteeri l\u00e4hett\u00e4\u00e4 kasvattajille maksuohjeen s\u00e4hk\u00f6postitse. Kasvattajatiedot poistetaan<b>, <\/b>mik\u00e4li maksua ei suoriteta er\u00e4p\u00e4iv\u00e4\u00e4n 15.2.2021 menness\u00e4<b>.<\/b> Tiedot saa j\u00e4lleen n\u00e4kyviin maksamalla kasvattajamaksun.<\/p>\n","protected":false},"excerpt":{"rendered":"<p>Kasvattajamaksu Kasvattajamaksu p\u00e4\u00e4tettiin ottaa k\u00e4ytt\u00f6\u00f6n yhdistyksen kev\u00e4tkokouksessa 2016. Yhdistyksen kasvattajalistalla olevat kasvattajat ovat sitoutuneet noudattamaan yhdistyksen asettamia s\u00e4\u00e4nt\u00f6j\u00e4 ja tekev\u00e4t yhteisty\u00f6t\u00e4 yhdistyksen kanssa. Kasvattajat hyv\u00e4ksyt\u00e4\u00e4n listalle seuraavin perustein: kasvattaja on Suomen Manchesterinterrierit ry:n j\u00e4sen, kasvattaja on allekirjoittanut Suomen Kennelliiton uuden &hellip; <a href=\"https:\/\/www.manssi.net\/wordpress\/jasenmaksu\/\">Lue loppuun <span class=\"meta-nav\">&rarr;<\/span><\/a><\/p>\n","protected":false},"author":1,"featured_media":0,"parent":0,"menu_order":0,"comment_status":"closed","ping_status":"closed","template":"","meta":[],"_links":{"self":[{"href":"https:\/\/www.manssi.net\/wordpress\/wp-json\/wp\/v2\/pages\/2068"}],"collection":[{"href":"https:\/\/www.manssi.net\/wordpress\/wp-json\/wp\/v2\/pages"}],"about":[{"href":"https:\/\/www.manssi.net\/wordpress\/wp-json\/wp\/v2\/types\/page"}],"author":[{"embeddable":true,"href":"https:\/\/www.manssi.net\/wordpress\/wp-json\/wp\/v2\/users\/1"}],"replies":[{"embeddable":true,"href":"https:\/\/www.manssi.net\/wordpress\/wp-json\/wp\/v2\/comments?post=2068"}],"version-history":[{"count":16,"href":"https:\/\/www.manssi.net\/wordpress\/wp-json\/wp\/v2\/pages\/2068\/revisions"}],"predecessor-version":[{"id":3346,"href":"https:\/\/www.manssi.net\/wordpress\/wp-json\/wp\/v2\/pages\/2068\/revisions\/3346"}],"wp:attachment":[{"href":"https:\/\/www.manssi.net\/wordpress\/wp-json\/wp\/v2\/media?parent=2068"}],"curies":[{"name":"wp","href":"https:\/\/api.w.org\/{rel}","templated":true}]}}