{"id":2153,"date":"2017-06-12T09:28:33","date_gmt":"2017-06-12T06:28:33","guid":{"rendered":"http:\/\/www.manssi.net\/?page_id=2153"},"modified":"2022-01-20T18:12:02","modified_gmt":"2022-01-20T15:12:02","slug":"pentuporssin-saannot","status":"publish","type":"page","link":"https:\/\/www.manssi.net\/wordpress\/pentuporssin-saannot\/","title":{"rendered":"Pentup\u00f6rssin s\u00e4\u00e4nn\u00f6t"},"content":{"rendered":"<p><strong>Suomen Manchesterinterrierit ry:n pentup\u00f6rssin s\u00e4\u00e4nn\u00f6t<\/strong><\/p>\n<ul>\n<li>Yhdistyksen hallitus nime\u00e4\u00e4 henkil\u00f6n, joka hoitaa rotuyhdistyksen pentuv\u00e4lityksen.<\/li>\n<li>Pentuv\u00e4litykseen otetaan v\u00e4litett\u00e4vi\u00e4 pentuja vain sellaiselta kasvattajalta, joka on Suomen Manchesterinterrierit ry:n j\u00e4sen ja maksanut yhdistyksen kasvattajamaksun.<\/li>\n<li>Pentuv\u00e4litys ilmoittaa manssista kiinnostuneille tiedot niiden kasvattajien pennuista, jotka t\u00e4ytt\u00e4v\u00e4t jalostusohjes\u00e4\u00e4nn\u00f6n laatuvaatimukset.<\/li>\n<li>Kasvattaja ilmoittaa pentueensa tiedot <a href=\"https:\/\/docs.google.com\/forms\/d\/e\/1FAIpQLScFWqpHFTnCGe4j0-eZkw47AZvyWebCdG5H4iA9JCJ2ygnXRA\/viewform?usp=sf_link\" target=\"_blank\" rel=\"noopener noreferrer\">nettilomakkeella<\/a> pentuv\u00e4litt\u00e4j\u00e4lle. Pentuesuunnitelman voi ilmoittaa kolme (3) kuukautta ennen mahdollista toteuttamista. Pentuesuunnitelman peruuntuessa asiasta tulee ilmoittaa pentuv\u00e4litt\u00e4j\u00e4lle. Suunnitelma poistetaan automaattisesti viiden (5) kuukauden kuluttua suunnitelman ilmoittamisesta, mik\u00e4li kasvattaja ei muuta ilmoita. Suunnitelmaa ilmoitettaessa pentup\u00f6rssin mukaisten v\u00e4himm\u00e4isvaatimusten EI tarvitse viel\u00e4 toteutua.<\/li>\n<li>Pentujen vanhempien on t\u00e4ytett\u00e4v\u00e4 jalostusnartuille ja -uroksille asetetut v\u00e4himm\u00e4isvaatimukset <em>astutushetkell\u00e4. <\/em>Pentueista ilmoitetaan rajatut yksityiskohdat.<\/li>\n<li>Syntyneiden pentueiden ilmoitus tulee poistaa heti, kun pennuilla on kodit. Ilmoitus poistetaan pentuyhteyshenkil\u00f6n toimesta 10 vkon kuluttua pentujen syntym\u00e4st\u00e4, jollei ilmoitusta ole p\u00e4ivitetty (p\u00e4ivityspv\u00e4m\u00e4\u00e4r\u00e4).<\/li>\n<li>Tarvittavat n\u00e4yttely- ja terveystulokset tulee n\u00e4ky\u00e4 jalostustietokannassa. Ulkomaisista dokumenteista l\u00e4hetet\u00e4\u00e4n kopio pentuv\u00e4litt\u00e4j\u00e4lle &#8211; my\u00f6s siin\u00e4 tapauksessa, jos kotimaisten koirien tulokset eiv\u00e4t n\u00e4y.<\/li>\n<li>Pentueen molempien vanhempien tulee olla astutushetkell\u00e4 v\u00e4hint\u00e4\u00e4n 20 kk:n ik\u00e4isi\u00e4.<\/li>\n<\/ul>\n<p><strong>Jalostukseen k\u00e4ytett\u00e4vien koirien v\u00e4himm\u00e4isvaatimukset:<\/strong><\/p>\n<ul>\n<li style=\"list-style-type: none;\">\n<ul>\n<li>Jalostukseen tulee k\u00e4ytt\u00e4\u00e4 vain rodunomaisia, rakenteeltaan k\u00e4ytt\u00f6tarkoitukseensa soveltuvia koiria.<\/li>\n<li>Siitokseen k\u00e4ytett\u00e4v\u00e4n koiran tulee olla fyysisesti ja psyykkisesti mahdollisimman terve.<\/li>\n<li>Koiralla tulee olla astutushetkell\u00e4 virallinen lausunto silm\u00e4- ja polvitarkastuksesta sek\u00e4 syd\u00e4nkuuntelusta. Virallinen silm\u00e4tarkastus tulee tehd\u00e4 ennen ensimm\u00e4ist\u00e4 astutusta ja uusia koiran t\u00e4ytetty\u00e4 viisi (5) vuotta. Alle 2- vuotiaana tehty silm\u00e4tarkastuslausunto on voimassa yhden vuoden.<\/li>\n<li>Polvitarkastusta tehdess\u00e4 on tutkimushetkell\u00e4 koiran oltava v\u00e4hint\u00e4\u00e4n 12kk:n ik\u00e4inen. Alle kolmevuotiaalle (3) koiralle tehty tutkimus on voimassa kaksi (2) vuotta lausuntop\u00e4iv\u00e4st\u00e4. Yli kolmevuotiaalle koiralle annettu lausunto on voimassa pysyv\u00e4sti.<\/li>\n<li>Polvituloksen ollessa 1\/1, koiralla tulee k\u00e4ytt\u00e4\u00e4 0\/0 tuloksen saanutta koiraa.<\/li>\n<li>Polvituloksen ollessa huonompi kuin 1\/1, koiraa ei pid\u00e4 k\u00e4ytt\u00e4\u00e4 jalostukseen.<\/li>\n<li>Yhdistys suosittelee ettei jalostukseen k\u00e4ytett\u00e4v\u00e4ll\u00e4 koiralla ole hammaspuutoksia. Mik\u00e4li on, tulee kyseisell\u00e4 koiralla k\u00e4ytt\u00e4\u00e4 t\u00e4yden hampaiston omaavaa koiraa.<\/li>\n<li>Silm\u00e4sairauksien raja- arvo: jos l\u00f6ytyy kipua tuottava tai aikaisin (esim.5-6 vuotiaana) sokeuttava silm\u00e4sairaus, ei koiraa pid\u00e4 k\u00e4ytt\u00e4\u00e4 jalostukseen.<\/li>\n<li>von Willebrand verenvuototaudin osalta yhdistelm\u00e4n tulee olla seuraavan kaavion mukainen, jolla estet\u00e4\u00e4n sairaiden pentujen syntyminen\n<ul>\n<li>terve &#8211; terve<\/li>\n<li>terve &#8211; kantaja<\/li>\n<li>terve &#8211; sairas<\/li>\n<li>terve &#8211; tuntematon<\/li>\n<\/ul>\n<\/li>\n<\/ul>\n<\/li>\n<\/ul>\n<ul>\n<li style=\"list-style-type: none;\">\n<ul>\n<li><strong style=\"color: #000000; font-style: normal;\">Syd\u00e4nkuuntelu<\/strong>\n<ul>\n<li>Koiralla on oltava virallinen syd\u00e4nkuuntelu. Jos syd\u00e4mest\u00e4 kuuluu sivu\u00e4\u00e4ni\u00e4, syd\u00e4n pit\u00e4\u00e4 tutkia ultra\u00e4\u00e4nell\u00e4. Jos ultra\u00e4\u00e4nitutkimuksessa ei l\u00f6ydy rakenteellista vikaa, niin siit\u00e4 tulee toimittaa ko. lausunto, jolloin koiraa voi pentup\u00f6rssin suositusten mukaisesti k\u00e4ytt\u00e4\u00e4 jalostukseen.<\/li>\n<li>Jos koiran syd\u00e4mest\u00e4 l\u00f6ytyy rakenteellista vikaa, silloin jalostuksen v\u00e4himm\u00e4isehdot eiv\u00e4t t\u00e4yty, eik\u00e4 pentuja voi ilmoittaa pentup\u00f6rssiin.<\/li>\n<\/ul>\n<\/li>\n<li>Muihin sairauksiin liittyen, jos koiralla todetaan sen el\u00e4m\u00e4n laatua heikent\u00e4v\u00e4 tai kuolemaan johtava sairaus, ei koiraa pid\u00e4 k\u00e4ytt\u00e4\u00e4 jalostukseen.<\/li>\n<li>Sairaan koiran mahdollisia j\u00e4lkel\u00e4isi\u00e4 voisi k\u00e4ytt\u00e4\u00e4 vain harkiten ja sukusiitosaste tulee olla 0 seitsem\u00e4n polven mukaan laskettuna.<\/li>\n<\/ul>\n<\/li>\n<\/ul>\n<ul>\n<li style=\"list-style-type: none;\">\n<ul>\n<li><strong style=\"color: #000000; font-style: normal;\">Ulkomuoto<\/strong>\n<ul>\n<li>Koiralla tulee olla yhdest\u00e4 virallisesta n\u00e4yttelyst\u00e4 v\u00e4hint\u00e4\u00e4n n\u00e4yttelytulos EH (eritt\u00e4in hyv\u00e4).<\/li>\n<\/ul>\n<\/li>\n<\/ul>\n<\/li>\n<\/ul>\n<ul>\n<li style=\"list-style-type: none;\">\n<ul>\n<li><strong style=\"color: #000000; font-style: normal;\">Ulkomaalainen koira<\/strong>\n<ul>\n<li>Mik\u00e4li jalostuksessa k\u00e4ytet\u00e4\u00e4n ulkomaalaista koiraa, suositellaan siihen samoja pentuv\u00e4lityksen v\u00e4himm\u00e4isvaatimuksia kuin suomalaista koiraa k\u00e4ytett\u00e4ess\u00e4.<\/li>\n<li>Mik\u00e4li astutus tapahtuu Suomessa, tulee koiralla olla tehtyn\u00e4 em.terveystutkimukset.<\/li>\n<\/ul>\n<\/li>\n<\/ul>\n<\/li>\n<\/ul>\n","protected":false},"excerpt":{"rendered":"<p>Suomen Manchesterinterrierit ry:n pentup\u00f6rssin s\u00e4\u00e4nn\u00f6t Yhdistyksen hallitus nime\u00e4\u00e4 henkil\u00f6n, joka hoitaa rotuyhdistyksen pentuv\u00e4lityksen. Pentuv\u00e4litykseen otetaan v\u00e4litett\u00e4vi\u00e4 pentuja vain sellaiselta kasvattajalta, joka on Suomen Manchesterinterrierit ry:n j\u00e4sen ja maksanut yhdistyksen kasvattajamaksun. Pentuv\u00e4litys ilmoittaa manssista kiinnostuneille tiedot niiden kasvattajien pennuista, jotka t\u00e4ytt\u00e4v\u00e4t &hellip; <a href=\"https:\/\/www.manssi.net\/wordpress\/pentuporssin-saannot\/\">Lue loppuun <span class=\"meta-nav\">&rarr;<\/span><\/a><\/p>\n","protected":false},"author":1,"featured_media":0,"parent":0,"menu_order":0,"comment_status":"closed","ping_status":"closed","template":"showcase.php","meta":[],"_links":{"self":[{"href":"https:\/\/www.manssi.net\/wordpress\/wp-json\/wp\/v2\/pages\/2153"}],"collection":[{"href":"https:\/\/www.manssi.net\/wordpress\/wp-json\/wp\/v2\/pages"}],"about":[{"href":"https:\/\/www.manssi.net\/wordpress\/wp-json\/wp\/v2\/types\/page"}],"author":[{"embeddable":true,"href":"https:\/\/www.manssi.net\/wordpress\/wp-json\/wp\/v2\/users\/1"}],"replies":[{"embeddable":true,"href":"https:\/\/www.manssi.net\/wordpress\/wp-json\/wp\/v2\/comments?post=2153"}],"version-history":[{"count":14,"href":"https:\/\/www.manssi.net\/wordpress\/wp-json\/wp\/v2\/pages\/2153\/revisions"}],"predecessor-version":[{"id":3428,"href":"https:\/\/www.manssi.net\/wordpress\/wp-json\/wp\/v2\/pages\/2153\/revisions\/3428"}],"wp:attachment":[{"href":"https:\/\/www.manssi.net\/wordpress\/wp-json\/wp\/v2\/media?parent=2153"}],"curies":[{"name":"wp","href":"https:\/\/api.w.org\/{rel}","templated":true}]}}