{"id":2334,"date":"2017-12-28T12:33:29","date_gmt":"2017-12-28T09:33:29","guid":{"rendered":"http:\/\/www.manssi.net\/?page_id=2334"},"modified":"2018-05-23T11:57:42","modified_gmt":"2018-05-23T08:57:42","slug":"tyypin-1-von-willebrand-testatut-manchesterinterrierit","status":"publish","type":"page","link":"https:\/\/www.manssi.net\/wordpress\/tyypin-1-von-willebrand-testatut-manchesterinterrierit\/","title":{"rendered":"Tyypin 1 von Willebrand- testatut manchesterinterrierit"},"content":{"rendered":"<p>Jos haluat oman manchesterinterrierisi vWD-testituloksen esiin alla olevaan listaan, l\u00e4het\u00e4th\u00e4n testituloksen s\u00e4hk\u00f6postitse osoitteeseen smt.jalostus@gmail.com.<\/p>\n<p><em><strong>Vapaa &#8211; Clear<br \/>\n<\/strong><\/em>Koiralla ei ole verenvuotoriski\u00e4, eik\u00e4 se periyt\u00e4 Tyypin 1 von Willebrandin tautia aiheuttavaa geenin muunnosta j\u00e4lkel\u00e4isilleen.<strong><\/strong><em><strong><br \/>\n<\/strong><\/em><\/p>\n\n<table id=\"tablepress-13\" class=\"tablepress tablepress-id-13\">\n<thead>\n<tr class=\"row-1 odd\">\n\t<th class=\"column-1\">Koiran nimi<\/th><th class=\"column-2\">Rekisterinumero<\/th><th class=\"column-3\">Tulos<\/th><th class=\"column-4\">Is\u00e4<\/th><th class=\"column-5\">Em\u00e4<\/th>\n<\/tr>\n<\/thead>\n<tbody class=\"row-hover\">\n<tr class=\"row-2 even\">\n\t<td class=\"column-1\">Ainiaan Vappuheila<\/td><td class=\"column-2\">FI28964\/18<\/td><td class=\"column-3\">vapaa \/ clear<\/td><td class=\"column-4\">Ruska-Ahon Kuka Muu Muka<\/td><td class=\"column-5\">Ruska-Ahon Kielletty Rakkaus<\/td>\n<\/tr>\n<tr class=\"row-3 odd\">\n\t<td class=\"column-1\">Alma Tobias <\/td><td class=\"column-2\">SF28433\/94 <\/td><td class=\"column-3\">vapaa \/ clear<\/td><td class=\"column-4\">Menfreya Master Mason<\/td><td class=\"column-5\">Eaglespur Damask Rose<\/td>\n<\/tr>\n<tr class=\"row-4 even\">\n\t<td class=\"column-1\">Arctic Heart's Sabrina<\/td><td class=\"column-2\">FI17935\/17<\/td><td class=\"column-3\">vapaa \/ clear<\/td><td class=\"column-4\">Dalylove My Name Is Marvel<\/td><td class=\"column-5\">Ruska-Ahon Oikea Missien Missi<\/td>\n<\/tr>\n<tr class=\"row-5 odd\">\n\t<td class=\"column-1\">Black Manter's Californian Girl Just For Me<\/td><td class=\"column-2\">FI20962\/17<\/td><td class=\"column-3\">vapaa \/ clear<\/td><td class=\"column-4\">Rattustrap Black Sheep<\/td><td class=\"column-5\">Cashlane's Bling Bling for Rattustrap<\/td>\n<\/tr>\n<tr class=\"row-6 even\">\n\t<td class=\"column-1\">Bonwild Arctic Soulmate<\/td><td class=\"column-2\">FIN25158\/04<\/td><td class=\"column-3\">vapaa \/ clear<\/td><td class=\"column-4\">Kimblewick Fireballoon<\/td><td class=\"column-5\">Kimlewick Bosom Friend<\/td>\n<\/tr>\n<tr class=\"row-7 odd\">\n\t<td class=\"column-1\">Bonwild Daredevil <\/td><td class=\"column-2\">FIN47850\/06 <\/td><td class=\"column-3\">vapaa \/ clear<\/td><td class=\"column-4\">Windypark Greenwith Envy<\/td><td class=\"column-5\">Hilmanter\u00b4s Indira<\/td>\n<\/tr>\n<tr class=\"row-8 even\">\n\t<td class=\"column-1\">Bonwild Devil's Eye<\/td><td class=\"column-2\">FIN47852\/06 <\/td><td class=\"column-3\">vapaa \/ clear<\/td><td class=\"column-4\">Windypark Greenwith Envy<\/td><td class=\"column-5\">Hilmanter\u00b4s Indira<\/td>\n<\/tr>\n<tr class=\"row-9 odd\">\n\t<td class=\"column-1\">Bonwild Just Think About It<\/td><td class=\"column-2\">FI43523\/16<\/td><td class=\"column-3\">vapaa \/ clear<\/td><td class=\"column-4\">Rainsongs Immigrant Song<\/td><td class=\"column-5\">Taxmania Enya<\/td>\n<\/tr>\n<tr class=\"row-10 even\">\n\t<td class=\"column-1\">Bonwild Too Hot To Handle<\/td><td class=\"column-2\">FI11487\/09<\/td><td class=\"column-3\">vapaa \/ clear<\/td><td class=\"column-4\">Rainsongs Immigrant Song<\/td><td class=\"column-5\">Hilmanter\u00b4s Indira<\/td>\n<\/tr>\n<tr class=\"row-11 odd\">\n\t<td class=\"column-1\">Caya Vom Trajan<\/td><td class=\"column-2\">FI19062\/18<\/td><td class=\"column-3\">vapaa \/ clear<\/td><td class=\"column-4\">Graf Poldy Vom Trajan<\/td><td class=\"column-5\">Nanja Christin Vom Trajan<\/td>\n<\/tr>\n<tr class=\"row-12 even\">\n\t<td class=\"column-1\">Celtic Circle\u00b4s Chaplin vs Stitch  <\/td><td class=\"column-2\">FI26381\/10  <\/td><td class=\"column-3\">vapaa \/ clear<\/td><td class=\"column-4\">Eaglespur King Cobra<\/td><td class=\"column-5\">Corduroy\u00b4s Even Sweeter<\/td>\n<\/tr>\n<tr class=\"row-13 odd\">\n\t<td class=\"column-1\">Chilli Of Your Life z Vejriho hn\u00edzda<\/td><td class=\"column-2\">FI22127\/22<\/td><td class=\"column-3\">vapaa \/ clear<\/td><td class=\"column-4\">X-Pected Dine Mites Why Not Finn<\/td><td class=\"column-5\">Dreams Come True Z Vej\u0159\u00edho Hn\u00edzda<\/td>\n<\/tr>\n<tr class=\"row-14 even\">\n\t<td class=\"column-1\">Dabljuu What A Magic <\/td><td class=\"column-2\">FIN24435\/98<\/td><td class=\"column-3\">vapaa \/ clear<\/td><td class=\"column-4\">Brenandi Starsearcher<\/td><td class=\"column-5\">Brenandi Star Of Magic<\/td>\n<\/tr>\n<tr class=\"row-15 odd\">\n\t<td class=\"column-1\">Dalylove Daisy Dolittle<\/td><td class=\"column-2\">FIN12483\/08<br \/>\nEST03672\/06<\/td><td class=\"column-3\">vapaa \/ clear<\/td><td class=\"column-4\">Hilmanter's Hillbilly<\/td><td class=\"column-5\">Mancunian Chickaree<\/td>\n<\/tr>\n<tr class=\"row-16 even\">\n\t<td class=\"column-1\">Dalylove Ideal Infinity<\/td><td class=\"column-2\">FI22690\/13<\/td><td class=\"column-3\">vapaa \/ clear<\/td><td class=\"column-4\">Fanatic\u00b4s Excellency<\/td><td class=\"column-5\">Dalylove Exclusive Essense<\/td>\n<\/tr>\n<tr class=\"row-17 odd\">\n\t<td class=\"column-1\">Dario Von Der Beckrather Muehle  <\/td><td class=\"column-2\">VDH\/KFT14\/261<\/td><td class=\"column-3\">vapaa \/ clear<\/td><td class=\"column-4\">Bellbrock Corduroy Quest\t<\/td><td class=\"column-5\">Dutchess Von Oranienstein<\/td>\n<\/tr>\n<tr class=\"row-18 even\">\n\t<td class=\"column-1\">Extra Black Metheora<\/td><td class=\"column-2\">FI45926\/14<\/td><td class=\"column-3\">vapaa \/ clear<\/td><td class=\"column-4\">Finlej Aluzja<\/td><td class=\"column-5\">Black Pearl vom Lavendelsteig<\/td>\n<\/tr>\n<tr class=\"row-19 odd\">\n\t<td class=\"column-1\">Fairymist Black Sparkler<\/td><td class=\"column-2\">FI13068\/20<\/td><td class=\"column-3\">vapaa \/ clear<\/td><td class=\"column-4\">X-Pected Dine Mites Get Over It<\/td><td class=\"column-5\">X-Pected Dine Mites Hermione<\/td>\n<\/tr>\n<tr class=\"row-20 even\">\n\t<td class=\"column-1\">Fanatic's Excellency <\/td><td class=\"column-2\">FIN17623\/06 <\/td><td class=\"column-3\">vapaa \/ clear<\/td><td class=\"column-4\">Exlibris Aluzja\t<\/td><td class=\"column-5\">Fanatic\u00b4s Zinnia<\/td>\n<\/tr>\n<tr class=\"row-21 odd\">\n\t<td class=\"column-1\">Goody Luru vom Trajan<\/td><td class=\"column-2\">FIN12425\/08<\/td><td class=\"column-3\">vapaa \/ clear<\/td><td class=\"column-4\">Brookstream Beamish<\/td><td class=\"column-5\">Fanatic's Ajala<\/td>\n<\/tr>\n<tr class=\"row-22 even\">\n\t<td class=\"column-1\">Hannula Renholms Flickan I Peru <\/td><td class=\"column-2\">FIN14391\/01 <\/td><td class=\"column-3\">vapaa \/ clear<\/td><td class=\"column-4\">Hilmanter\u00b4s Figaro<\/td><td class=\"column-5\">Hannula Renholm\u00b4s Majp\u00e5mal\u00f6<\/td>\n<\/tr>\n<tr class=\"row-23 odd\">\n\t<td class=\"column-1\">Hannula Renholms Min \u00c4lskling  <\/td><td class=\"column-2\">FIN14396\/01 <\/td><td class=\"column-3\">vapaa \/ clear<\/td><td class=\"column-4\">Hilmanter\u00b4s Figaro<\/td><td class=\"column-5\">Hannula Renholm\u00b4s Majp\u00e5mal\u00f6<\/td>\n<\/tr>\n<tr class=\"row-24 even\">\n\t<td class=\"column-1\">Hannula Renholms Rosa P\u00e5 Ball<\/td><td class=\"column-2\">FIN33399\/02 <\/td><td class=\"column-3\">vapaa \/ clear<\/td><td class=\"column-4\">Hilmanter\u00b4s Figaro<\/td><td class=\"column-5\">Hannula Renholm\u00b4s Majp\u00e5mal\u00f6<\/td>\n<\/tr>\n<tr class=\"row-25 odd\">\n\t<td class=\"column-1\">Hannula Renholms Sotarensantiago <\/td><td class=\"column-2\">FIN33398\/02 <\/td><td class=\"column-3\">vapaa \/ clear<\/td><td class=\"column-4\">Hilmanter\u00b4s Figaro<\/td><td class=\"column-5\">Hannula Renholm\u00b4s Majp\u00e5mal\u00f6<\/td>\n<\/tr>\n<tr class=\"row-26 even\">\n\t<td class=\"column-1\">Hannula Renholms Sven Bertil <\/td><td class=\"column-2\">FIN32343\/03 <\/td><td class=\"column-3\">vapaa \/ clear<\/td><td class=\"column-4\">Hannula Renholms F\u00e4nrikrosenstr\u00f6 <\/td><td class=\"column-5\">Eaglespur Madame Butterfly<\/td>\n<\/tr>\n<tr class=\"row-27 odd\">\n\t<td class=\"column-1\">Hannula Renholms Vidalita <\/td><td class=\"column-2\">FIN31185\/06 <\/td><td class=\"column-3\">vapaa \/ clear<\/td><td class=\"column-4\">Bonwild Arctic Soulmate<\/td><td class=\"column-5\">Hannula Renholms Fragancia<\/td>\n<\/tr>\n<tr class=\"row-28 even\">\n\t<td class=\"column-1\">Hilmanter\u00b4s Hillbilly <\/td><td class=\"column-2\">FIN20563\/02 <\/td><td class=\"column-3\">vapaa \/ clear<\/td><td class=\"column-4\">Hannula Renholms Gustav Blom<\/td><td class=\"column-5\">Hilmanter\u00b4s Greta Garbo<\/td>\n<\/tr>\n<tr class=\"row-29 odd\">\n\t<td class=\"column-1\">Hilmanter's Figaro <\/td><td class=\"column-2\">FIN35006\/96 <\/td><td class=\"column-3\">vapaa \/ clear<\/td><td class=\"column-4\">Hilmanter\u00b4s Cassius Clay<\/td><td class=\"column-5\">Hilmanter\u00b4s Betty Boob<\/td>\n<\/tr>\n<tr class=\"row-30 even\">\n\t<td class=\"column-1\">Hilmanter's Heartbreaker <\/td><td class=\"column-2\">FIN20564\/02 <\/td><td class=\"column-3\">vapaa \/ clear<\/td><td class=\"column-4\">Hannula Renholms Gustav Blom <\/td><td class=\"column-5\">Hilmanter\u00b4s Greta Garbo<\/td>\n<\/tr>\n<tr class=\"row-31 odd\">\n\t<td class=\"column-1\">Hilmanter's Hugo <\/td><td class=\"column-2\">FIN20565\/02 <\/td><td class=\"column-3\">vapaa \/ clear<\/td><td class=\"column-4\">Hannula Renholms Gustav Blom <\/td><td class=\"column-5\">Hilmanter\u00b4s Greta Garbo<\/td>\n<\/tr>\n<tr class=\"row-32 even\">\n\t<td class=\"column-1\">Hubert Vom Trajan  <\/td><td class=\"column-2\">FIN42536\/07<\/td><td class=\"column-3\">vapaa \/ clear<\/td><td class=\"column-4\">Coctail Nowa Atlanta<\/td><td class=\"column-5\">Lesley-Black Princesse Vom Laerchen<\/td>\n<\/tr>\n<tr class=\"row-33 odd\">\n\t<td class=\"column-1\">Intopalleron De Luxe Diiva <\/td><td class=\"column-2\">FIN10306\/03 <\/td><td class=\"column-3\">vapaa \/ clear<\/td><td class=\"column-4\">Hannula Renholms Bagarenisanremo <\/td><td class=\"column-5\">Tyburn Dione<\/td>\n<\/tr>\n<tr class=\"row-34 even\">\n\t<td class=\"column-1\">Intopalleron Domain Droidi <\/td><td class=\"column-2\">FIN10308\/03 <\/td><td class=\"column-3\">vapaa \/ clear<\/td><td class=\"column-4\">Hannula Renholms Bagarenisanremo <\/td><td class=\"column-5\">Tyburn Dione<\/td>\n<\/tr>\n<tr class=\"row-35 odd\">\n\t<td class=\"column-1\">Joemario Jazzalicious<\/td><td class=\"column-2\">FI10356\/16<\/td><td class=\"column-3\">vapaa \/ clear<\/td><td class=\"column-4\">Lantaka Hector<\/td><td class=\"column-5\">Bonwild House Of Jazz<\/td>\n<\/tr>\n<tr class=\"row-36 even\">\n\t<td class=\"column-1\">Kimblewick Bosom Friend <\/td><td class=\"column-2\">FIN23547\/01 <\/td><td class=\"column-3\">vapaa \/ clear<\/td><td class=\"column-4\">Kimblewick I See A Comet<\/td><td class=\"column-5\">Kimblewick Honeybunch<\/td>\n<\/tr>\n<tr class=\"row-37 odd\">\n\t<td class=\"column-1\">Kimblewick Clarissa <\/td><td class=\"column-2\">FIN38739\/01 <\/td><td class=\"column-3\">vapaa \/ clear<\/td><td class=\"column-4\">Alma Tobias<\/td><td class=\"column-5\">Kimblewick Rhea<\/td>\n<\/tr>\n<tr class=\"row-38 even\">\n\t<td class=\"column-1\">Kimblewick Franceska <\/td><td class=\"column-2\">FIN20701\/03 <\/td><td class=\"column-3\">vapaa \/ clear<\/td><td class=\"column-4\">Dario Von Der Beckrather Muehle <\/td><td class=\"column-5\">Kimblewick Just-For-Me<\/td>\n<\/tr>\n<tr class=\"row-39 odd\">\n\t<td class=\"column-1\">Kimblewick Honeybunch <\/td><td class=\"column-2\">FIN16603\/96<\/td><td class=\"column-3\">vapaa \/ clear<\/td><td class=\"column-4\">Alma Tobias<\/td><td class=\"column-5\">Eaglespur Rebecca<\/td>\n<\/tr>\n<tr class=\"row-40 even\">\n\t<td class=\"column-1\">Kimblewick Just-For-Me <\/td><td class=\"column-2\">FIN31087\/96 <\/td><td class=\"column-3\">vapaa \/ clear<\/td><td class=\"column-4\">Brenandi Starsearcher<\/td><td class=\"column-5\">Kimblewick Pick-Me-Up<\/td>\n<\/tr>\n<tr class=\"row-41 odd\">\n\t<td class=\"column-1\">Kimblewick Rachel <\/td><td class=\"column-2\">FIN14273\/00 <\/td><td class=\"column-3\">vapaa \/ clear<\/td><td class=\"column-4\">Kimblewick Desert Strom<\/td><td class=\"column-5\">Kimblewick Honeybunch<\/td>\n<\/tr>\n<tr class=\"row-42 even\">\n\t<td class=\"column-1\">Kimblewick Rhea  <\/td><td class=\"column-2\">SF07479\/93<\/td><td class=\"column-3\">vapaa \/ clear<\/td><td class=\"column-4\">Tyburn Rhadamanthus<\/td><td class=\"column-5\">Kimblewick Feidra<\/td>\n<\/tr>\n<tr class=\"row-43 odd\">\n\t<td class=\"column-1\">Kimblewick Sanna Of Hot Star <\/td><td class=\"column-2\">FIN24131\/00 <\/td><td class=\"column-3\">vapaa \/ clear<\/td><td class=\"column-4\">Kimblewick Desert Storm<\/td><td class=\"column-5\">Kimblewick Pick-Me-Up<\/td>\n<\/tr>\n<tr class=\"row-44 even\">\n\t<td class=\"column-1\">Kimblewick Up-To-You <\/td><td class=\"column-2\">FIN40148\/00 <\/td><td class=\"column-3\">vapaa \/ clear<\/td><td class=\"column-4\">Dixie Queen\u00b4s Antonius<\/td><td class=\"column-5\">Kimblewick Just-For-Me<\/td>\n<\/tr>\n<tr class=\"row-45 odd\">\n\t<td class=\"column-1\">Kimblewick X-File Secret <\/td><td class=\"column-2\">FIN14577\/97 <\/td><td class=\"column-3\">vapaa \/ clear<\/td><td class=\"column-4\">Eaglespur Kobra<\/td><td class=\"column-5\">Kimblewick Amorella<\/td>\n<\/tr>\n<tr class=\"row-46 even\">\n\t<td class=\"column-1\">Kimblewick Zeus <\/td><td class=\"column-2\">FIN11123\/99 <\/td><td class=\"column-3\">vapaa \/ clear<\/td><td class=\"column-4\">Eaglespur Kobra<\/td><td class=\"column-5\">Eaglespur Rebecca<\/td>\n<\/tr>\n<tr class=\"row-47 odd\">\n\t<td class=\"column-1\">Lantaka Espritlibre<\/td><td class=\"column-2\">FIN36465\/07 <\/td><td class=\"column-3\">vapaa \/ clear<\/td><td class=\"column-4\">Lantaka Blackprinceofwales<\/td><td class=\"column-5\">Lantaka Laracroft<\/td>\n<\/tr>\n<tr class=\"row-48 even\">\n\t<td class=\"column-1\">Mamin Mackara Sofiaserafina <\/td><td class=\"column-2\">FIN22730\/06 <\/td><td class=\"column-3\">vapaa \/ clear<\/td><td class=\"column-4\">Kimblewick Fireballoon<\/td><td class=\"column-5\">Hannula Renholms Sk\u00e4rg\u00e5rdsfrun<\/td>\n<\/tr>\n<tr class=\"row-49 odd\">\n\t<td class=\"column-1\">Megellan Sorrel <\/td><td class=\"column-2\">FIN23147\/04 <\/td><td class=\"column-3\">vapaa \/ clear<\/td><td class=\"column-4\">Eaglespur Pier At Megellan<\/td><td class=\"column-5\">Alvediston Eclipse At Megellan<\/td>\n<\/tr>\n<tr class=\"row-50 even\">\n\t<td class=\"column-1\">Millhouse's Viking Queen<\/td><td class=\"column-2\">FI10645\/23<\/td><td class=\"column-3\">vapaa \/ clear<\/td><td class=\"column-4\">Millhouse's Quick Stop Amsterdam<\/td><td class=\"column-5\">Ainiaan Vappuheila<\/td>\n<\/tr>\n<tr class=\"row-51 odd\">\n\t<td class=\"column-1\">Moonshadows James At The Zoo <\/td><td class=\"column-2\">ML806866<\/td><td class=\"column-3\">vapaa \/ clear<\/td><td class=\"column-4\">Aireworth Indiana Jones With Keyline <\/td><td class=\"column-5\">Moonshadow\u00b4s Rider\u00b4s Pepsi Free<\/td>\n<\/tr>\n<tr class=\"row-52 even\">\n\t<td class=\"column-1\">Onnen Tullen Ikkuna Prinsessa\t<\/td><td class=\"column-2\">FI11914\/15<\/td><td class=\"column-3\">vapaa \/ clear<\/td><td class=\"column-4\">Dalylove Ideal Infinity<\/td><td class=\"column-5\">Ruska-Ahon Sula Hulluus<\/td>\n<\/tr>\n<tr class=\"row-53 odd\">\n\t<td class=\"column-1\">Onnen Tullen Mestaripiirros<\/td><td class=\"column-2\">FI14856\/23<\/td><td class=\"column-3\">vapaa \/ clear<\/td><td class=\"column-4\">Millhouse's Quick Stop Amsterdam<\/td><td class=\"column-5\">Onnen Tullen Ikkuna Prinsessa<\/td>\n<\/tr>\n<tr class=\"row-54 even\">\n\t<td class=\"column-1\">Rattustrap Englands Own<\/td><td class=\"column-2\">FI19202\/12<\/td><td class=\"column-3\">vapaa \/ clear<\/td><td class=\"column-4\">Digelsa Dictator<\/td><td class=\"column-5\">Real Espana At Rattustrap<\/td>\n<\/tr>\n<tr class=\"row-55 odd\">\n\t<td class=\"column-1\">Rattustrap Infinity<\/td><td class=\"column-2\">FI28035\/14<\/td><td class=\"column-3\">vapaa \/ clear<\/td><td class=\"column-4\">Quixol Alexander<\/td><td class=\"column-5\">Llygota Edna by Rattustrap<\/td>\n<\/tr>\n<tr class=\"row-56 even\">\n\t<td class=\"column-1\">Roope<\/td><td class=\"column-2\">FI10545\/11<\/td><td class=\"column-3\">vapaa \/ clear<\/td><td class=\"column-4\">HILMANTER'S HILLBILLY<\/td><td class=\"column-5\">KIMBLEWICK RAMBLING ROSE<\/td>\n<\/tr>\n<tr class=\"row-57 odd\">\n\t<td class=\"column-1\">Ruska-Ahon Kuka Muu Muka<\/td><td class=\"column-2\">FI16435\/14<\/td><td class=\"column-3\">vapaa \/ clear<\/td><td class=\"column-4\">Celtic Circle\u00b4s Chaplin vs Stitch<\/td><td class=\"column-5\">Taxmania Charity<\/td>\n<\/tr>\n<tr class=\"row-58 even\">\n\t<td class=\"column-1\">Ruska-Ahon Oikea Hurmuri\t<\/td><td class=\"column-2\">FI50510\/12<\/td><td class=\"column-3\">vapaa \/ clear<\/td><td class=\"column-4\">Ruska-Ahon Aito Yst\u00e4v\u00e4<\/td><td class=\"column-5\">Taxmania Charity<\/td>\n<\/tr>\n<tr class=\"row-59 odd\">\n\t<td class=\"column-1\">Ruska-Ahon Oikea Missien Missi<\/td><td class=\"column-2\">FI50505\/12<\/td><td class=\"column-3\">vapaa \/ clear<\/td><td class=\"column-4\">Ruska-ahon Aito Yst\u00e4v\u00e4<\/td><td class=\"column-5\">Taxmania Charity<\/td>\n<\/tr>\n<tr class=\"row-60 even\">\n\t<td class=\"column-1\">Ruska-Ahon Sula Hulluus<\/td><td class=\"column-2\">FI20865\/13<\/td><td class=\"column-3\">vapaa \/ clear<\/td><td class=\"column-4\">Egloshayle King Arthur<\/td><td class=\"column-5\">Bonwild Never Mind<\/td>\n<\/tr>\n<tr class=\"row-61 odd\">\n\t<td class=\"column-1\">Sennsei Hot Gossip<\/td><td class=\"column-2\">FI40564\/16<\/td><td class=\"column-3\">vapaa \/ clear<\/td><td class=\"column-4\">Extra Black Metheora<\/td><td class=\"column-5\">Bellemenere<\/td>\n<\/tr>\n<tr class=\"row-62 even\">\n\t<td class=\"column-1\">Sennsei Seireeni<\/td><td class=\"column-2\">FI45647\/13<\/td><td class=\"column-3\">vapaa \/ clear<\/td><td class=\"column-4\">Dalylove Gennaro Gerd<\/td><td class=\"column-5\">Bonwild Mette-Marit<\/td>\n<\/tr>\n<tr class=\"row-63 odd\">\n\t<td class=\"column-1\">Sennsei Steady As He Goes<\/td><td class=\"column-2\">FI40568\/16<\/td><td class=\"column-3\">vapaa \/ clear<\/td><td class=\"column-4\">Extra Black Metheora<\/td><td class=\"column-5\">Bellemenere<\/td>\n<\/tr>\n<tr class=\"row-64 even\">\n\t<td class=\"column-1\">Sunwood\u00b4s Baroness<\/td><td class=\"column-2\">FI52704\/11<\/td><td class=\"column-3\">vapaa \/ clear<\/td><td class=\"column-4\">Eaglespur Nelson\t<\/td><td class=\"column-5\">Tsar-Ping\u00b4s Thin Lizzy<\/td>\n<\/tr>\n<tr class=\"row-65 odd\">\n\t<td class=\"column-1\">Taxmania Fairytale<\/td><td class=\"column-2\">FI46857\/15<\/td><td class=\"column-3\">vapaa \/ clear<\/td><td class=\"column-4\">BLACK MANTER'S WEST OF MES<\/td><td class=\"column-5\">TAXMANIA ENYA<\/td>\n<\/tr>\n<tr class=\"row-66 even\">\n\t<td class=\"column-1\">Ukkosakan Unelmista Punottu<\/td><td class=\"column-2\">FI45727\/18<\/td><td class=\"column-3\">vapaa \/ clear<\/td><td class=\"column-4\">Black Manter's Made By Rattustrap<\/td><td class=\"column-5\">Sunwood's Baroness<\/td>\n<\/tr>\n<\/tbody>\n<\/table>\n<!-- #tablepress-13 from cache -->\n<p>&nbsp;<\/p>\n<p><em><strong>Kantaja &#8211; Carrier<br \/>\n<\/strong><\/em>Koiralla ei ole verenvuotoriski\u00e4, mutta se periytt\u00e4\u00e4 Tyypin 1 von Willebrandin tautia aiheuttavan geenin muunnoksen keskim\u00e4\u00e4rin puolelle j\u00e4lkel\u00e4isist\u00e4\u00e4n.<strong><\/strong><em><strong><br \/>\n<\/strong><\/em><\/p>\n\n<table id=\"tablepress-14\" class=\"tablepress tablepress-id-14\">\n<thead>\n<tr class=\"row-1 odd\">\n\t<th class=\"column-1\">Koiran nimi<\/th><th class=\"column-2\">Rekisterinumero<\/th><th class=\"column-3\">Tulos<\/th><th class=\"column-4\">Is\u00e4<\/th><th class=\"column-5\">Em\u00e4<\/th>\n<\/tr>\n<\/thead>\n<tbody class=\"row-hover\">\n<tr class=\"row-2 even\">\n\t<td class=\"column-1\">Black Idol's Twister<\/td><td class=\"column-2\">FI49940\/23<\/td><td class=\"column-3\">Kantaja\/Carrier<\/td><td class=\"column-4\">Black Idol's Jarno I Am Me<\/td><td class=\"column-5\">Black Idol's Georgia<\/td>\n<\/tr>\n<tr class=\"row-3 odd\">\n\t<td class=\"column-1\">Dixie Queen`s Antonius <\/td><td class=\"column-2\">FIN27531\/98 <\/td><td class=\"column-3\">Kantaja\/Carrier<\/td><td class=\"column-4\">Kimblewick Kasper<\/td><td class=\"column-5\">Kimblewick Daisy Chain<\/td>\n<\/tr>\n<tr class=\"row-4 even\">\n\t<td class=\"column-1\">Eaglespur Madame Butterfly <\/td><td class=\"column-2\">FIN11907\/03 <\/td><td class=\"column-3\">Kantaja\/Carrier<\/td><td class=\"column-4\">Eaglespur Cadet\t<\/td><td class=\"column-5\">Eaglespur Mystery Star<\/td>\n<\/tr>\n<tr class=\"row-5 odd\">\n\t<td class=\"column-1\">Hannula Renholms Fragancia <\/td><td class=\"column-2\">FIN12045\/04 <\/td><td class=\"column-3\">Kantaja\/Carrier<\/td><td class=\"column-4\">Kimblewick I See A Comet<\/td><td class=\"column-5\">Hannula Renholms Flickan i Peru<\/td>\n<\/tr>\n<tr class=\"row-6 even\">\n\t<td class=\"column-1\">Hannula Renholms F\u00e4nrikrosenstr\u00f6\t<\/td><td class=\"column-2\">FIN32601\/99 <\/td><td class=\"column-3\">Kantaja\/Carrier<\/td><td class=\"column-4\">Eaglespur Red Kite<\/td><td class=\"column-5\">Hannula Renholms Majp\u00e5mal\u00f6<\/td>\n<\/tr>\n<tr class=\"row-7 odd\">\n\t<td class=\"column-1\">Hannula Renholms Majp\u00e5mal\u00f6 <\/td><td class=\"column-2\">FIN26272\/96 <\/td><td class=\"column-3\">Kantaja\/Carrier<\/td><td class=\"column-4\">Kimblewick Unity\t<\/td><td class=\"column-5\">Hilmanter\u00b4s Benita<\/td>\n<\/tr>\n<tr class=\"row-8 even\">\n\t<td class=\"column-1\">Hannula Renholms Rosemarie <\/td><td class=\"column-2\">FIN28492\/05 \t<\/td><td class=\"column-3\">Kantaja\/Carrier<\/td><td class=\"column-4\">Hannula Renholms F\u00e4nrikrosenstr\u00f6 <\/td><td class=\"column-5\">Hannula Renholms Blackcarmencita<\/td>\n<\/tr>\n<tr class=\"row-9 odd\">\n\t<td class=\"column-1\">Intopalleron Caunotar <\/td><td class=\"column-2\">FIN30269\/02 <\/td><td class=\"column-3\">Kantaja\/Carrier<\/td><td class=\"column-4\">Dixie Queen\u00b4s Antonius<\/td><td class=\"column-5\">Dabjuu What A Magic<\/td>\n<\/tr>\n<tr class=\"row-10 even\">\n\t<td class=\"column-1\">Kimblewick Gimli <\/td><td class=\"column-2\">FIN20705\/03 <\/td><td class=\"column-3\">Kantaja\/Carrier<\/td><td class=\"column-4\">Kimblewick I See A Comet<\/td><td class=\"column-5\">Kimblewick Honeybunch<\/td>\n<\/tr>\n<tr class=\"row-11 odd\">\n\t<td class=\"column-1\">Kimblewick I See A Comet <\/td><td class=\"column-2\">FIN17695\/96 <\/td><td class=\"column-3\">Kantaja\/Carrier<\/td><td class=\"column-4\">Kimblewick Kasper<\/td><td class=\"column-5\">Kimblewick Feidra<\/td>\n<\/tr>\n<tr class=\"row-12 even\">\n\t<td class=\"column-1\">Mamin Mackara Sitrunellaroseo <\/td><td class=\"column-2\">FIN22729\/06 <\/td><td class=\"column-3\">Kantaja\/Carrier<\/td><td class=\"column-4\">Kimblewick Fireballoon<\/td><td class=\"column-5\">Hannula Renholms Sk\u00e4rg\u00e5rdsfrun<\/td>\n<\/tr>\n<tr class=\"row-13 odd\">\n\t<td class=\"column-1\">Teuter Absolut Citron<\/td><td class=\"column-2\">FIN32082\/08<\/td><td class=\"column-3\">Kantaja\/Carrier<\/td><td class=\"column-4\">Kimblewick Fireballoon<\/td><td class=\"column-5\">Hannula Renholms Fragancia <\/td>\n<\/tr>\n<tr class=\"row-14 even\">\n\t<td class=\"column-1\">Teuter Absolut Kurant<\/td><td class=\"column-2\">FIN32083\/08<\/td><td class=\"column-3\">Kantaja\/Carrier<\/td><td class=\"column-4\">Kimblewick Fireballoon<\/td><td class=\"column-5\">Hannula Renholms Fragancia <\/td>\n<\/tr>\n<tr class=\"row-15 odd\">\n\t<td class=\"column-1\">Teuter Bright Eyes<\/td><td class=\"column-2\">FI43229\/17<\/td><td class=\"column-3\">Kantaja\/Carrier<\/td><td class=\"column-4\">Teuter Absolut Citron<\/td><td class=\"column-5\">Joemario Jazzalicious<\/td>\n<\/tr>\n<\/tbody>\n<\/table>\n<!-- #tablepress-14 from cache -->\n","protected":false},"excerpt":{"rendered":"<p>Jos haluat oman manchesterinterrierisi vWD-testituloksen esiin alla olevaan listaan, l\u00e4het\u00e4th\u00e4n testituloksen s\u00e4hk\u00f6postitse osoitteeseen smt.jalostus@gmail.com. Vapaa &#8211; Clear Koiralla ei ole verenvuotoriski\u00e4, eik\u00e4 se periyt\u00e4 Tyypin 1 von Willebrandin tautia aiheuttavaa geenin muunnosta j\u00e4lkel\u00e4isilleen. &nbsp; Kantaja &#8211; Carrier Koiralla ei ole &hellip; <a href=\"https:\/\/www.manssi.net\/wordpress\/tyypin-1-von-willebrand-testatut-manchesterinterrierit\/\">Lue loppuun <span class=\"meta-nav\">&rarr;<\/span><\/a><\/p>\n","protected":false},"author":1,"featured_media":0,"parent":0,"menu_order":0,"comment_status":"closed","ping_status":"closed","template":"","meta":[],"_links":{"self":[{"href":"https:\/\/www.manssi.net\/wordpress\/wp-json\/wp\/v2\/pages\/2334"}],"collection":[{"href":"https:\/\/www.manssi.net\/wordpress\/wp-json\/wp\/v2\/pages"}],"about":[{"href":"https:\/\/www.manssi.net\/wordpress\/wp-json\/wp\/v2\/types\/page"}],"author":[{"embeddable":true,"href":"https:\/\/www.manssi.net\/wordpress\/wp-json\/wp\/v2\/users\/1"}],"replies":[{"embeddable":true,"href":"https:\/\/www.manssi.net\/wordpress\/wp-json\/wp\/v2\/comments?post=2334"}],"version-history":[{"count":8,"href":"https:\/\/www.manssi.net\/wordpress\/wp-json\/wp\/v2\/pages\/2334\/revisions"}],"predecessor-version":[{"id":3888,"href":"https:\/\/www.manssi.net\/wordpress\/wp-json\/wp\/v2\/pages\/2334\/revisions\/3888"}],"wp:attachment":[{"href":"https:\/\/www.manssi.net\/wordpress\/wp-json\/wp\/v2\/media?parent=2334"}],"curies":[{"name":"wp","href":"https:\/\/api.w.org\/{rel}","templated":true}]}}