{"id":2559,"date":"2018-04-11T14:05:29","date_gmt":"2018-04-11T11:05:29","guid":{"rendered":"http:\/\/www.manssi.net\/?page_id=2559"},"modified":"2018-04-11T14:08:12","modified_gmt":"2018-04-11T11:08:12","slug":"haaveissa-oma-manssi","status":"publish","type":"page","link":"https:\/\/www.manssi.net\/wordpress\/haaveissa-oma-manssi\/","title":{"rendered":"Haaveissa oma manssi?"},"content":{"rendered":"<p>Manchesterinterrieri on pieni suuri Terrieri isolla T:ll\u00e4. Vauhtia ja vaarallisia tilanteita riitt\u00e4\u00e4 koko el\u00e4m\u00e4nkaaren ajan.<\/p>\n<p>Alun perin kani- ja rottakoirana k\u00e4ytetty manssi on s\u00e4ilytt\u00e4nyt t\u00e4h\u00e4n p\u00e4iv\u00e4\u00e4n asti osan vieteist\u00e4\u00e4n, joten pentu tarvitsee johdonmukaisen kasvatuksen heti uuteen kotiin muutettuaan. Mik\u00e4 on kerran kielletty, on aina kielletty. Tai muuten huomaat tulleesi kiedotuksi manssin k\u00e4p\u00e4l\u00e4n ymp\u00e4rille.<\/p>\n<p>Manssipennun\u00a0<a href=\"https:\/\/www.hankikoira.fi\/koiratietoa\/koira-kotona\/pennun-sosiaalistaminen\">sosiaalistamista<\/a> ei voi tarpeeksi korostaa. Joillain yksil\u00f6ill\u00e4 on esiintynyt liev\u00e4\u00e4 arkuutta niin vieraita ihmisi\u00e4 kuin vieraita koiriakin kohtaan. Terrierim\u00e4isen luonteen omaavana koirana manssista voi kehitty\u00e4 tyypillinen remmir\u00e4hj\u00e4. P\u00e4\u00e4s\u00e4\u00e4nt\u00f6isesti oikealla koulutuksella rotu on kuitenkin avoin ja rohkea, pieneksi koiraksi ego on v\u00e4hint\u00e4\u00e4n mammutin.<\/p>\n<p>Manssi oppii nopeasti. Oman ihmisen ja perheen kanssa puuhailu on parasta. Positiivisella vahvistamisella ja meiningill\u00e4 tuloksia voi saavuttaa nopeastikin. Kouluttajalta manssi vaatii ajoittain nopeaa reagointia ja taas toisella kerralla huumoria. Kahden sekunnin aikana fiksu manssi voi tarjota 5-6 jo oppimaansa taitoa, joten oikean ajoituksen l\u00f6yt\u00e4minen voi vied\u00e4 tovin.<\/p>\n<p>Rauhoittumista ja yksinoloa on syyt\u00e4 harjoitella pienest\u00e4 pit\u00e4en. Aina ei voi vain leikki\u00e4, aksata, tokota, rallytokota tai haistella uusia hajuja.<\/p>\n<p>Pentu tarvitsee s\u00e4\u00e4nn\u00f6llisen liikunnan lis\u00e4ksi my\u00f6s kevytt\u00e4 aivojumppaa, joten kouluttaminen, erilaisten temppujen opettaminen ja kevyet lajikokeilut sopivat manssinpennulle kuin kirsu kuonoon. Pelkk\u00e4 lenkkeily saattaa j\u00e4tt\u00e4\u00e4 pennun mieleen muhimaan pieni\u00e4 tihut\u00f6it\u00e4, pieni henkinen rasitus fyysisen lis\u00e4ksi j\u00e4tt\u00e4\u00e4 omistajan keng\u00e4t rauhaan.<\/p>\n<p>Mansseja asustaa niin maalla kuin kaupungissakin. Koira soveltuu t\u00e4ysin kerrostaloel\u00e4m\u00e4\u00e4n, kunhan koiralle kerrotaan, miten sen tuleen yksinollessaan k\u00e4ytt\u00e4yty\u00e4. My\u00f6s maalla manssin kanssa on mukavaa, kunhan huolehtii kunnollisesta luoksetulo-koulutuksesta ja l\u00e4hell\u00e4 pysymisest\u00e4. Manssi omaa rottakoirana yh\u00e4 saalisvietti\u00e4, kaiken per\u00e4\u00e4n olisi niin mukava juosta ja jahdata! Yksil\u00f6llist\u00e4 toki t\u00e4m\u00e4kin.<\/p>\n<p>Kuivana ja lyhytkarvaisena koirana manssi tarvitsee syksyn ja talven keleill\u00e4 vaatetusta. Sporttinen koira paleltuu kastuessaan nopeasti, mutta voi kuitenkin viihty\u00e4 pihalla vesisateessa oikealla vaatetuksella. Talvella anturat ja herk\u00e4t korvanlehdet voivat halkeilla paukkupakkasten yll\u00e4tt\u00e4ess\u00e4. Kun vaatetus on kunnossa, voi manssin kanssa lenkkeill\u00e4 huoletta -25 asteessa. P\u00e4\u00e4s\u00e4\u00e4nt\u00f6isesti rotu kuitenkin rakastaa l\u00e4mp\u00f6\u00e4 ja viltteihin kaivautumista mamman tai isin viereen. Huomaat kyll\u00e4, kun pakkasta alkaa olla manssisi mielest\u00e4 liikaa. Kes\u00e4ll\u00e4 manssi on elementiss\u00e4\u00e4n. Aurinkopaikkoja vallataan heti auringon ensis\u00e4teiden osuessa sis\u00e4lle maaliskuussa, hellekeleill\u00e4 osaa koirista pit\u00e4\u00e4 vied\u00e4 varjoon, eiv\u00e4t raukat omaa parastaan ymm\u00e4rr\u00e4. Kunhan huolehtii juottamisesta ja viilent\u00e4misest\u00e4, voi harrastaa huoletta, ei manssista virta lopu.<\/p>\n<p>Ruokailutottumuksiltaan manssi on varsin helppo. Ruoka-aineallergioita on harvassa. Kokeilemalla l\u00f6yt\u00e4\u00e4 itselleen oikean ja sopivan tavan ruokkia omaa manssia; l\u00f6ytyy nappulav\u00e4ke\u00e4, kotiruokailijoita sek\u00e4 raakaruokailijoita. Ja kaikkia n\u00e4it\u00e4 sekaisin. Manssia ei voi sanoa nirsoksi, ruoka yleens\u00e4 kelpaa t\u00e4ytt\u00e4m\u00e4\u00e4n jo kulutetut energiavarastot.<\/p>\n<p>Manchesterinterrieriin sopii paremmin kuin hyvin; annoin pikkusormen, se vei koko k\u00e4den. Manssin paras kaveri on toinen manssi. Yleens\u00e4 yksi rodun edustaja ei vain riit\u00e4 vaan n\u00e4it\u00e4 kainalokavereita on saatava kaksi. V\u00e4hint\u00e4\u00e4n. Tai kolme.<\/p>\n","protected":false},"excerpt":{"rendered":"<p>Manchesterinterrieri on pieni suuri Terrieri isolla T:ll\u00e4. Vauhtia ja vaarallisia tilanteita riitt\u00e4\u00e4 koko el\u00e4m\u00e4nkaaren ajan. Alun perin kani- ja rottakoirana k\u00e4ytetty manssi on s\u00e4ilytt\u00e4nyt t\u00e4h\u00e4n p\u00e4iv\u00e4\u00e4n asti osan vieteist\u00e4\u00e4n, joten pentu tarvitsee johdonmukaisen kasvatuksen heti uuteen kotiin muutettuaan. Mik\u00e4 on &hellip; <a href=\"https:\/\/www.manssi.net\/wordpress\/haaveissa-oma-manssi\/\">Lue loppuun <span class=\"meta-nav\">&rarr;<\/span><\/a><\/p>\n","protected":false},"author":1,"featured_media":0,"parent":0,"menu_order":0,"comment_status":"closed","ping_status":"closed","template":"","meta":[],"_links":{"self":[{"href":"https:\/\/www.manssi.net\/wordpress\/wp-json\/wp\/v2\/pages\/2559"}],"collection":[{"href":"https:\/\/www.manssi.net\/wordpress\/wp-json\/wp\/v2\/pages"}],"about":[{"href":"https:\/\/www.manssi.net\/wordpress\/wp-json\/wp\/v2\/types\/page"}],"author":[{"embeddable":true,"href":"https:\/\/www.manssi.net\/wordpress\/wp-json\/wp\/v2\/users\/1"}],"replies":[{"embeddable":true,"href":"https:\/\/www.manssi.net\/wordpress\/wp-json\/wp\/v2\/comments?post=2559"}],"version-history":[{"count":2,"href":"https:\/\/www.manssi.net\/wordpress\/wp-json\/wp\/v2\/pages\/2559\/revisions"}],"predecessor-version":[{"id":2563,"href":"https:\/\/www.manssi.net\/wordpress\/wp-json\/wp\/v2\/pages\/2559\/revisions\/2563"}],"wp:attachment":[{"href":"https:\/\/www.manssi.net\/wordpress\/wp-json\/wp\/v2\/media?parent=2559"}],"curies":[{"name":"wp","href":"https:\/\/api.w.org\/{rel}","templated":true}]}}