{"id":2705,"date":"2018-07-12T12:33:50","date_gmt":"2018-07-12T09:33:50","guid":{"rendered":"http:\/\/www.manssi.net\/?page_id=2705"},"modified":"2024-01-18T17:31:43","modified_gmt":"2024-01-18T14:31:43","slug":"uutta-kotia-etsivat-manssit","status":"publish","type":"page","link":"https:\/\/www.manssi.net\/wordpress\/uutta-kotia-etsivat-manssit\/","title":{"rendered":"Uutta kotia etsiv\u00e4t manssit"},"content":{"rendered":"<p>Uutta kotia etsivien manssien ilmoituksia voi yhdistykselle l\u00e4hett\u00e4\u00e4 jokainen manchesterinterrierin omistaja. Yhdistys ei siis edellyt\u00e4 ilmoittajalta yhdistyksen j\u00e4senyytt\u00e4. Yhdistys haluaa auttaa kodin l\u00f6yt\u00e4misess\u00e4 pit\u00e4m\u00e4ll\u00e4 ilmoitusta n\u00e4kyvill\u00e4. Yhdistys ei ole vastuussa etsinn\u00e4st\u00e4, mutta haluaa tarjota tietov\u00e4yl\u00e4n ilmoituksien muodossa nettisivuillaan.<\/p>\n<p>Ilmoita kotia etsiv\u00e4n koiran tiedot t\u00e4m\u00e4n <a href=\"https:\/\/docs.google.com\/forms\/d\/e\/1FAIpQLSe94I_551ZFDFOKfrA2GHOH9x3dYuBI8KtFbw20dBO-yMMNOw\/viewform?usp=sf_link\">lomakkeen\u00a0<\/a>kautta.<\/p>\n<p>Jos olet kiinnostunut tarjoamaan uuden kodin manssille, olethan yhteydess\u00e4 suoraan koiran omistajaan ilmoituksessa annettujen yhteystietojen kautta.<\/p>\n<hr \/>\n<p><strong>T\u00e4ll\u00e4 hetkell\u00e4 ei uutta kotia etsivi\u00e4 mansseja yhdistyksen tiedossa.<\/strong><\/p>\n<p>&#8212;&#8212;&#8212;&#8211;<\/p>\n<p>Sivuston yhteyshenkil\u00f6n\u00e4 toimii pentup\u00f6rssin yhdyshenkil\u00f6 <em>(smt.pentuporssi(a)gmail.com).<\/em><\/p>\n<p>Aina koiraa ostettaessa ja sijoitus- ja k\u00e4ytt\u00f6sopimuksia solmiessa, SMT suosittelee k\u00e4ytett\u00e4v\u00e4n Suomen Kennelliiton sopimuksia ja lomakkeita tai niit\u00e4 vastaavia kirjallisia sopimuksia.<\/p>\n<p>Kirjallinen sopimus suojaa molempia osapuolia kaupanteossa.<\/p>\n<p><a href=\"http:\/\/www.koiranomistajanperuskurssi.fi\/\" target=\"_blank\" rel=\"noopener noreferrer\">http:\/\/www.koiranomistajanperuskurssi.fi\/<\/a><br \/>\n<a href=\"https:\/\/www.kennelliitto.fi\/koiran-omistaminen\/koiran-hankkiminen\">https:\/\/www.kennelliitto.fi\/koiran-omistaminen\/koiran-hankkiminen<\/a><br \/>\n<a href=\"https:\/\/www.kennelliitto.fi\/kasvatus-ja-terveys\/vastuullinen-koirankasvatus\">https:\/\/www.kennelliitto.fi\/kasvatus-ja-terveys\/vastuullinen-koirankasvatus<\/a><\/p>\n","protected":false},"excerpt":{"rendered":"<p>Uutta kotia etsivien manssien ilmoituksia voi yhdistykselle l\u00e4hett\u00e4\u00e4 jokainen manchesterinterrierin omistaja. Yhdistys ei siis edellyt\u00e4 ilmoittajalta yhdistyksen j\u00e4senyytt\u00e4. Yhdistys haluaa auttaa kodin l\u00f6yt\u00e4misess\u00e4 pit\u00e4m\u00e4ll\u00e4 ilmoitusta n\u00e4kyvill\u00e4. Yhdistys ei ole vastuussa etsinn\u00e4st\u00e4, mutta haluaa tarjota tietov\u00e4yl\u00e4n ilmoituksien muodossa nettisivuillaan. Ilmoita kotia &hellip; <a href=\"https:\/\/www.manssi.net\/wordpress\/uutta-kotia-etsivat-manssit\/\">Lue loppuun <span class=\"meta-nav\">&rarr;<\/span><\/a><\/p>\n","protected":false},"author":1,"featured_media":0,"parent":0,"menu_order":0,"comment_status":"closed","ping_status":"closed","template":"","meta":[],"_links":{"self":[{"href":"https:\/\/www.manssi.net\/wordpress\/wp-json\/wp\/v2\/pages\/2705"}],"collection":[{"href":"https:\/\/www.manssi.net\/wordpress\/wp-json\/wp\/v2\/pages"}],"about":[{"href":"https:\/\/www.manssi.net\/wordpress\/wp-json\/wp\/v2\/types\/page"}],"author":[{"embeddable":true,"href":"https:\/\/www.manssi.net\/wordpress\/wp-json\/wp\/v2\/users\/1"}],"replies":[{"embeddable":true,"href":"https:\/\/www.manssi.net\/wordpress\/wp-json\/wp\/v2\/comments?post=2705"}],"version-history":[{"count":38,"href":"https:\/\/www.manssi.net\/wordpress\/wp-json\/wp\/v2\/pages\/2705\/revisions"}],"predecessor-version":[{"id":3662,"href":"https:\/\/www.manssi.net\/wordpress\/wp-json\/wp\/v2\/pages\/2705\/revisions\/3662"}],"wp:attachment":[{"href":"https:\/\/www.manssi.net\/wordpress\/wp-json\/wp\/v2\/media?parent=2705"}],"curies":[{"name":"wp","href":"https:\/\/api.w.org\/{rel}","templated":true}]}}