{"id":273,"date":"2012-01-25T00:56:35","date_gmt":"2012-01-24T22:56:35","guid":{"rendered":"http:\/\/www.manssi.net\/wordpress\/?page_id=273"},"modified":"2020-02-18T15:01:37","modified_gmt":"2020-02-18T12:01:37","slug":"jalostustoimikunta-2","status":"publish","type":"page","link":"https:\/\/www.manssi.net\/wordpress\/jalostustoimikunta-2\/","title":{"rendered":"Jalostustoimikunta"},"content":{"rendered":"<h2>Jalostustoimikunta 2020<\/h2>\n<p>Merituulia Asikainen (vet\u00e4j\u00e4)<br \/>\nLaura Niska<br \/>\nP\u00e4ivi Hituri<br \/>\nP\u00e4ivi H\u00e4nninen<br \/>\nReetta Karjalainen<br \/>\nRiitta Rautio<br \/>\nKati Paananen<br \/>\nSari Laitinen<\/p>\n<p>Jalostustoimikunnan tavoittaa osoitteesta smt.jalostus@gmail.com.<\/p>\n<h2>Jalostustoimikunta tiedottaa<\/h2>\n<p><span style=\"font-weight: 300;\">Jalostustoimikunta rohkaisee kaikkia manssien omistajia t\u00e4ytt\u00e4m\u00e4\u00e4n <\/span><a style=\"font-weight: 300;\" href=\"https:\/\/www.manssi.net\/wordpress\/terveyskysely\/\">terveyskyselyn<\/a><span style=\"font-weight: 300;\">. Otamme mielell\u00e4mme vastaan my\u00f6s jo edesmenneiden koirien tiedot.<\/span><\/p>\n<p>Halutessasi koirasi jalostusuroslistalle, ota yhteytt\u00e4 smt.jalostus@gmail.com.<\/p>\n<h2>Jalostuksen tavoiteohjelma<\/h2>\n<ul>\n<li><a href=\"https:\/\/www.manssi.net\/wordpress\/wp-content\/uploads\/2018\/08\/JTO-2018-Manchesterinterrieri.pdf\">Jalostuksen<\/a>\u00a0tavoiteohjelma<\/li>\n<li><a href=\"https:\/\/www.manssi.net\/wordpress\/dokumentit\/JTOliitteet.pdf\">Jalostuksen<\/a>\u00a0tavoiteohjelmaan liittyv\u00e4t liitteet.<\/li>\n<\/ul>\n<p>Listan tyypin 1 von Willebrandin taudin osalta Suomessa tutkituista manchesterinterriereista l\u00f6yd\u00e4t omalta v\u00e4lilehdelt\u00e4\u00e4n Jalostus-otsikon alta.<\/p>\n","protected":false},"excerpt":{"rendered":"<p>Jalostustoimikunta 2020 Merituulia Asikainen (vet\u00e4j\u00e4) Laura Niska P\u00e4ivi Hituri P\u00e4ivi H\u00e4nninen Reetta Karjalainen Riitta Rautio Kati Paananen Sari Laitinen Jalostustoimikunnan tavoittaa osoitteesta smt.jalostus@gmail.com. Jalostustoimikunta tiedottaa Jalostustoimikunta rohkaisee kaikkia manssien omistajia t\u00e4ytt\u00e4m\u00e4\u00e4n terveyskyselyn. Otamme mielell\u00e4mme vastaan my\u00f6s jo edesmenneiden koirien tiedot. &hellip; <a href=\"https:\/\/www.manssi.net\/wordpress\/jalostustoimikunta-2\/\">Lue loppuun <span class=\"meta-nav\">&rarr;<\/span><\/a><\/p>\n","protected":false},"author":1,"featured_media":0,"parent":0,"menu_order":0,"comment_status":"closed","ping_status":"closed","template":"showcase.php","meta":[],"_links":{"self":[{"href":"https:\/\/www.manssi.net\/wordpress\/wp-json\/wp\/v2\/pages\/273"}],"collection":[{"href":"https:\/\/www.manssi.net\/wordpress\/wp-json\/wp\/v2\/pages"}],"about":[{"href":"https:\/\/www.manssi.net\/wordpress\/wp-json\/wp\/v2\/types\/page"}],"author":[{"embeddable":true,"href":"https:\/\/www.manssi.net\/wordpress\/wp-json\/wp\/v2\/users\/1"}],"replies":[{"embeddable":true,"href":"https:\/\/www.manssi.net\/wordpress\/wp-json\/wp\/v2\/comments?post=273"}],"version-history":[{"count":43,"href":"https:\/\/www.manssi.net\/wordpress\/wp-json\/wp\/v2\/pages\/273\/revisions"}],"predecessor-version":[{"id":3164,"href":"https:\/\/www.manssi.net\/wordpress\/wp-json\/wp\/v2\/pages\/273\/revisions\/3164"}],"wp:attachment":[{"href":"https:\/\/www.manssi.net\/wordpress\/wp-json\/wp\/v2\/media?parent=273"}],"curies":[{"name":"wp","href":"https:\/\/api.w.org\/{rel}","templated":true}]}}