{"id":277,"date":"2012-01-25T01:02:13","date_gmt":"2012-01-24T23:02:13","guid":{"rendered":"http:\/\/www.manssi.net\/wordpress\/?page_id=277"},"modified":"2023-09-11T12:29:56","modified_gmt":"2023-09-11T09:29:56","slug":"jalostusurokset","status":"publish","type":"page","link":"https:\/\/www.manssi.net\/wordpress\/jalostusurokset\/","title":{"rendered":"Jalostusurokset"},"content":{"rendered":"<p>Uroskoirien omistajat voivat ilmoittaa koiransa tiedot jalostusuroslistalle ja n\u00e4in ilmaista, ett\u00e4 koira on k\u00e4ytett\u00e4viss\u00e4 jalostukseen. Jalostustoimikunta ei ole tarkastanut listalla olevia uroksia tai niiden tietoja. Jalostusurosten tulee ennen astutusta t\u00e4ytt\u00e4\u00e4 jalostuskoirielle hyv\u00e4ksytyt v\u00e4himm\u00e4isvaatimukset<strong>,\u00a0<\/strong><a title=\"Pentup\u00f6rssi\" href=\" https:\/\/www.manssi.net\/wordpress\/pentuporssin-saannot\/\">jotka l\u00f6yd\u00e4t t\u00e4st\u00e4 linkist\u00e4. <\/a><\/p>\n<p>Ilmoita uudet tai muuttuneet tiedot s\u00e4hk\u00f6postilla smt.jalostus@gmail.com.<\/p>\n<p><strong>Jalostusuroslista<\/strong><\/p>\n\n<table id=\"tablepress-21\" class=\"tablepress tablepress-id-21\">\n<thead>\n<tr class=\"row-1 odd\">\n\t<th class=\"column-1\">Koiran nimi<\/th><th class=\"column-2\">Rekisterinumero<\/th><th class=\"column-3\">vWD<\/th><th class=\"column-4\">Terveystutkimukset<\/th><th class=\"column-5\">Omistaja<\/th><th class=\"column-6\">Omistajan s\u00e4hk\u00f6postiosoite<\/th>\n<\/tr>\n<\/thead>\n<tbody class=\"row-hover\">\n<tr class=\"row-2 even\">\n\t<td class=\"column-1\">Heartshaped Three Shots Of Espresso<\/td><td class=\"column-2\">FI49267\/23<\/td><td class=\"column-3\"><\/td><td class=\"column-4\"><\/td><td class=\"column-5\">Laura Vallenius<\/td><td class=\"column-6\">laura.vallenius96@outlook.com<\/td>\n<\/tr>\n<tr class=\"row-3 odd\">\n\t<td class=\"column-1\"><\/td><td class=\"column-2\"> <\/td><td class=\"column-3\"><\/td><td class=\"column-4\"><\/td><td class=\"column-5\"><\/td><td class=\"column-6\"><\/td>\n<\/tr>\n<\/tbody>\n<\/table>\n<!-- #tablepress-21 from cache -->\n","protected":false},"excerpt":{"rendered":"<p>Uroskoirien omistajat voivat ilmoittaa koiransa tiedot jalostusuroslistalle ja n\u00e4in ilmaista, ett\u00e4 koira on k\u00e4ytett\u00e4viss\u00e4 jalostukseen. Jalostustoimikunta ei ole tarkastanut listalla olevia uroksia tai niiden tietoja. Jalostusurosten tulee ennen astutusta t\u00e4ytt\u00e4\u00e4 jalostuskoirielle hyv\u00e4ksytyt v\u00e4himm\u00e4isvaatimukset,\u00a0jotka l\u00f6yd\u00e4t t\u00e4st\u00e4 linkist\u00e4. Ilmoita uudet tai muuttuneet &hellip; <a href=\"https:\/\/www.manssi.net\/wordpress\/jalostusurokset\/\">Lue loppuun <span class=\"meta-nav\">&rarr;<\/span><\/a><\/p>\n","protected":false},"author":1,"featured_media":0,"parent":0,"menu_order":0,"comment_status":"closed","ping_status":"closed","template":"showcase.php","meta":[],"_links":{"self":[{"href":"https:\/\/www.manssi.net\/wordpress\/wp-json\/wp\/v2\/pages\/277"}],"collection":[{"href":"https:\/\/www.manssi.net\/wordpress\/wp-json\/wp\/v2\/pages"}],"about":[{"href":"https:\/\/www.manssi.net\/wordpress\/wp-json\/wp\/v2\/types\/page"}],"author":[{"embeddable":true,"href":"https:\/\/www.manssi.net\/wordpress\/wp-json\/wp\/v2\/users\/1"}],"replies":[{"embeddable":true,"href":"https:\/\/www.manssi.net\/wordpress\/wp-json\/wp\/v2\/comments?post=277"}],"version-history":[{"count":57,"href":"https:\/\/www.manssi.net\/wordpress\/wp-json\/wp\/v2\/pages\/277\/revisions"}],"predecessor-version":[{"id":3627,"href":"https:\/\/www.manssi.net\/wordpress\/wp-json\/wp\/v2\/pages\/277\/revisions\/3627"}],"wp:attachment":[{"href":"https:\/\/www.manssi.net\/wordpress\/wp-json\/wp\/v2\/media?parent=277"}],"curies":[{"name":"wp","href":"https:\/\/api.w.org\/{rel}","templated":true}]}}