{"id":2832,"date":"2018-12-22T01:04:02","date_gmt":"2018-12-21T22:04:02","guid":{"rendered":"http:\/\/www.manssi.net\/?page_id=2832"},"modified":"2018-12-27T14:22:38","modified_gmt":"2018-12-27T11:22:38","slug":"valloittava-veteraani-cup","status":"publish","type":"page","link":"https:\/\/www.manssi.net\/wordpress\/kilpailut\/valloittava-veteraani-cup\/","title":{"rendered":"Valloittava Veteraani Cup"},"content":{"rendered":"<p style=\"text-align: left;\" align=\"center\"><b>Valloittava Veteraani Cup on vuosittain jaettava kiertopalkinto, joka luovutetaan STJ:n erikoisn\u00e4yttelyn Terri-Erin rotunsa parhaalle manchesterinterrieriveteraanille.<\/b><\/p>\n<p style=\"text-align: left;\" align=\"center\"><b>Vastaanottamalla pokaalin, sitoutuu koiran omistaja tai haltija toimittamaan sen seuraavana vuonna erikoisn\u00e4yttelyyn jaettavaksi edelleen.<\/b><\/p>\n<p style=\"text-align: left;\" align=\"center\"><b>Palkinnon on kiertoon luovuttanut 27.3.2018 Sari Kanerva sek\u00e4 h\u00e4nen manssinsa Bonwild Daredevil \u201cManu\u201d ja Bonwild Too Hot To Handle \u201cRemu\u201d.<\/b><\/p>\n","protected":false},"excerpt":{"rendered":"<p>Valloittava Veteraani Cup on vuosittain jaettava kiertopalkinto, joka luovutetaan STJ:n erikoisn\u00e4yttelyn Terri-Erin rotunsa parhaalle manchesterinterrieriveteraanille. Vastaanottamalla pokaalin, sitoutuu koiran omistaja tai haltija toimittamaan sen seuraavana vuonna erikoisn\u00e4yttelyyn jaettavaksi edelleen. Palkinnon on kiertoon luovuttanut 27.3.2018 Sari Kanerva sek\u00e4 h\u00e4nen manssinsa Bonwild &hellip; <a href=\"https:\/\/www.manssi.net\/wordpress\/kilpailut\/valloittava-veteraani-cup\/\">Lue loppuun <span class=\"meta-nav\">&rarr;<\/span><\/a><\/p>\n","protected":false},"author":7622,"featured_media":0,"parent":953,"menu_order":0,"comment_status":"closed","ping_status":"closed","template":"","meta":[],"_links":{"self":[{"href":"https:\/\/www.manssi.net\/wordpress\/wp-json\/wp\/v2\/pages\/2832"}],"collection":[{"href":"https:\/\/www.manssi.net\/wordpress\/wp-json\/wp\/v2\/pages"}],"about":[{"href":"https:\/\/www.manssi.net\/wordpress\/wp-json\/wp\/v2\/types\/page"}],"author":[{"embeddable":true,"href":"https:\/\/www.manssi.net\/wordpress\/wp-json\/wp\/v2\/users\/7622"}],"replies":[{"embeddable":true,"href":"https:\/\/www.manssi.net\/wordpress\/wp-json\/wp\/v2\/comments?post=2832"}],"version-history":[{"count":2,"href":"https:\/\/www.manssi.net\/wordpress\/wp-json\/wp\/v2\/pages\/2832\/revisions"}],"predecessor-version":[{"id":2859,"href":"https:\/\/www.manssi.net\/wordpress\/wp-json\/wp\/v2\/pages\/2832\/revisions\/2859"}],"up":[{"embeddable":true,"href":"https:\/\/www.manssi.net\/wordpress\/wp-json\/wp\/v2\/pages\/953"}],"wp:attachment":[{"href":"https:\/\/www.manssi.net\/wordpress\/wp-json\/wp\/v2\/media?parent=2832"}],"curies":[{"name":"wp","href":"https:\/\/api.w.org\/{rel}","templated":true}]}}