{"id":3313,"date":"2021-05-08T19:01:20","date_gmt":"2021-05-08T16:01:20","guid":{"rendered":"http:\/\/www.manssi.net\/?page_id=3313"},"modified":"2021-05-08T19:29:23","modified_gmt":"2021-05-08T16:29:23","slug":"tulokset-2019","status":"publish","type":"page","link":"https:\/\/www.manssi.net\/wordpress\/kilpailutulokset\/tulokset-2019\/","title":{"rendered":"Tulokset 2019"},"content":{"rendered":"\n<p><strong>Vuoden Agilitykoira \/ Intopalleron Cup<\/strong><\/p>\n\n\n\n<p><strong>1. Rockstyle\u2019s Rat-Snapper \u201dTenho\u201d<\/strong>, yht. 133,5 p. Ohjaaja Laura R\u00f6ysk\u00f6<\/p>\n\n\n\n<p>2. Hannula Renholms Pepita I Panama &#8221;Prada&#8221;, yht. 120 p. Ohjaaja P\u00e4ivi Hituri<br>3. Bonwild Pure Rockstyle &#8221;Ninja&#8221;, yht. 82 p. Ohjaaja Riitta Rautio<\/p>\n\n\n\n<p><strong>Vuoden Agilitytulokas \/ Rockstyle&#8217;s Cup<\/strong><\/p>\n\n\n\n<p><strong>1. Rockstyle&#8217;s Clean Run &#8221;Rune&#8221;<\/strong>, yht. 105 p. Ohjaaja Tiina Rantio<\/p>\n\n\n\n<p><strong>Vuoden Rally-Tokokoira \/ Black Manter&#8217;s Cup<\/strong><\/p>\n\n\n\n<p><strong>1. Sunwood&#8217;s Baroness &#8221;Akka&#8221;<\/strong>, yht. 10 p. Ohjaaja Rita Liikaluoma<\/p>\n\n\n\n<p>2. Ukkosakan Unelmista Punottu &#8221;Urho&#8221;, yht. 4 p. Ohjaaja Jonna Pakarinen<\/p>\n\n\n\n<p><strong>Vuoden Tokokoira \/ Kimblewick Cup<br><br><\/strong><strong>1. Sunwood\u2019s Baroness \u201cAkka\u201d<\/strong>, yht. 8 p. Ohjaaja Rita Liikaluoma<\/p>\n\n\n\n<p><strong>Vuoden n\u00e4yttelykoira \/ Hilmanter&#8217;s Cup<\/strong><\/p>\n\n\n\n<p><strong>1. Ukkosakan Unelmista Punottu &#8221;Urho&#8221;<\/strong>, 70 p. Omistaja Jonna Pakarinen<\/p>\n\n\n\n<p>2. Bonwild What A Feeling &#8221;Wanda&#8221;, yht. 65 p. Omistajat Sari Laitinen ja L\u00f6fgr\u00e9n Pirjo<br>2. Ruska-Ahon Sula Hulluus &#8221;Hilton&#8221;, yht. 65. p. Omistaja Tuija Kiljunen<br>3. Bonwild Just Think About It &#8221;Mooses&#8221;, yht. 62 p. Omistaja Sari Laitinen<br>4. Bonwild Too Hot To Handle &#8221;Remu&#8221;, yht. 59 p. Omistaja Sari Kanerva<br>5. Sunwood&#8217;s Baroness &#8221;Akka&#8221;, yht. 56 p. Omistaja Rita Liikaluoma<br>6. Dogct Sweet Sonata &#8221;Chaicka&#8221;, yht. 50 p. Omistaja Sari Laitinen<br>7. Ukkosakan Rakastettu Rinsessa &#8221;Lily&#8221;, yht. 39 p., Omistaja Rita Liikaluoma ja Aurora Hartikainen<br>8. Ukkosakan Odotettu Onni &#8221;Rico&#8221;, yht. 31 p. Omistaja Rita Liikaluoma<\/p>\n\n\n\n<p><strong>Vuoden n\u00e4yttelyveteraani \/ Ukkosakan Cup<\/strong><\/p>\n\n\n\n<p><strong>1. Sunwood&#8217;s Baroness &#8221;Akka\u201c<\/strong>, yht. 79. Omistaja Rita Liikaluoma<\/p>\n\n\n\n<p>2. Bonwild Too Hot To Handle &#8221;Remu&#8221;, yht. 72 p. Omistaja Kanerva Sari<br>3. Kimblewick Royal Ace &#8221;Ukko&#8221;, yht. 18 p. Omistaja Rita Liikaluoma<\/p>\n\n\n\n<p><strong>Vuoden kasvattaja<\/strong><\/p>\n\n\n\n<p><strong>1. Kennel Rockstyle&#8217;s \/ Riitta Rautio<\/strong>, yht. 90 p.<\/p>\n\n\n\n<p>2. Kennel Black Manter&#8217;s \/ P\u00e4ivi Hituri, yht. 38 p.<br>3. Kennel Ukkosakan \/ Rita Liikaluoma, yht. 33 p.<\/p>\n\n\n\n<h2><strong>TerriEri 2019 tulokset<\/strong><\/h2>\n\n\n\n<p><strong>Tyburn Cup <\/strong>&#8211; ROP-manssi<\/p>\n\n\n\n<p><strong>Bonwild Just Think About It &#8221;Mooses&#8221;<\/strong>, omistaja Sari Laitinen<\/p>\n\n\n\n<p><strong>Titan Pytty <\/strong>&#8211; VSP-manssi<\/p>\n\n\n\n<p><strong>Dogct Sweet Sonata &#8221;Chaicka&#8221;<\/strong>,&nbsp; omistaja Sari Laitinen<\/p>\n\n\n\n<p><strong>Valloittava Veteraani Cup <\/strong>&#8211; ROP-veteraani<\/p>\n\n\n\n<p><strong>Sunwood&#8217;s Baroness &#8221;Akka&#8221;<\/strong>, omistaja Rita Liikaluoma<\/p>\n\n\n\n<p><strong>Verraton Veteraani Cup <\/strong>&#8211; VSP-veteraani<\/p>\n\n\n\n<p><strong>Kimblewick Royal Ace &#8221;Ukko&#8221;<\/strong>, omistaja Rita Liikaluoma<\/p>\n\n\n\n<p><strong>Hannula Renholms Junior Cup <\/strong><strong>&#8211; <\/strong>&nbsp;junioriluokan paras uros<\/p>\n\n\n\n<p><strong>Ainiaan Vappuh\u00e4isk\u00e4 &#8221;Cauzho&#8221;<\/strong>, omistaja Kiira Korhonen<\/p>\n\n\n\n<p><strong>Hannula Renholms Junior Cup <\/strong><strong>&#8211; <\/strong>&nbsp;junioriluokan paras narttu<\/p>\n\n\n\n<p><strong>Ukkosakan Rakastettu Rinsessa &#8221;Lily&#8221;<\/strong>, omistaja Rita Liikaluoma<\/p>\n\n\n\n<p><strong>Onnen Tullen Cup &#8211; <\/strong>nuorten luokan paras narttu<\/p>\n\n\n\n<p><strong>Ainiaan Ah Kuinka Aurinkoinen<\/strong>, omistajat Satu Kauppinen ja Mirva Aaltokoski<\/p>\n","protected":false},"excerpt":{"rendered":"<p>Vuoden Agilitykoira \/ Intopalleron Cup 1. Rockstyle\u2019s Rat-Snapper \u201dTenho\u201d, yht. 133,5 p. Ohjaaja Laura R\u00f6ysk\u00f6 2. Hannula Renholms Pepita I Panama &#8221;Prada&#8221;, yht. 120 p. Ohjaaja P\u00e4ivi Hituri3. Bonwild Pure Rockstyle &#8221;Ninja&#8221;, yht. 82 p. Ohjaaja Riitta Rautio Vuoden Agilitytulokas &hellip; <a href=\"https:\/\/www.manssi.net\/wordpress\/kilpailutulokset\/tulokset-2019\/\">Lue loppuun <span class=\"meta-nav\">&rarr;<\/span><\/a><\/p>\n","protected":false},"author":7622,"featured_media":0,"parent":1208,"menu_order":0,"comment_status":"closed","ping_status":"closed","template":"","meta":[],"_links":{"self":[{"href":"https:\/\/www.manssi.net\/wordpress\/wp-json\/wp\/v2\/pages\/3313"}],"collection":[{"href":"https:\/\/www.manssi.net\/wordpress\/wp-json\/wp\/v2\/pages"}],"about":[{"href":"https:\/\/www.manssi.net\/wordpress\/wp-json\/wp\/v2\/types\/page"}],"author":[{"embeddable":true,"href":"https:\/\/www.manssi.net\/wordpress\/wp-json\/wp\/v2\/users\/7622"}],"replies":[{"embeddable":true,"href":"https:\/\/www.manssi.net\/wordpress\/wp-json\/wp\/v2\/comments?post=3313"}],"version-history":[{"count":6,"href":"https:\/\/www.manssi.net\/wordpress\/wp-json\/wp\/v2\/pages\/3313\/revisions"}],"predecessor-version":[{"id":3327,"href":"https:\/\/www.manssi.net\/wordpress\/wp-json\/wp\/v2\/pages\/3313\/revisions\/3327"}],"up":[{"embeddable":true,"href":"https:\/\/www.manssi.net\/wordpress\/wp-json\/wp\/v2\/pages\/1208"}],"wp:attachment":[{"href":"https:\/\/www.manssi.net\/wordpress\/wp-json\/wp\/v2\/media?parent=3313"}],"curies":[{"name":"wp","href":"https:\/\/api.w.org\/{rel}","templated":true}]}}