{"id":3408,"date":"2022-01-16T22:08:57","date_gmt":"2022-01-16T19:08:57","guid":{"rendered":"http:\/\/www.manssi.net\/?page_id=3408"},"modified":"2022-01-16T22:10:02","modified_gmt":"2022-01-16T19:10:02","slug":"vuoden-nosework-koira","status":"publish","type":"page","link":"https:\/\/www.manssi.net\/wordpress\/kilpailut\/vuoden-nosework-koira\/","title":{"rendered":"Vuoden nosework-koira"},"content":{"rendered":"\n<p>Korkeintaan viisi (5) koetta otetaan laskentaan. Tasapisteiss\u00e4 v\u00e4hiten virhepisteit\u00e4 saanut tai lopulta korkeammassa luokassa kilpaillut koira voittaa.<\/p>\n\n\n\n<p>Vuoden Nosework-koira -kilpailun voittaja palkitaan <em>Bonwild Cup <\/em>-kiertopalkinnolla.<\/p>\n\n\n\n<p><strong>Pisteet<\/strong><\/p>\n\n\n\n<p>Pisteytys l\u00f6yt\u00f6pisteist\u00e4:<br>\n<br>\nLuokka 1<br>\n<br>\n100 p &#8211; 6 pistett\u00e4<br>\n75 p &#8211; 4 pistett\u00e4<br>\n50 p &#8211; 2 pistett\u00e4<br>\n25 p &#8211; 1 piste<br>\n<br>\nLuokat 2 ja 3<br>\n<br>\n100 p &#8211; 8 pistett\u00e4<br>\n75-99 p &#8211; 6 pistett\u00e4<br>\n50-74 p &#8211; 4 pistett\u00e4<br>\n25-49 p &#8211; 2 pistett\u00e4<br>\n<br>\nPisteytys sijoituksista:<br>\n<br>\n1. 3 pistett\u00e4<br>\n2. 2 pistett\u00e4<br>\n3. 1 pistett\u00e4<br>\n<br>\n<\/p>\n\n\n<p><!--EndFragment--><br>\n<br>\n<\/p>","protected":false},"excerpt":{"rendered":"<p>Korkeintaan viisi (5) koetta otetaan laskentaan. Tasapisteiss\u00e4 v\u00e4hiten virhepisteit\u00e4 saanut tai lopulta korkeammassa luokassa kilpaillut koira voittaa. Vuoden Nosework-koira -kilpailun voittaja palkitaan Bonwild Cup -kiertopalkinnolla. Pisteet Pisteytys l\u00f6yt\u00f6pisteist\u00e4: Luokka 1 100 p &#8211; 6 pistett\u00e4 75 p &#8211; 4 pistett\u00e4 &hellip; <a href=\"https:\/\/www.manssi.net\/wordpress\/kilpailut\/vuoden-nosework-koira\/\">Lue loppuun <span class=\"meta-nav\">&rarr;<\/span><\/a><\/p>\n","protected":false},"author":1,"featured_media":0,"parent":953,"menu_order":7,"comment_status":"closed","ping_status":"closed","template":"","meta":[],"_links":{"self":[{"href":"https:\/\/www.manssi.net\/wordpress\/wp-json\/wp\/v2\/pages\/3408"}],"collection":[{"href":"https:\/\/www.manssi.net\/wordpress\/wp-json\/wp\/v2\/pages"}],"about":[{"href":"https:\/\/www.manssi.net\/wordpress\/wp-json\/wp\/v2\/types\/page"}],"author":[{"embeddable":true,"href":"https:\/\/www.manssi.net\/wordpress\/wp-json\/wp\/v2\/users\/1"}],"replies":[{"embeddable":true,"href":"https:\/\/www.manssi.net\/wordpress\/wp-json\/wp\/v2\/comments?post=3408"}],"version-history":[{"count":2,"href":"https:\/\/www.manssi.net\/wordpress\/wp-json\/wp\/v2\/pages\/3408\/revisions"}],"predecessor-version":[{"id":3410,"href":"https:\/\/www.manssi.net\/wordpress\/wp-json\/wp\/v2\/pages\/3408\/revisions\/3410"}],"up":[{"embeddable":true,"href":"https:\/\/www.manssi.net\/wordpress\/wp-json\/wp\/v2\/pages\/953"}],"wp:attachment":[{"href":"https:\/\/www.manssi.net\/wordpress\/wp-json\/wp\/v2\/media?parent=3408"}],"curies":[{"name":"wp","href":"https:\/\/api.w.org\/{rel}","templated":true}]}}