{"id":349,"date":"2012-02-02T01:29:07","date_gmt":"2012-02-01T23:29:07","guid":{"rendered":"http:\/\/www.manssi.net\/wordpress\/?page_id=349"},"modified":"2013-05-14T18:32:20","modified_gmt":"2013-05-14T15:32:20","slug":"agility","status":"publish","type":"page","link":"https:\/\/www.manssi.net\/wordpress\/agility\/","title":{"rendered":"Agility"},"content":{"rendered":"<p>Manssimaisia agilitytuloksia voit k\u00e4yd\u00e4 ihailemassa <a href=\"http:\/\/jalostus.kennelliitto.fi\/frmTulokset.aspx?R=71&amp;K=AGI&amp;L=2&amp;A=2012\" target=\"_blank\">KoiraNetist\u00e4<\/a>.<\/p>\n<p><strong>Agility<\/strong> on vauhdikas koiraharrastus, jota voi harrastaa vain omaksi ja koiran iloksi tai sitten t\u00e4hd\u00e4t\u00e4 MM-kilparadoille saakka. Agilityss\u00e4 pyrit\u00e4\u00e4n suorittamaan kilpailurata mahdollisimman nopeasti, mahdollisimman v\u00e4hill\u00e4 virhepisteill\u00e4.<br \/>\nLis\u00e4\u00e4 agilityst\u00e4 voit lukea esimerkiksi <a href=\"http:\/\/tango-109.srv.hosting.fi\/wordpress\/?page_id=3\" target=\"_blank\">Suomen Agilityliiton<\/a> sivuilta.<\/p>\n<p>Manssi on omiaan t\u00e4ss\u00e4 nopeatempoisessa urheilulajissa. Toki nopea ja herkk\u00e4 koira vaatii paljon my\u00f6s ohjaajalta, mutta manssit ovat yleens\u00e4 helposti motivoitavia. Ne ovat ahneita ja tykk\u00e4\u00e4v\u00e4t saalis- ja repimisleikeist\u00e4. Toki terrierin ollessa kyseess\u00e4, koulutuksessa on muistettava pit\u00e4\u00e4 aina pilke silm\u00e4kulmassa &#8211; terrierin kouluttaminen on aina terrierin kouluttamista!<\/p>\n<p>Agilitykuvia ja -videoita:<br \/>\n<a href=\"http:\/\/www.youtube.com\/watch?v=97C0gUMpVDg\" target=\"_blank\">WC HELSINKI 2008 \/ Stephanie Tiemann &amp; CHILLY (GER)<\/a><\/p>\n<p>&nbsp;<\/p>\n","protected":false},"excerpt":{"rendered":"<p>Manssimaisia agilitytuloksia voit k\u00e4yd\u00e4 ihailemassa KoiraNetist\u00e4. Agility on vauhdikas koiraharrastus, jota voi harrastaa vain omaksi ja koiran iloksi tai sitten t\u00e4hd\u00e4t\u00e4 MM-kilparadoille saakka. Agilityss\u00e4 pyrit\u00e4\u00e4n suorittamaan kilpailurata mahdollisimman nopeasti, mahdollisimman v\u00e4hill\u00e4 virhepisteill\u00e4. Lis\u00e4\u00e4 agilityst\u00e4 voit lukea esimerkiksi Suomen Agilityliiton sivuilta. &hellip; <a href=\"https:\/\/www.manssi.net\/wordpress\/agility\/\">Lue loppuun <span class=\"meta-nav\">&rarr;<\/span><\/a><\/p>\n","protected":false},"author":1,"featured_media":0,"parent":0,"menu_order":0,"comment_status":"closed","ping_status":"closed","template":"","meta":[],"_links":{"self":[{"href":"https:\/\/www.manssi.net\/wordpress\/wp-json\/wp\/v2\/pages\/349"}],"collection":[{"href":"https:\/\/www.manssi.net\/wordpress\/wp-json\/wp\/v2\/pages"}],"about":[{"href":"https:\/\/www.manssi.net\/wordpress\/wp-json\/wp\/v2\/types\/page"}],"author":[{"embeddable":true,"href":"https:\/\/www.manssi.net\/wordpress\/wp-json\/wp\/v2\/users\/1"}],"replies":[{"embeddable":true,"href":"https:\/\/www.manssi.net\/wordpress\/wp-json\/wp\/v2\/comments?post=349"}],"version-history":[{"count":7,"href":"https:\/\/www.manssi.net\/wordpress\/wp-json\/wp\/v2\/pages\/349\/revisions"}],"predecessor-version":[{"id":440,"href":"https:\/\/www.manssi.net\/wordpress\/wp-json\/wp\/v2\/pages\/349\/revisions\/440"}],"wp:attachment":[{"href":"https:\/\/www.manssi.net\/wordpress\/wp-json\/wp\/v2\/media?parent=349"}],"curies":[{"name":"wp","href":"https:\/\/api.w.org\/{rel}","templated":true}]}}