{"id":357,"date":"2012-02-02T01:36:48","date_gmt":"2012-02-01T23:36:48","guid":{"rendered":"http:\/\/www.manssi.net\/wordpress\/?page_id=357"},"modified":"2021-09-01T19:48:30","modified_gmt":"2021-09-01T16:48:30","slug":"kuvagalleria","status":"publish","type":"page","link":"https:\/\/www.manssi.net\/wordpress\/kuvagalleria\/","title":{"rendered":"Kuvagalleria"},"content":{"rendered":"<div class='photo-galleria' >\n\t\t<style type=\"text\/css\">\n\t\t\t#gallery-1 {\n\t\t\t\tmargin: auto;\n\t\t\t}\n\t\t\t#gallery-1 .gallery-item {\n\t\t\t\tfloat: left;\n\t\t\t\tmargin-top: 10px;\n\t\t\t\ttext-align: center;\n\t\t\t\twidth: 33%;\n\t\t\t}\n\t\t\t#gallery-1 img {\n\t\t\t\tborder: 2px solid #cfcfcf;\n\t\t\t}\n\t\t\t#gallery-1 .gallery-caption {\n\t\t\t\tmargin-left: 0;\n\t\t\t}\n\t\t\t\/* see gallery_shortcode() in wp-includes\/media.php *\/\n\t\t<\/style>\n\t\t<div id='gallery-1' class='gallery galleryid-357 gallery-columns-3 gallery-size-thumbnail'><dl class='gallery-item'>\n\t\t\t<dt class='gallery-icon landscape'>\n\t\t\t\t<a href='https:\/\/www.manssi.net\/wordpress\/wp-content\/uploads\/2012\/02\/lokakuu-1024x768.jpg' title=''><img width=\"150\" height=\"150\" src=\"https:\/\/www.manssi.net\/wordpress\/wp-content\/uploads\/2012\/02\/lokakuu-150x150.jpg\" class=\"attachment-thumbnail size-thumbnail\" alt=\"\" decoding=\"async\" loading=\"lazy\" \/><\/a>\n\t\t\t<\/dt><\/dl><dl class='gallery-item'>\n\t\t\t<dt class='gallery-icon landscape'>\n\t\t\t\t<a href='https:\/\/www.manssi.net\/wordpress\/wp-content\/uploads\/2012\/04\/P3150005-1024x575.jpg' title='Pihla-Ottilia Wala'><img width=\"150\" height=\"150\" src=\"https:\/\/www.manssi.net\/wordpress\/wp-content\/uploads\/2012\/04\/P3150005-150x150.jpg\" class=\"attachment-thumbnail size-thumbnail\" alt=\"\" decoding=\"async\" loading=\"lazy\" \/><\/a>\n\t\t\t<\/dt><\/dl><dl class='gallery-item'>\n\t\t\t<dt class='gallery-icon '>\n\t\t\t\t<a href='https:\/\/www.manssi.net\/wordpress\/wp-content\/uploads\/2012\/02\/sis\u00e4sivu.jpg' title='sis\u00e4sivu'><img width=\"1\" height=\"1\" src=\"https:\/\/www.manssi.net\/wordpress\/wp-content\/uploads\/2012\/02\/sis\u00e4sivu.jpg\" class=\"attachment-thumbnail size-thumbnail\" alt=\"\" decoding=\"async\" loading=\"lazy\" \/><\/a>\n\t\t\t<\/dt><\/dl><br style=\"clear: both\" \/><dl class='gallery-item'>\n\t\t\t<dt class='gallery-icon '>\n\t\t\t\t<a href='https:\/\/www.manssi.net\/wordpress\/wp-content\/uploads\/2012\/04\/DSC02368.jpg' title='Tea Vimpari'><img width=\"1\" height=\"1\" src=\"https:\/\/www.manssi.net\/wordpress\/wp-content\/uploads\/2012\/04\/DSC02368.jpg\" class=\"attachment-thumbnail size-thumbnail\" alt=\"\" decoding=\"async\" loading=\"lazy\" \/><\/a>\n\t\t\t<\/dt><\/dl><dl class='gallery-item'>\n\t\t\t<dt class='gallery-icon '>\n\t\t\t\t<a href='https:\/\/www.manssi.net\/wordpress\/wp-content\/uploads\/2012\/02\/elokuu.jpg' title='elokuu'><img width=\"1\" height=\"1\" src=\"https:\/\/www.manssi.net\/wordpress\/wp-content\/uploads\/2012\/02\/elokuu.jpg\" class=\"attachment-thumbnail size-thumbnail\" alt=\"\" decoding=\"async\" loading=\"lazy\" \/><\/a>\n\t\t\t<\/dt><\/dl><dl class='gallery-item'>\n\t\t\t<dt class='gallery-icon '>\n\t\t\t\t<a href='https:\/\/www.manssi.net\/wordpress\/wp-content\/uploads\/2012\/02\/toukokuu.jpg' title='toukokuu'><img width=\"1\" height=\"1\" src=\"https:\/\/www.manssi.net\/wordpress\/wp-content\/uploads\/2012\/02\/toukokuu.jpg\" class=\"attachment-thumbnail size-thumbnail\" alt=\"\" decoding=\"async\" loading=\"lazy\" \/><\/a>\n\t\t\t<\/dt><\/dl><br style=\"clear: both\" \/><dl class='gallery-item'>\n\t\t\t<dt class='gallery-icon '>\n\t\t\t\t<a href='https:\/\/www.manssi.net\/wordpress\/wp-content\/uploads\/2012\/04\/DSC02706.jpg' title='Tea Vimpari'><img width=\"1\" height=\"1\" src=\"https:\/\/www.manssi.net\/wordpress\/wp-content\/uploads\/2012\/04\/DSC02706.jpg\" class=\"attachment-thumbnail size-thumbnail\" alt=\"\" decoding=\"async\" loading=\"lazy\" \/><\/a>\n\t\t\t<\/dt><\/dl><dl class='gallery-item'>\n\t\t\t<dt class='gallery-icon portrait'>\n\t\t\t\t<a href='https:\/\/www.manssi.net\/wordpress\/wp-content\/uploads\/2012\/04\/40851_428807953570_707203570_4818048_5449972_n.jpg' title='Tea Vimpari'><img width=\"150\" height=\"150\" src=\"https:\/\/www.manssi.net\/wordpress\/wp-content\/uploads\/2012\/04\/40851_428807953570_707203570_4818048_5449972_n-150x150.jpg\" class=\"attachment-thumbnail size-thumbnail\" alt=\"\" decoding=\"async\" loading=\"lazy\" \/><\/a>\n\t\t\t<\/dt><\/dl><dl class='gallery-item'>\n\t\t\t<dt class='gallery-icon '>\n\t\t\t\t<a href='https:\/\/www.manssi.net\/wordpress\/wp-content\/uploads\/2012\/02\/syyskuu.jpg' title='syyskuu'><img width=\"1\" height=\"1\" src=\"https:\/\/www.manssi.net\/wordpress\/wp-content\/uploads\/2012\/02\/syyskuu.jpg\" class=\"attachment-thumbnail size-thumbnail\" alt=\"\" decoding=\"async\" loading=\"lazy\" \/><\/a>\n\t\t\t<\/dt><\/dl><br style=\"clear: both\" \/><dl class='gallery-item'>\n\t\t\t<dt class='gallery-icon landscape'>\n\t\t\t\t<a href='https:\/\/www.manssi.net\/wordpress\/wp-content\/uploads\/2013\/12\/Hyppy.jpg' title='Hyppy'><img width=\"150\" height=\"150\" src=\"https:\/\/www.manssi.net\/wordpress\/wp-content\/uploads\/2013\/12\/Hyppy-150x150.jpg\" class=\"attachment-thumbnail size-thumbnail\" alt=\"\" decoding=\"async\" loading=\"lazy\" \/><\/a>\n\t\t\t<\/dt><\/dl><dl class='gallery-item'>\n\t\t\t<dt class='gallery-icon landscape'>\n\t\t\t\t<a href='https:\/\/www.manssi.net\/wordpress\/wp-content\/uploads\/2012\/04\/dottie-kalliolla-2.jpeg' title='Pihla-Ottilia Wala'><img width=\"150\" height=\"150\" src=\"https:\/\/www.manssi.net\/wordpress\/wp-content\/uploads\/2012\/04\/dottie-kalliolla-2-150x150.jpg\" class=\"attachment-thumbnail size-thumbnail\" alt=\"\" decoding=\"async\" loading=\"lazy\" \/><\/a>\n\t\t\t<\/dt><\/dl><dl class='gallery-item'>\n\t\t\t<dt class='gallery-icon portrait'>\n\t\t\t\t<a href='https:\/\/www.manssi.net\/wordpress\/wp-content\/uploads\/2012\/04\/IMG_3676-768x1024.jpg' title='Pihla-Ottilia Wala'><img width=\"150\" height=\"150\" src=\"https:\/\/www.manssi.net\/wordpress\/wp-content\/uploads\/2012\/04\/IMG_3676-150x150.jpg\" class=\"attachment-thumbnail size-thumbnail\" alt=\"\" decoding=\"async\" loading=\"lazy\" \/><\/a>\n\t\t\t<\/dt><\/dl><br style=\"clear: both\" \/><dl class='gallery-item'>\n\t\t\t<dt class='gallery-icon landscape'>\n\t\t\t\t<a href='https:\/\/www.manssi.net\/wordpress\/wp-content\/uploads\/2013\/12\/Puruluu.jpg' title='Puruluu'><img width=\"150\" height=\"150\" src=\"https:\/\/www.manssi.net\/wordpress\/wp-content\/uploads\/2013\/12\/Puruluu-150x150.jpg\" class=\"attachment-thumbnail size-thumbnail\" alt=\"\" decoding=\"async\" loading=\"lazy\" \/><\/a>\n\t\t\t<\/dt><\/dl><dl class='gallery-item'>\n\t\t\t<dt class='gallery-icon landscape'>\n\t\t\t\t<a href='https:\/\/www.manssi.net\/wordpress\/wp-content\/uploads\/2012\/04\/gritt-ja-dottie.jpeg' title='Pihla-Ottilia Wala'><img width=\"150\" height=\"150\" src=\"https:\/\/www.manssi.net\/wordpress\/wp-content\/uploads\/2012\/04\/gritt-ja-dottie-150x150.jpg\" class=\"attachment-thumbnail size-thumbnail\" alt=\"\" decoding=\"async\" loading=\"lazy\" \/><\/a>\n\t\t\t<\/dt><\/dl><dl class='gallery-item'>\n\t\t\t<dt class='gallery-icon '>\n\t\t\t\t<a href='https:\/\/www.manssi.net\/wordpress\/wp-content\/uploads\/2012\/02\/tammikuu.jpg' title='tammikuu'><img width=\"1\" height=\"1\" src=\"https:\/\/www.manssi.net\/wordpress\/wp-content\/uploads\/2012\/02\/tammikuu.jpg\" class=\"attachment-thumbnail size-thumbnail\" alt=\"\" decoding=\"async\" loading=\"lazy\" \/><\/a>\n\t\t\t<\/dt><\/dl><br style=\"clear: both\" \/><dl class='gallery-item'>\n\t\t\t<dt class='gallery-icon '>\n\t\t\t\t<a href='https:\/\/www.manssi.net\/wordpress\/wp-content\/uploads\/2012\/04\/DSC02666.jpg' title='Tea Vimpari'><img width=\"1\" height=\"1\" src=\"https:\/\/www.manssi.net\/wordpress\/wp-content\/uploads\/2012\/04\/DSC02666.jpg\" class=\"attachment-thumbnail size-thumbnail\" alt=\"\" decoding=\"async\" loading=\"lazy\" \/><\/a>\n\t\t\t<\/dt><\/dl><dl class='gallery-item'>\n\t\t\t<dt class='gallery-icon landscape'>\n\t\t\t\t<a href='https:\/\/www.manssi.net\/wordpress\/wp-content\/uploads\/2013\/12\/MonsiurMosse.jpg' title='MonsiurMosse'><img width=\"150\" height=\"150\" src=\"https:\/\/www.manssi.net\/wordpress\/wp-content\/uploads\/2013\/12\/MonsiurMosse-150x150.jpg\" class=\"attachment-thumbnail size-thumbnail\" alt=\"\" decoding=\"async\" loading=\"lazy\" \/><\/a>\n\t\t\t<\/dt><\/dl><dl class='gallery-item'>\n\t\t\t<dt class='gallery-icon landscape'>\n\t\t\t\t<a href='https:\/\/www.manssi.net\/wordpress\/wp-content\/uploads\/2013\/12\/Lumi.jpg' title='Lumi'><img width=\"150\" height=\"150\" src=\"https:\/\/www.manssi.net\/wordpress\/wp-content\/uploads\/2013\/12\/Lumi-150x150.jpg\" class=\"attachment-thumbnail size-thumbnail\" alt=\"\" decoding=\"async\" loading=\"lazy\" \/><\/a>\n\t\t\t<\/dt><\/dl><br style=\"clear: both\" \/>\n\t\t<\/div>\n<\/div><!-- .photo-galleria -->\n<h6><strong>Voit l\u00e4hett\u00e4\u00e4 kuvasi mukaan n\u00e4in:<\/strong><\/h6>\n<ol>\n<li>\n<h6>varmista, ett\u00e4 olet itse ottanut kuvan omasta koirastasi tai kysynyt luvan kuvan ottaneelta \/ kuvassa olijoilta kuvan julkaisuun.<\/h6>\n<\/li>\n<li>\n<h6>l\u00e4het\u00e4 kuva s\u00e4hk\u00f6postitse smt.viestinta@gmail.com<\/h6>\n<\/li>\n<li>\n<h6>laita viestin OTSIKOKSI: KUVAGALLERIAAN<\/h6>\n<\/li>\n<\/ol>\n","protected":false},"excerpt":{"rendered":"<p>Voit l\u00e4hett\u00e4\u00e4 kuvasi mukaan n\u00e4in: varmista, ett\u00e4 olet itse ottanut kuvan omasta koirastasi tai kysynyt luvan kuvan ottaneelta \/ kuvassa olijoilta kuvan julkaisuun. l\u00e4het\u00e4 kuva s\u00e4hk\u00f6postitse smt.viestinta@gmail.com laita viestin OTSIKOKSI: KUVAGALLERIAAN<\/p>\n","protected":false},"author":1,"featured_media":0,"parent":0,"menu_order":0,"comment_status":"closed","ping_status":"closed","template":"","meta":[],"_links":{"self":[{"href":"https:\/\/www.manssi.net\/wordpress\/wp-json\/wp\/v2\/pages\/357"}],"collection":[{"href":"https:\/\/www.manssi.net\/wordpress\/wp-json\/wp\/v2\/pages"}],"about":[{"href":"https:\/\/www.manssi.net\/wordpress\/wp-json\/wp\/v2\/types\/page"}],"author":[{"embeddable":true,"href":"https:\/\/www.manssi.net\/wordpress\/wp-json\/wp\/v2\/users\/1"}],"replies":[{"embeddable":true,"href":"https:\/\/www.manssi.net\/wordpress\/wp-json\/wp\/v2\/comments?post=357"}],"version-history":[{"count":13,"href":"https:\/\/www.manssi.net\/wordpress\/wp-json\/wp\/v2\/pages\/357\/revisions"}],"predecessor-version":[{"id":3363,"href":"https:\/\/www.manssi.net\/wordpress\/wp-json\/wp\/v2\/pages\/357\/revisions\/3363"}],"wp:attachment":[{"href":"https:\/\/www.manssi.net\/wordpress\/wp-json\/wp\/v2\/media?parent=357"}],"curies":[{"name":"wp","href":"https:\/\/api.w.org\/{rel}","templated":true}]}}