{"id":5,"date":"2012-01-20T08:44:27","date_gmt":"2012-01-20T06:44:27","guid":{"rendered":"http:\/\/www.manssi.net\/wordpress\/?page_id=5"},"modified":"2025-11-21T22:11:08","modified_gmt":"2025-11-21T19:11:08","slug":"etusivu","status":"publish","type":"page","link":"https:\/\/www.manssi.net\/wordpress\/","title":{"rendered":"Etusivu"},"content":{"rendered":"\n<div id=\"fb-root\">&nbsp;<\/div>\n\n\n\n<p><script type=\"mce-text\/javascript\">\/\/ <![CDATA[\n(function(d, s, id) {   var js, fjs = d.getElementsByTagName(s)[0];   if (d.getElementById(id)) return;   js = d.createElement(s); js.id = id;   js.src = \"\/\/connect.facebook.net\/en_US\/all.js#xfbml=1\";   fjs.parentNode.insertBefore(js, fjs); }(document, 'script', 'facebook-jssdk'));<br \/>\n\/\/ ]]><\/script><\/p>\n\n\n\n<div id=\"fb-root\">&nbsp;<\/div>\n\n\n\n<p><script type=\"mce-text\/javascript\">\/\/ <![CDATA[\n(function(d, s, id) {   var js, fjs = d.getElementsByTagName(s)[0];   if (d.getElementById(id)) return;   js = d.createElement(s); js.id = id;   js.src = \"\/\/connect.facebook.net\/en_GB\/all.js#xfbml=1\";   fjs.parentNode.insertBefore(js, fjs); }(document, 'script', 'facebook-jssdk'));<br \/>\n\/\/ ]]><\/script><\/p>\n\n\n\n<h1>Tervetuloa manssiyhdistyksen sivuille!<\/h1>\n\n\n<div class=\"wp-block-image\">\n<figure class=\"alignleft size-full is-resized\"><img decoding=\"async\" loading=\"lazy\" src=\"https:\/\/www.manssi.net\/wordpress\/wp-content\/uploads\/2025\/04\/WhatsApp-Image-2025-03-31-at-16.53.23-2-e1744267448791.jpeg\" alt=\"\" class=\"wp-image-3853\" width=\"364\" height=\"358\"\/><\/figure><\/div>\n\n\n<p><\/p>\n\n\n\n<p class=\"has-text-align-left\" style=\"font-size:15px\"><strong>Suomen Manchesterinterrierit ry<\/strong>. on vuonna 1992 perustettu rotuyhdistys. Manchesterinterriereiden rotuj\u00e4rjest\u00f6 on <a rel=\"noopener noreferrer\" href=\"http:\/\/www.terrierijarjesto.fi\" target=\"_blank\">Suomen Terrierij\u00e4rjest\u00f6<\/a>.<\/p>\n\n\n\n<p class=\"has-text-align-left\" style=\"font-size:15px\">Manssi on urheilullinen, vilkas ja eritt\u00e4in \u00e4lyk\u00e4s koira. Se on lihaksikas sek\u00e4, hienostuneesta ja sirosta olemuksestaan huolimatta, eritt\u00e4in vahvarakenteinen.<\/p>\n\n\n\n<p class=\"has-text-align-left\" style=\"font-size:15px\">Manssi on aktiivinen koira ja tarvitsee, varsinkin nuorempana, paljon aktivointia ja aivoty\u00f6skentely\u00e4. Fiksuna koirana manssi l\u00f6yt\u00e4\u00e4 kyll\u00e4 tekemist\u00e4, jos sit\u00e4 ei sille tarjota.&nbsp;Se on innokas ja eloisa sek\u00e4 tarpeen vaatiessa, se on valmis puolustamaan rohkeasti kotiaan ja yst\u00e4vi\u00e4\u00e4n.<\/p>\n\n\n\n<p><\/p>\n\n\n\n<p><\/p>\n\n\n\n<h1><strong>UUTISIA<\/strong><\/h1>\n\n\n\n<p><\/p>\n\n\n\n<p><\/p>\n\n\n\n<p class=\"has-small-font-size\"><strong><a title=\"Seuraa meit\u00e4 Facebookissa \/ Follow us in Facebook\" rel=\"noopener noreferrer\" href=\"https:\/\/www.facebook.com\/pages\/Suomen-Manchesterinterrierit-ry\/200835623290015\" target=\"_blank\">Seuraa meit\u00e4 Facebookissa \/ Follow us in Facebook<\/a><\/strong><\/p>\n\n\n\n<p><\/p>\n","protected":false},"excerpt":{"rendered":"<p>&nbsp; &nbsp; Tervetuloa manssiyhdistyksen sivuille! Suomen Manchesterinterrierit ry. on vuonna 1992 perustettu rotuyhdistys. Manchesterinterriereiden rotuj\u00e4rjest\u00f6 on Suomen Terrierij\u00e4rjest\u00f6. Manssi on urheilullinen, vilkas ja eritt\u00e4in \u00e4lyk\u00e4s koira. Se on lihaksikas sek\u00e4, hienostuneesta ja sirosta olemuksestaan huolimatta, eritt\u00e4in vahvarakenteinen. Manssi on aktiivinen &hellip; <a href=\"https:\/\/www.manssi.net\/wordpress\/\">Lue loppuun <span class=\"meta-nav\">&rarr;<\/span><\/a><\/p>\n","protected":false},"author":1,"featured_media":0,"parent":0,"menu_order":0,"comment_status":"closed","ping_status":"closed","template":"showcase.php","meta":[],"_links":{"self":[{"href":"https:\/\/www.manssi.net\/wordpress\/wp-json\/wp\/v2\/pages\/5"}],"collection":[{"href":"https:\/\/www.manssi.net\/wordpress\/wp-json\/wp\/v2\/pages"}],"about":[{"href":"https:\/\/www.manssi.net\/wordpress\/wp-json\/wp\/v2\/types\/page"}],"author":[{"embeddable":true,"href":"https:\/\/www.manssi.net\/wordpress\/wp-json\/wp\/v2\/users\/1"}],"replies":[{"embeddable":true,"href":"https:\/\/www.manssi.net\/wordpress\/wp-json\/wp\/v2\/comments?post=5"}],"version-history":[{"count":380,"href":"https:\/\/www.manssi.net\/wordpress\/wp-json\/wp\/v2\/pages\/5\/revisions"}],"predecessor-version":[{"id":3889,"href":"https:\/\/www.manssi.net\/wordpress\/wp-json\/wp\/v2\/pages\/5\/revisions\/3889"}],"wp:attachment":[{"href":"https:\/\/www.manssi.net\/wordpress\/wp-json\/wp\/v2\/media?parent=5"}],"curies":[{"name":"wp","href":"https:\/\/api.w.org\/{rel}","templated":true}]}}