{"id":68,"date":"2012-01-21T20:18:38","date_gmt":"2012-01-21T18:18:38","guid":{"rendered":"http:\/\/www.manssi.net\/wordpress\/?page_id=68"},"modified":"2014-03-10T15:06:47","modified_gmt":"2014-03-10T12:06:47","slug":"manchesterinterrieri","status":"publish","type":"page","link":"https:\/\/www.manssi.net\/wordpress\/manchesterinterrieri\/","title":{"rendered":"Tietoa manchesterinterrierist\u00e4"},"content":{"rendered":"<p><a href=\"https:\/\/www.manssi.net\/wordpress\/wp-content\/uploads\/2012\/01\/etukuva1.jpg\"><img decoding=\"async\" loading=\"lazy\" class=\"size-full wp-image-327 aligncenter\" title=\"etukuva\" alt=\"\" src=\"https:\/\/www.manssi.net\/wordpress\/wp-content\/uploads\/2012\/01\/etukuva1.jpg\" width=\"593\" height=\"385\" srcset=\"https:\/\/www.manssi.net\/wordpress\/wp-content\/uploads\/2012\/01\/etukuva1.jpg 593w, https:\/\/www.manssi.net\/wordpress\/wp-content\/uploads\/2012\/01\/etukuva1-300x194.jpg 300w, https:\/\/www.manssi.net\/wordpress\/wp-content\/uploads\/2012\/01\/etukuva1-462x300.jpg 462w\" sizes=\"(max-width: 593px) 100vw, 593px\" \/><\/a><\/p>\n<h2>Manchesterinterrierin historiaa<\/h2>\n<p>Manchesterinterrieri on alkuper\u00e4lt\u00e4\u00e4n englantilainen rotu ja se on muinaista alkuper\u00e4\u00e4.<br \/>\nRotu esiintyy kirjoissa nimell\u00e4 black and tan.<\/p>\n<p>1924 rotu sai nimekseen manchesterinterrieri. Toisen maailmansodan aikana rotu melkein kuoli sukupuuttoon. 1945 Englannissa oli j\u00e4ljell\u00e4 vain 11 puhdasrotuista manchesterinterrieri\u00e4. N\u00e4m\u00e4 koirat sek\u00e4 muutamat USA:n tuonnit ovat nykyisten manchesterinterrieriemme esivanhemmat. T\u00e4ll\u00e4 hetkell\u00e4 rodun suosio on hitaassa mutta varmassa kasvussa ymp\u00e4ri maailmaa.<\/p>\n<h2>Ulkomuoto ja yleisvaikutelma<\/h2>\n<p>Manchesterinterrieri on tiivis, notkearunkoinen, vilkas ja eritt\u00e4in \u00e4lyk\u00e4s koira. Se on urheilullinen ja lihaksikas, sek\u00e4 hienostuneesta ja sirosta olemuksestaan huolimatta eritt\u00e4in vahvarakenteinen. P\u00e4\u00e4n tulee olla litte\u00e4, kapea, tasainen ja kiilamainen ja silmien pienet, s\u00e4ken\u00f6iv\u00e4t, v\u00e4rilt\u00e4\u00e4n tummat ja mantelin muotoiset. Korvien tulisi olla pienet ja V:n muotoiset. Yleisvaikutelman tulee olla tyylik\u00e4s ja voimakas.<\/p>\n<p>V\u00e4ritykselt\u00e4\u00e4n manssi on kiilt\u00e4v\u00e4n musta syv\u00e4n mahonginpunaisin merkein. Karvapeite on pinnanmy\u00f6t\u00e4inen, sile\u00e4, kiilt\u00e4v\u00e4 ja tiivis.<br \/>\nN\u00e4pp\u00e4r\u00e4n kokonsa vuoksi se sopii erinomaisesti niin kaupunkiin kuin maallekin: s\u00e4k\u00e4korkeus uroksilla on 40 &#8211; 41 ja nartuilla 38 cm.<\/p>\n<p>Virallisen rotum\u00e4\u00e4ritelm\u00e4n voit lukea <a href=\"http:\/\/www.kennelliitto.fi\/sites\/default\/files\/attachments\/rotumaaritelmat\/fci_3\/3manches.pdf\" target=\"_blank\">t\u00e4\u00e4lt\u00e4\u00a0(pdf)<\/a>.<\/p>\n<p><strong>Manssi ja terveys<\/strong><\/p>\n<p>Manssia on pidetty aina eritt\u00e4in terveen\u00e4 rotuna. Rodun parissa harvoin t\u00f6rm\u00e4\u00e4 sairasteluun tai muihin terveysongelmiin. Mansseilla ei ole yleistyneit\u00e4 sairauksia eik\u00e4 rotu kuulu Kennelliiton PEVISA-ohjelmaan.<\/p>\n<p>Rodulla voi esiinty\u00e4 perinn\u00f6llist\u00e4 verenvuototautia (Von Willbrandin tauti, vWd). T\u00e4t\u00e4 tautia vastaan on kuitenkin taisteltu jo pitk\u00e4\u00e4n eik\u00e4 sairaita koiria ei synny, kun huolehditaan ett\u00e4 jalostukseen k\u00e4ytetyt koirat ovat vWd-testattuja eik\u00e4 kahta koiraa, jotka ovat taudin kantajia, yhdistet\u00e4. Kantaja ei sairastu itse tautiin, mutta periytt\u00e4\u00e4 sit\u00e4 eteenp\u00e4in.<\/p>\n<p>Viime vuosina on ruvettu tutkimaan innokkaammin silm\u00e4- ja polvisairauksia sek\u00e4 kuunteluttamaan syd\u00e4mi\u00e4. N\u00e4iss\u00e4 tutkimuksissa ei ainakaan toistaiseksi ole l\u00f6ytynyt juurikaan huolestuttavia l\u00f6yd\u00f6ksi\u00e4. N\u00e4m\u00e4 tutkimukset ovat silti t\u00e4rkeit\u00e4, jotta saadaan faktatietoa n\u00e4iden tutkittavien tautien esiintyvyydest\u00e4. Ne kun ovat valitettavan yleisi\u00e4 monilla koiraroduilla.<\/p>\n<p>Ajantasaiset terveystilastot n\u00e4et <a href=\"http:\/\/jalostus.kennelliitto.fi\/frmTerveys.aspx?R=71\" target=\"_blank\">t\u00e4\u00e4lt\u00e4<\/a>\u00a0(KoiraNet).<\/p>\n<p style=\"text-align: center;\"><img decoding=\"async\" loading=\"lazy\" class=\" wp-image-329 aligncenter\" title=\"poropojat 6vko 091\" alt=\"\" src=\"https:\/\/www.manssi.net\/wordpress\/wp-content\/uploads\/2012\/01\/poropojat-6vko-091.jpg\" width=\"622\" height=\"414\" srcset=\"https:\/\/www.manssi.net\/wordpress\/wp-content\/uploads\/2012\/01\/poropojat-6vko-091.jpg 778w, https:\/\/www.manssi.net\/wordpress\/wp-content\/uploads\/2012\/01\/poropojat-6vko-091-300x199.jpg 300w, https:\/\/www.manssi.net\/wordpress\/wp-content\/uploads\/2012\/01\/poropojat-6vko-091-450x300.jpg 450w\" sizes=\"(max-width: 622px) 100vw, 622px\" \/><\/p>\n<h2>Luonne<\/h2>\n<p>Luonteeltaan manssi on \u00e4lyk\u00e4s ja uskollinen. Se on innokas ja eloisa ja tarpeen vaatiessa se on valmis puolustamaan rohkeasti kotiaan ja yst\u00e4vi\u00e4\u00e4n. Se ilmaisee nopeasti tyytym\u00e4tt\u00f6myytens\u00e4 kovalla ja l\u00e4pitunkevalla haukunnallaan, mutta se ei ole &#8221;r\u00e4ksytt\u00e4j\u00e4&#8221; ja haukkuu harvoin ilman hyv\u00e4\u00e4 (ainakaan omasta mielest\u00e4\u00e4n) syyt\u00e4.<\/p>\n<p>Manssi on my\u00f6s vallaton ja kujeileva ja se ik\u00e4vystyy helposti. S\u00e4\u00e4nn\u00f6llisell\u00e4 liikunnalla ja seuranpidolla siit\u00e4 tulee perheelleen omistautunut ja uskollinen j\u00e4sen, jolla on taipumus valita yksi ihminen erityiseksi yst\u00e4v\u00e4kseen. Perheen ulkopuolella manssi yst\u00e4vystyy vieraisiin hitaasti, hieman varauksellisen luonteensa vuoksi. Mutta kun se hyv\u00e4ksyy yst\u00e4v\u00e4kseen, niin yst\u00e4vyys kest\u00e4\u00e4. Manssilla on pitk\u00e4 muisti eik\u00e4 se unohda helposti todellista tai kuvittelemaansa huonoa kohtelua.<\/p>\n<p><strong>Manssi harrastuskaverina<\/strong><\/p>\n<p><a href=\"http:\/\/farm4.staticflickr.com\/3603\/3693731924_6a7d672c6b.jpg\"><img decoding=\"async\" loading=\"lazy\" class=\"aligncenter\" title=\"Agikuva\" alt=\"\" src=\"http:\/\/farm4.staticflickr.com\/3603\/3693731924_6a7d672c6b.jpg\" width=\"500\" height=\"333\" \/><\/a><\/p>\n<p>Manssit ovat energisi\u00e4, sporttisia ja \u00e4lykk\u00e4it\u00e4 koiria, joten ne ovat mainioita harrastuskavereita erilaisiin koiraurheilulajeihin. Agility lienee manssien omin laji, mutta niille sopii my\u00f6s tottelevaisuuskokeet, canicross eli koirajuoksu, mets\u00e4styskoirien j\u00e4ljestyskokeet, rauniot, Rally-TOKO ja koiratanssi. Palveluskoiraoikeuksia t\u00e4ll\u00e4 pienehk\u00f6ll\u00e4 terrierirodulla ei ole, mutta esimerkiksi hakua ja j\u00e4ljest\u00e4mist\u00e4 voi manssin kanssa hyvin harrastaa ilman kilpailullisia tavoitteita. Agilityssa manssi p\u00e4\u00e4see toteuttamaan itse\u00e4\u00e4n nopeatempoisessa ja hauskassa lajissa, mik\u00e4 onkin omiaan ketter\u00e4lle rotanmets\u00e4stykseen jalostetulle koiralle. Suomessa agilityn ylimm\u00e4ss\u00e4 eli 3. luokassa kilpaili vuonna 2011 seitsem\u00e4n manssia, valioita Suomessa on leivottu jo kymmenkunta. Mansseja on kilpaillut aina maailmanmestaruustasolla asti ja Suomen MM-kisoissa vuonna 2008 n\u00e4htiin saksalainen Chilly-manssi my\u00f6s palkintopallilla pokkaamassa yksil\u00f6kilpailun hopeamitali.<\/p>\n<p>Manssit ovat tyypillisesti helposti motivoitavia, ne ovat ahneita ja palkkautuvat hyvin my\u00f6s taisteluleikeill\u00e4. Erilaiset vinku- ja hiirilelut ovat usein manssien suosikkipalkkioita. Manssien haasteena on usein itsehillinn\u00e4n ja maltin rakentaminen sek\u00e4 matalahko \u00e4rsykekynnys, manssin luonteeseen kuuluu tietynlainen ter\u00e4vyys. N\u00e4ihin seikkoihin voi kuitenkin harjoittelulla hyvin vaikuttaa. Joidenkin yksil\u00f6iden kohdalla arkuus voi olla ongelma, mutta t\u00e4m\u00e4 vaikuttaisi onneksi olevan melko harvinaista. Manssin kanssa on erityisen t\u00e4rke\u00e4\u00e4 kiinnitt\u00e4\u00e4 huomiota pentuajan sosiaalistamiseen ja kasvattaa motivaatiota ohjaajan kanssa ty\u00f6skentelyyn. Pennun kanssa kannattaa harjoitella my\u00f6s riistavietin hallintaa ja paneutua perusvalmiuksien harjoitteluun. Hyv\u00e4 perustottelevaisuus on hyv\u00e4 l\u00e4ht\u00f6kohta my\u00f6s harrastamiselle!<br \/>\n(harrastusteksti Sanna Malkam\u00e4ki)<\/p>\n","protected":false},"excerpt":{"rendered":"<p>Manchesterinterrierin historiaa Manchesterinterrieri on alkuper\u00e4lt\u00e4\u00e4n englantilainen rotu ja se on muinaista alkuper\u00e4\u00e4. Rotu esiintyy kirjoissa nimell\u00e4 black and tan. 1924 rotu sai nimekseen manchesterinterrieri. Toisen maailmansodan aikana rotu melkein kuoli sukupuuttoon. 1945 Englannissa oli j\u00e4ljell\u00e4 vain 11 puhdasrotuista manchesterinterrieri\u00e4. N\u00e4m\u00e4 &hellip; <a href=\"https:\/\/www.manssi.net\/wordpress\/manchesterinterrieri\/\">Lue loppuun <span class=\"meta-nav\">&rarr;<\/span><\/a><\/p>\n","protected":false},"author":1,"featured_media":0,"parent":0,"menu_order":0,"comment_status":"closed","ping_status":"closed","template":"showcase.php","meta":[],"_links":{"self":[{"href":"https:\/\/www.manssi.net\/wordpress\/wp-json\/wp\/v2\/pages\/68"}],"collection":[{"href":"https:\/\/www.manssi.net\/wordpress\/wp-json\/wp\/v2\/pages"}],"about":[{"href":"https:\/\/www.manssi.net\/wordpress\/wp-json\/wp\/v2\/types\/page"}],"author":[{"embeddable":true,"href":"https:\/\/www.manssi.net\/wordpress\/wp-json\/wp\/v2\/users\/1"}],"replies":[{"embeddable":true,"href":"https:\/\/www.manssi.net\/wordpress\/wp-json\/wp\/v2\/comments?post=68"}],"version-history":[{"count":24,"href":"https:\/\/www.manssi.net\/wordpress\/wp-json\/wp\/v2\/pages\/68\/revisions"}],"predecessor-version":[{"id":1188,"href":"https:\/\/www.manssi.net\/wordpress\/wp-json\/wp\/v2\/pages\/68\/revisions\/1188"}],"wp:attachment":[{"href":"https:\/\/www.manssi.net\/wordpress\/wp-json\/wp\/v2\/media?parent=68"}],"curies":[{"name":"wp","href":"https:\/\/api.w.org\/{rel}","templated":true}]}}