{"id":72,"date":"2012-01-21T20:20:14","date_gmt":"2012-01-21T18:20:14","guid":{"rendered":"http:\/\/www.manssi.net\/wordpress\/?page_id=72"},"modified":"2018-05-01T19:48:37","modified_gmt":"2018-05-01T16:48:37","slug":"jalostus","status":"publish","type":"page","link":"https:\/\/www.manssi.net\/wordpress\/jalostus\/","title":{"rendered":"Tietoa jalostukseen"},"content":{"rendered":"<h2>V\u00e4himm\u00e4isvaatimukset<\/h2>\n<p>Jalostuskoiria koskevat v\u00e4himm\u00e4isvaatimukset l\u00f6ytyv\u00e4t yhdistyksen pentup\u00f6rssin s\u00e4\u00e4nn\u00f6ist\u00e4, mihin p\u00e4\u00e4set <a title=\"Pentup\u00f6rssi\" href=\" https:\/\/www.manssi.net\/wordpress\/pentuporssin-saannot\/\">t\u00e4st\u00e4<\/a>.<\/p>\n<h2>Pentutilastoja<\/h2>\n<p>L\u00e4hde:\u00a0<a href=\"http:\/\/jalostus.kennelliitto.fi\/frmJalostustilastot.aspx?R=71\" target=\"_blank\">Kennelliitto<\/a>\u00a0(jalostus.kennelliitto.fi).<\/p>\n<table id=\"jalostus\">\n<tbody>\n<tr>\n<th>Vuosi<\/th>\n<th>Pentueet<\/th>\n<th>Pennut<\/th>\n<th>Sukusiitos %<\/th>\n<th>Urokset<\/th>\n<th>Nartut<\/th>\n<\/tr>\n<tr>\n<td>2013<\/td>\n<td>10<\/td>\n<td>41<\/td>\n<td>2.15 %<\/td>\n<td>19<\/td>\n<td>22<\/td>\n<\/tr>\n<tr>\n<td>2012<\/td>\n<td>11<\/td>\n<td>42<\/td>\n<td>0.89 %<\/td>\n<td>25<\/td>\n<td>17<\/td>\n<\/tr>\n<tr>\n<td>2011<\/td>\n<td>6<\/td>\n<td>19<\/td>\n<td>1.96 %<\/td>\n<td>11<\/td>\n<td>8<\/td>\n<\/tr>\n<tr>\n<td>2010<\/td>\n<td>9<\/td>\n<td>29<\/td>\n<td>1.93 %<\/td>\n<td>14<\/td>\n<td>15<\/td>\n<\/tr>\n<tr>\n<td>2009<\/td>\n<td>3<\/td>\n<td>12<\/td>\n<td>0.00 %<\/td>\n<td>3<\/td>\n<td>3<\/td>\n<\/tr>\n<tr>\n<td>2008<\/td>\n<td>12<\/td>\n<td>51<\/td>\n<td>1.24 %<\/td>\n<td>9<\/td>\n<td>12<\/td>\n<\/tr>\n<tr>\n<td>2007<\/td>\n<td>7<\/td>\n<td>18<\/td>\n<td>2.78 %<\/td>\n<td>6<\/td>\n<td>7<\/td>\n<\/tr>\n<tr>\n<td>2006<\/td>\n<td>5<\/td>\n<td>21<\/td>\n<td>3.77 %<\/td>\n<td>4<\/td>\n<td>5<\/td>\n<\/tr>\n<tr>\n<td>2005<\/td>\n<td>6<\/td>\n<td>26<\/td>\n<td>4.56 %<\/td>\n<td>6<\/td>\n<td>6<\/td>\n<\/tr>\n<tr>\n<td>2004<\/td>\n<td>5<\/td>\n<td>24<\/td>\n<td>3.10 %<\/td>\n<td>3<\/td>\n<td>5<\/td>\n<\/tr>\n<tr>\n<td>2003<\/td>\n<td>4<\/td>\n<td>14<\/td>\n<td>1.07 %<\/td>\n<td>4<\/td>\n<td>4<\/td>\n<\/tr>\n<tr>\n<td>2002<\/td>\n<td>6<\/td>\n<td>23<\/td>\n<td>9.21 %<\/td>\n<td>5<\/td>\n<td>6<\/td>\n<\/tr>\n<tr>\n<td>2001<\/td>\n<td>5<\/td>\n<td>20<\/td>\n<td>5.22 %<\/td>\n<td>5<\/td>\n<td>5<\/td>\n<\/tr>\n<tr>\n<td>2000<\/td>\n<td>6<\/td>\n<td>25<\/td>\n<td>6.94 %<\/td>\n<td>5<\/td>\n<td>6<\/td>\n<\/tr>\n<tr>\n<td>1999<\/td>\n<td>5<\/td>\n<td>20<\/td>\n<td>2.87 %<\/td>\n<td>4<\/td>\n<td>5<\/td>\n<\/tr>\n<tr>\n<td>1998<\/td>\n<td>4<\/td>\n<td>13<\/td>\n<td>8.50 %<\/td>\n<td>3<\/td>\n<td>4<\/td>\n<\/tr>\n<tr>\n<td>1997<\/td>\n<td>6<\/td>\n<td>20<\/td>\n<td>8.61 %<\/td>\n<td>4<\/td>\n<td>6<\/td>\n<\/tr>\n<tr>\n<td>1996<\/td>\n<td>6<\/td>\n<td>20<\/td>\n<td>3.89 %<\/td>\n<td>5<\/td>\n<td>6<\/td>\n<\/tr>\n<tr>\n<td>1995<\/td>\n<td>5<\/td>\n<td>17<\/td>\n<td>4.68 %<\/td>\n<td>5<\/td>\n<td>5<\/td>\n<\/tr>\n<tr>\n<td>1994<\/td>\n<td>4<\/td>\n<td>17<\/td>\n<td>2.56 %<\/td>\n<td>3<\/td>\n<td>4<\/td>\n<\/tr>\n<tr>\n<td>1993<\/td>\n<td>6<\/td>\n<td>21<\/td>\n<td>3.23 %<\/td>\n<td>4<\/td>\n<td>6<\/td>\n<\/tr>\n<tr>\n<td>1992<\/td>\n<td>4<\/td>\n<td>8<\/td>\n<td>4.83 %<\/td>\n<td>3<\/td>\n<td>4<\/td>\n<\/tr>\n<tr>\n<td>1991<\/td>\n<td>2<\/td>\n<td>9<\/td>\n<td>2.78 %<\/td>\n<td>1<\/td>\n<td>2<\/td>\n<\/tr>\n<tr>\n<td>1990<\/td>\n<td>2<\/td>\n<td>6<\/td>\n<td>3.13 %<\/td>\n<td>1<\/td>\n<td>2<\/td>\n<\/tr>\n<tr>\n<td>1989<\/td>\n<td>1<\/td>\n<td>5<\/td>\n<td>0.00 %<\/td>\n<td>1<\/td>\n<td>1<\/td>\n<\/tr>\n<tr>\n<td>1988<\/td>\n<td>0<\/td>\n<td>0<\/td>\n<td>0.00 %<\/td>\n<td>0<\/td>\n<td>0<\/td>\n<\/tr>\n<\/tbody>\n<\/table>\n<p>Sukusiitosprosentti lasketaan keskiarvona kaikista pennuista. Kaikkien\u00a0<em>26<\/em> vuoden sukusiitosprosentti on\u00a0<em>3.<\/em><em>46<\/em> %. Yhteens\u00e4 pentuja on syntynyt <em>521<\/em> kpl. Pentueita on ollut yhteens\u00e4\u00a0<em>140.<\/em>\u00a0Keskim\u00e4\u00e4rin\u00a0<em>3.<\/em><em>72<\/em> kpl \/ pentue.<\/p>\n<p>Jalostustoimikunnan sivut l\u00f6yd\u00e4t\u00a0<a title=\"Jalostustoimikunta\" href=\"https:\/\/www.manssi.net\/wordpress\/jalostustoimikunta-2\/\" target=\"_blank\">t\u00e4\u00e4lt\u00e4<\/a>.<\/p>\n","protected":false},"excerpt":{"rendered":"<p>V\u00e4himm\u00e4isvaatimukset Jalostuskoiria koskevat v\u00e4himm\u00e4isvaatimukset l\u00f6ytyv\u00e4t yhdistyksen pentup\u00f6rssin s\u00e4\u00e4nn\u00f6ist\u00e4, mihin p\u00e4\u00e4set t\u00e4st\u00e4. Pentutilastoja L\u00e4hde:\u00a0Kennelliitto\u00a0(jalostus.kennelliitto.fi). Vuosi Pentueet Pennut Sukusiitos % Urokset Nartut 2013 10 41 2.15 % 19 22 2012 11 42 0.89 % 25 17 2011 6 19 1.96 % 11 &hellip; <a href=\"https:\/\/www.manssi.net\/wordpress\/jalostus\/\">Lue loppuun <span class=\"meta-nav\">&rarr;<\/span><\/a><\/p>\n","protected":false},"author":1,"featured_media":0,"parent":0,"menu_order":0,"comment_status":"closed","ping_status":"closed","template":"showcase.php","meta":[],"_links":{"self":[{"href":"https:\/\/www.manssi.net\/wordpress\/wp-json\/wp\/v2\/pages\/72"}],"collection":[{"href":"https:\/\/www.manssi.net\/wordpress\/wp-json\/wp\/v2\/pages"}],"about":[{"href":"https:\/\/www.manssi.net\/wordpress\/wp-json\/wp\/v2\/types\/page"}],"author":[{"embeddable":true,"href":"https:\/\/www.manssi.net\/wordpress\/wp-json\/wp\/v2\/users\/1"}],"replies":[{"embeddable":true,"href":"https:\/\/www.manssi.net\/wordpress\/wp-json\/wp\/v2\/comments?post=72"}],"version-history":[{"count":22,"href":"https:\/\/www.manssi.net\/wordpress\/wp-json\/wp\/v2\/pages\/72\/revisions"}],"predecessor-version":[{"id":2597,"href":"https:\/\/www.manssi.net\/wordpress\/wp-json\/wp\/v2\/pages\/72\/revisions\/2597"}],"wp:attachment":[{"href":"https:\/\/www.manssi.net\/wordpress\/wp-json\/wp\/v2\/media?parent=72"}],"curies":[{"name":"wp","href":"https:\/\/api.w.org\/{rel}","templated":true}]}}