{"id":885,"date":"2013-06-04T20:54:43","date_gmt":"2013-06-04T17:54:43","guid":{"rendered":"http:\/\/www.manssi.net\/?page_id=885"},"modified":"2013-06-04T21:00:52","modified_gmt":"2013-06-04T18:00:52","slug":"tarvikemyynti","status":"publish","type":"page","link":"https:\/\/www.manssi.net\/wordpress\/tarvikemyynti\/","title":{"rendered":"Tarvikemyynti"},"content":{"rendered":"<p><strong>Tuotteita logopainatuksella<\/strong><\/p>\n<p>Suomen Manchesterinterrierit ry:n j\u00e4senill\u00e4 on mahdollisuus tilata mieleisi\u00e4\u00e4n tuotteita yhdistyksemme logolla varustettuna Ilowillasta. Tilaukset eiv\u00e4t vaadi kimppatilausta, vaan kukin itse p\u00e4\u00e4tt\u00e4\u00e4 mit\u00e4 tilaa ja milloin.<\/p>\n<p>Yhdistyksen logon k\u00e4ytt\u00f6 onnistuu ainoastaan painotuotteisiin, ei esim.brodeerauksiin. J\u00e4senten tilaamista<strong> logopainatuksella varustetuista tuotteista saa alennusta -10 %<\/strong> sivuilla esitetyist\u00e4 hinnoista.<\/p>\n<p>Huomatkaa tilatessanne, ett\u00e4 sivuilta l\u00f6ytyy my\u00f6s toinen manssin kuva, joka ei ole yhdistyksen logo. Muista mainita tilauksen yhteydess\u00e4, haluatko siihen logopainatuksen vai manssin kuvan.<\/p>\n<p><a href=\"http:\/\/www.ilowilla.fi\/\" target=\"_blank\">Tutustu valikoimiin: http:\/\/www.ilowilla.fi\/<\/a><\/p>\n<p>Yhdistyksen logo<br \/>\n<a href=\"https:\/\/www.manssi.net\/wordpress\/wp-content\/uploads\/2012\/01\/manssi_logo.jpg\"><img decoding=\"async\" loading=\"lazy\" class=\"wp-image-318 alignleft\" title=\"manssi_logo\" src=\"https:\/\/www.manssi.net\/wordpress\/wp-content\/uploads\/2012\/01\/manssi_logo-300x277.jpg\" alt=\"\" width=\"122\" height=\"112\" srcset=\"https:\/\/www.manssi.net\/wordpress\/wp-content\/uploads\/2012\/01\/manssi_logo-300x277.jpg 300w, https:\/\/www.manssi.net\/wordpress\/wp-content\/uploads\/2012\/01\/manssi_logo-324x300.jpg 324w, https:\/\/www.manssi.net\/wordpress\/wp-content\/uploads\/2012\/01\/manssi_logo.jpg 723w\" sizes=\"(max-width: 122px) 100vw, 122px\" \/><\/a><\/p>\n<p>&nbsp;<\/p>\n<p>&nbsp;<\/p>\n","protected":false},"excerpt":{"rendered":"<p>Tuotteita logopainatuksella Suomen Manchesterinterrierit ry:n j\u00e4senill\u00e4 on mahdollisuus tilata mieleisi\u00e4\u00e4n tuotteita yhdistyksemme logolla varustettuna Ilowillasta. Tilaukset eiv\u00e4t vaadi kimppatilausta, vaan kukin itse p\u00e4\u00e4tt\u00e4\u00e4 mit\u00e4 tilaa ja milloin. Yhdistyksen logon k\u00e4ytt\u00f6 onnistuu ainoastaan painotuotteisiin, ei esim.brodeerauksiin. J\u00e4senten tilaamista logopainatuksella varustetuista tuotteista &hellip; <a href=\"https:\/\/www.manssi.net\/wordpress\/tarvikemyynti\/\">Lue loppuun <span class=\"meta-nav\">&rarr;<\/span><\/a><\/p>\n","protected":false},"author":9,"featured_media":0,"parent":0,"menu_order":0,"comment_status":"closed","ping_status":"closed","template":"showcase.php","meta":[],"_links":{"self":[{"href":"https:\/\/www.manssi.net\/wordpress\/wp-json\/wp\/v2\/pages\/885"}],"collection":[{"href":"https:\/\/www.manssi.net\/wordpress\/wp-json\/wp\/v2\/pages"}],"about":[{"href":"https:\/\/www.manssi.net\/wordpress\/wp-json\/wp\/v2\/types\/page"}],"author":[{"embeddable":true,"href":"https:\/\/www.manssi.net\/wordpress\/wp-json\/wp\/v2\/users\/9"}],"replies":[{"embeddable":true,"href":"https:\/\/www.manssi.net\/wordpress\/wp-json\/wp\/v2\/comments?post=885"}],"version-history":[{"count":6,"href":"https:\/\/www.manssi.net\/wordpress\/wp-json\/wp\/v2\/pages\/885\/revisions"}],"predecessor-version":[{"id":892,"href":"https:\/\/www.manssi.net\/wordpress\/wp-json\/wp\/v2\/pages\/885\/revisions\/892"}],"wp:attachment":[{"href":"https:\/\/www.manssi.net\/wordpress\/wp-json\/wp\/v2\/media?parent=885"}],"curies":[{"name":"wp","href":"https:\/\/api.w.org\/{rel}","templated":true}]}}