{"id":953,"date":"2013-09-30T19:57:00","date_gmt":"2013-09-30T16:57:00","guid":{"rendered":"http:\/\/www.manssi.net\/?page_id=953"},"modified":"2026-01-26T22:28:22","modified_gmt":"2026-01-26T19:28:22","slug":"kilpailut","status":"publish","type":"page","link":"https:\/\/www.manssi.net\/wordpress\/kilpailut\/","title":{"rendered":"Kilpailut"},"content":{"rendered":"<p><strong>Suomen Manchesterinterrierit ry:n kilpailut<\/strong><\/p>\n<p>Yhdistys haluaa kannustaa j\u00e4seni\u00e4 harrastamaan ja osallistumaan virallisiin kilpailuihin ja n\u00e4yttelyihin manssien kanssa. Yhdistys palkitsee parhaiten menestyneet manssit eri kilpailuluokissa kiertopalkinnolla. Kiertopalkinnot on nimetty lahjoittajan kennelnimell\u00e4 ja Cup-sanalla tai lahjoittajan valitsemalla nimell\u00e4.<\/p>\n<p><strong>S\u00e4\u00e4nn\u00f6t\u00a0<\/strong>(p\u00e4ivitetty 01\/2025)<\/p>\n<p>Vuoden koira -arvoista on oikeutettu kilpailemaan jokainen Suomen Manchesterinterrierit ry:n j\u00e4sen omistamallaan tai hallitsemallaan, Suomessa rekister\u00f6idyll\u00e4 manchesterinterrierill\u00e4. Mik\u00e4li koiralla on useampi omistaja tai hallitsija, tulee v\u00e4hint\u00e4\u00e4n sen, kenen luona koira asuu<br \/>\np\u00e4\u00e4asiallisesti, olla yhdistyksen j\u00e4sen.<\/p>\n<p>Kilpailuvuosi on kalenterivuosi. Poikkeuksellisissa olosuhteissa yhdistyksen hallitus voi j\u00e4tt\u00e4\u00e4 kilpailuvuoden v\u00e4list\u00e4, kuitenkin vain ilmoittamalla asiasta julkisesti yhdistyksen j\u00e4senille.<\/p>\n<p>Kilpailujen tulokset vahvistetaan virallisesti yhdistyksen kev\u00e4tkokouksen yhteydess\u00e4. V\u00e4hint\u00e4\u00e4n kolmen eniten pisteit\u00e4 saaneen koiran pisteet julkistetaan. Kussakin kilpailussa palkitaan voittaja ja kolme parasta saavat kunniakirjat. Pisteet tulee ilmoittaa kilpailuvuoden loppua seuraavan tammikuun loppuun menness\u00e4 pisteiden laskijalle.<\/p>\n<p><strong>Vuoden 2026 osalta pisteet toimitetaan<em> 15.2.2026 menness\u00e4<\/em> osoitteeseen smt.hallitus@gmail.com. Otsikoi viestiin selv\u00e4sti, mihin kilpailuun osallistut. Jos osallistut samalla koiralla useampaan eri kilpailuun niin l\u00e4het\u00e4 jokaisen kilpailun osalta oma viesti. Kilpailujen pisteit\u00e4 laskee eri henkil\u00f6t.<br \/>\n<\/strong><\/p>\n<p><em>Katso tarkemmat luokkakohtaiset pisteet kilpailuluokkien sivuilta (linkit alla).<\/em><\/p>\n<p><strong>Kilpailuluokat ja jaettavat kiertopalkinnot<\/strong><\/p>\n<p><a title=\"Vuoden n\u00e4yttelykoira\" href=\"https:\/\/www.manssi.net\/wordpress\/vuoden-nayttelykoira\/\">Vuoden n\u00e4yttelykoira = Hilmanter&#8217;s Cup<\/a><\/p>\n<p><a title=\"Vuoden n\u00e4yttelyveteraani\" href=\"https:\/\/www.manssi.net\/wordpress\/vuoden-nayttelyveteraani\/\">Vuoden n\u00e4yttelyveteraani = Ukkosakan Cup<\/a><\/p>\n<p><a href=\"https:\/\/www.manssi.net\/kilpailut\/vuoden-juniorinayttelykoira\/\" target=\"_blank\" rel=\"noopener\">Vuoden juniorin\u00e4yttelykoira<\/a><\/p>\n<p><a href=\"https:\/\/www.manssi.net\/wordpress\/kilpailut\/vuoden-nayttelypentu\/\">Vuoden n\u00e4yttelypentu = Ainiaan Cup<\/a><\/p>\n<p><a title=\"Vuoden agilitykoirakilpailu\" href=\"https:\/\/www.manssi.net\/wordpress\/vuoden-agilitykoirakilpailu\/\">Vuoden agilitykoira = Intopalleron Cup<\/a><\/p>\n<p><a title=\"Rockstyles's Cup\" href=\"https:\/\/www.manssi.net\/wordpress\/kilpailut\/vuoden-agilitytulokas\/\">Vuoden agilitytulokas = Rockstyle&#8217;s Cup<\/a><\/p>\n<p><a title=\"Vuoden Tokokoira\" href=\"https:\/\/www.manssi.net\/wordpress\/vuoden-tokokoira\/\">Vuoden tokokoira = Kimblewick Cup<\/a><\/p>\n<p><a title=\"Black Manter's Cup\" href=\"https:\/\/www.manssi.net\/wordpress\/kilpailut\/vuoden-rally-tokokoirakilpailu\/\">Vuoden rally-tokokoira = Black Manter&#8217;s Cup<\/a><\/p>\n<p><a href=\"https:\/\/www.manssi.net\/wordpress\/kilpailut\/vuoden-nosework-koira\/\">Vuoden nosework-koira = Bonwild Cup<\/a><\/p>\n<p><a title=\"Vuoden kasvattaja\" href=\"https:\/\/www.manssi.net\/wordpress\/vuoden-kasvattaja\/\">Vuoden kasvattaja<\/a><\/p>\n<p><a href=\"https:\/\/www.manssi.net\/wordpress\/tyburn-cup\/\">Tyburn Cup<\/a> = Terrierien erikoisn\u00e4yttelyss\u00e4 ROP-manssille jaettava kiertopalkinto<\/p>\n<p><a href=\" https:\/\/www.manssi.net\/wordpress\/kilpailut\/titan-pytty\/\">Titan pytty<\/a> = Terrierien erikoisn\u00e4yttelyss\u00e4 vastakkaisen sukupuolen parhaalle eli VSP-manssille jaettava kiertopalkinto.<\/p>\n<p><a href=\"https:\/\/www.manssi.net\/wordpress\/valloittava-veteraani-cup\">Valloittava Veteraani Cup <\/a>= Terrierien erikoisn\u00e4yttelyss\u00e4 jaettava kiertopalkinto rotunsa parhaalle veteraanille.<\/p>\n<p><a href=\"https:\/\/www.manssi.net\/wordpress\/kilpailut\/verraton-veteraani\/\">Verraton Veteraani Cup <\/a>\u00a0= Terrierien erikoisn\u00e4yttelyss\u00e4 jaettava kiertopalkinto vastakkaisen sukupuolen parhaalle veteraanille.<\/p>\n<p><a href=\"https:\/\/www.manssi.net\/wordpress\/hannula-renholms-cup\/\">Hannula Renholm&#8217;s Cup<\/a> = Terrierien erikoisn\u00e4yttelyss\u00e4 parhaalle nuorten luokan urokselle jaettava kiertopalkinto.<\/p>\n<p><a href=\"https:\/\/www.manssi.net\/wordpress\/onnen-tullen-cup\/\">Onnen Tullen Cup<\/a> = Terrierien erikoisn\u00e4yttelyss\u00e4 parhaalle nuorten luokan nartulle jaettava kiertopalkinto.<\/p>\n<p><a href=\"https:\/\/www.manssi.net\/wordpress\/kilpailut\/hannula-renholms-junior-cup\/\">Hannula Renholms Junior Cup<\/a> = Terrierien erikoisn\u00e4yttelyss\u00e4 jaettavat kiertopalkinnot sek\u00e4 urosten ett\u00e4 narttujen junioriluokan parhaimmille koirille.<\/p>\n<p><strong>Menneit\u00e4 tuloksia<\/strong><\/p>\n<p><a href=\"https:\/\/www.manssi.net\/wordpress\/kilpailutulokset\/\">Vuoden koira 2020 -kilpailujen tulokset<\/a><br \/>\n<a href=\"https:\/\/www.manssi.net\/wordpress\/kilpailutulokset\/tulokset-2019\/\">Vuoden koira 2019 -kilpailujen tulokset<\/a><br \/>\n<a href=\"https:\/\/www.manssi.net\/wordpress\/kilpailutulokset\/3121-2\/\">Vuoden koira 2018 -kilpailujen tulokset<\/a><br \/>\n<a href=\"https:\/\/www.manssi.net\/wordpress\/kilpailutulokset\/2908-2\/\">Vuoden koira 2017 -kilpailujen tulokset<\/a><br \/>\n<a href=\"https:\/\/www.manssi.net\/wordpress\/kilpailutulokset\/tulokset-2016-2\/\">Vuoden koira 2016 -kilpailujen tulokset<\/a><\/p>\n","protected":false},"excerpt":{"rendered":"<p>Suomen Manchesterinterrierit ry:n kilpailut Yhdistys haluaa kannustaa j\u00e4seni\u00e4 harrastamaan ja osallistumaan virallisiin kilpailuihin ja n\u00e4yttelyihin manssien kanssa. Yhdistys palkitsee parhaiten menestyneet manssit eri kilpailuluokissa kiertopalkinnolla. Kiertopalkinnot on nimetty lahjoittajan kennelnimell\u00e4 ja Cup-sanalla tai lahjoittajan valitsemalla nimell\u00e4. S\u00e4\u00e4nn\u00f6t\u00a0(p\u00e4ivitetty 01\/2025) Vuoden koira &hellip; <a href=\"https:\/\/www.manssi.net\/wordpress\/kilpailut\/\">Lue loppuun <span class=\"meta-nav\">&rarr;<\/span><\/a><\/p>\n","protected":false},"author":9,"featured_media":0,"parent":0,"menu_order":0,"comment_status":"closed","ping_status":"closed","template":"","meta":[],"_links":{"self":[{"href":"https:\/\/www.manssi.net\/wordpress\/wp-json\/wp\/v2\/pages\/953"}],"collection":[{"href":"https:\/\/www.manssi.net\/wordpress\/wp-json\/wp\/v2\/pages"}],"about":[{"href":"https:\/\/www.manssi.net\/wordpress\/wp-json\/wp\/v2\/types\/page"}],"author":[{"embeddable":true,"href":"https:\/\/www.manssi.net\/wordpress\/wp-json\/wp\/v2\/users\/9"}],"replies":[{"embeddable":true,"href":"https:\/\/www.manssi.net\/wordpress\/wp-json\/wp\/v2\/comments?post=953"}],"version-history":[{"count":52,"href":"https:\/\/www.manssi.net\/wordpress\/wp-json\/wp\/v2\/pages\/953\/revisions"}],"predecessor-version":[{"id":3899,"href":"https:\/\/www.manssi.net\/wordpress\/wp-json\/wp\/v2\/pages\/953\/revisions\/3899"}],"wp:attachment":[{"href":"https:\/\/www.manssi.net\/wordpress\/wp-json\/wp\/v2\/media?parent=953"}],"curies":[{"name":"wp","href":"https:\/\/api.w.org\/{rel}","templated":true}]}}