{"id":964,"date":"2013-09-30T19:45:14","date_gmt":"2013-09-30T16:45:14","guid":{"rendered":"http:\/\/www.manssi.net\/?page_id=964"},"modified":"2022-01-16T21:51:11","modified_gmt":"2022-01-16T18:51:11","slug":"vuoden-nayttelyveteraani","status":"publish","type":"page","link":"https:\/\/www.manssi.net\/wordpress\/kilpailut\/vuoden-nayttelyveteraani\/","title":{"rendered":"Vuoden n\u00e4yttelyveteraani"},"content":{"rendered":"<p><strong>Vuoden veteraanin\u00e4yttelykoira \u2013kilpailun s\u00e4\u00e4nn\u00f6t\u00a0<\/strong><\/p>\n<p>Kilpailussa huomioidaan kunkin koiran enint\u00e4\u00e4n kuusi (6) virallista n\u00e4yttelytulosta kotimaasta. Lukuun ottamatta voittaja-n\u00e4yttelyit\u00e4; Euroopan Voittaja, Maailman Voittaja ja Pohjoismaiden Voittaja, jotka voidaan j\u00e4rjest\u00e4\u00e4 ulkomailla.<\/p>\n<p>Vuoden n\u00e4yttelyveteraani-kilpailun voittaja palkitaan Vuoden n\u00e4yttelyveteraani <em>Ukkosakan Cup <\/em>-kiertopokaalilla.<\/p>\n<p>Mik\u00e4li kaksi tai useampi koira saavuttaa saman pistem\u00e4\u00e4r\u00e4n, ratkaistaan voittaja seuraavasti:<\/p>\n<ul>\n<li>suurempi kansainv\u00e4listen n\u00e4yttelyiden lukum\u00e4\u00e4r\u00e4 voittaa<\/li>\n<li>suurempi yhteenlaskettu BIS-pistem\u00e4\u00e4r\u00e4 voittaa, jos viel\u00e4 tasan<\/li>\n<li>suurempi ROP-pisteiden m\u00e4\u00e4r\u00e4 voittaa.<\/li>\n<\/ul>\n<p>Suomen Manchesterinterrierit ry:n hallituksella on oikeus muuttaa n\u00e4it\u00e4 s\u00e4\u00e4nt\u00f6j\u00e4 ja pistem\u00e4\u00e4ri\u00e4 ja\/tai pisteidenlaskusysteemi\u00e4. Voimassa olevat s\u00e4\u00e4nn\u00f6t julkaistaan yhdistyksen internet-sivuilla.<\/p>\n<p>Vuoden n\u00e4yttelyveteraani saa kutsun Suomen Terrierij\u00e4rjest\u00f6n TOP Terrier -kutsukilpailuun, mik\u00e4li se j\u00e4rjestet\u00e4\u00e4n.<\/p>\n<p><strong>Pisteet<\/strong><\/p>\n<p>Pisteit\u00e4 kertyy ryhm\u00e4n\u00e4yttelyist\u00e4, kansallisista n\u00e4yttelyist\u00e4, NORD-n\u00e4yttelyist\u00e4 sek\u00e4 kansainv\u00e4lisist\u00e4 n\u00e4yttelyist\u00e4.<\/p>\n<p>Terrierij\u00e4rjest\u00f6n erikoisn\u00e4yttelyss\u00e4 laatumaininnasta <strong>ERINOMAINEN+ SA<\/strong> saa viisi (5) lis\u00e4pistett\u00e4.<br \/>\nPohjoismaiden Voittaja-, Euroopan Voittaja- ja Maailman Voittaja -n\u00e4yttelyist\u00e4 saa laatumaininnasta <strong>ERINOMAINEN+ SA<\/strong> kolme (3) lis\u00e4pistett\u00e4.<br \/>\nHelsinki Winner- ja Voittaja-n\u00e4yttelyist\u00e4 saa laatumaininnasta <strong>ERINOMAINEN+ SA<\/strong> kaksi (2) lis\u00e4pistett\u00e4.<\/p>\n\n<table id=\"tablepress-5\" class=\"tablepress tablepress-id-5\">\n<thead>\n<tr class=\"row-1 odd\">\n\t<th class=\"column-1\">Pisteet<\/th><th class=\"column-2\"><\/th><th class=\"column-3\"><\/th><th class=\"column-4\"><\/th><th class=\"column-5\"><\/th><th class=\"column-6\"><\/th>\n<\/tr>\n<\/thead>\n<tbody class=\"row-hover\">\n<tr class=\"row-2 even\">\n\t<td class=\"column-1\"><\/td><td class=\"column-2\">ROP<\/td><td class=\"column-3\">VSP<\/td><td class=\"column-4\">VEK2<\/td><td class=\"column-5\">VEK3<\/td><td class=\"column-6\">VEK4<\/td>\n<\/tr>\n<tr class=\"row-3 odd\">\n\t<td class=\"column-1\">Kansainv\u00e4linen n\u00e4yttely<\/td><td class=\"column-2\">12 p.<\/td><td class=\"column-3\">10 p.<\/td><td class=\"column-4\">7 p.<\/td><td class=\"column-5\">6 p.<\/td><td class=\"column-6\">5 p.<\/td>\n<\/tr>\n<tr class=\"row-4 even\">\n\t<td class=\"column-1\">NORD-n\u00e4yttely<\/td><td class=\"column-2\">11 p.<\/td><td class=\"column-3\">9 p.<\/td><td class=\"column-4\">6 p.<\/td><td class=\"column-5\">5 p.<\/td><td class=\"column-6\">4 p.<\/td>\n<\/tr>\n<tr class=\"row-5 odd\">\n\t<td class=\"column-1\">Kansallinen n\u00e4yttely<\/td><td class=\"column-2\">10 p.<\/td><td class=\"column-3\">8 p.<\/td><td class=\"column-4\">6 p.<\/td><td class=\"column-5\">5 p.<\/td><td class=\"column-6\">4 p.<\/td>\n<\/tr>\n<tr class=\"row-6 even\">\n\t<td class=\"column-1\">Ryhm\u00e4n\u00e4yttely<\/td><td class=\"column-2\">10 p.<\/td><td class=\"column-3\">8 p.<\/td><td class=\"column-4\">6 p.<\/td><td class=\"column-5\">5 p.<\/td><td class=\"column-6\">4 p.<\/td>\n<\/tr>\n<tr class=\"row-7 odd\">\n\t<td class=\"column-1\"><\/td><td class=\"column-2\"><\/td><td class=\"column-3\"><\/td><td class=\"column-4\"><\/td><td class=\"column-5\"><\/td><td class=\"column-6\"><\/td>\n<\/tr>\n<tr class=\"row-8 even\">\n\t<td class=\"column-1\"><\/td><td class=\"column-2\"><\/td><td class=\"column-3\"><\/td><td class=\"column-4\"><\/td><td class=\"column-5\"><\/td><td class=\"column-6\"><\/td>\n<\/tr>\n<tr class=\"row-9 odd\">\n\t<td class=\"column-1\"><\/td><td class=\"column-2\">BIS 1<\/td><td class=\"column-3\">BIS 2<\/td><td class=\"column-4\">BIS 3<\/td><td class=\"column-5\">BIS 4<\/td><td class=\"column-6\"><\/td>\n<\/tr>\n<tr class=\"row-10 even\">\n\t<td class=\"column-1\">KV\/NORD\/KR-n\u00e4yttelyt<\/td><td class=\"column-2\">12 p.<\/td><td class=\"column-3\">10 p.<\/td><td class=\"column-4\">9 p.<\/td><td class=\"column-5\">8 p.<\/td><td class=\"column-6\"><\/td>\n<\/tr>\n<tr class=\"row-11 odd\">\n\t<td class=\"column-1\">Ryhm\u00e4n\u00e4yttely<\/td><td class=\"column-2\">8 p.<\/td><td class=\"column-3\">6 p.<\/td><td class=\"column-4\">5 p.<\/td><td class=\"column-5\">4 p.<\/td><td class=\"column-6\"><\/td>\n<\/tr>\n<\/tbody>\n<\/table>\n<!-- #tablepress-5 from cache -->\n<p><em>Esimerkit pisteiden laskusta:<\/em><br \/>\n<em>Ryhm\u00e4n\u00e4yttely<\/em><br \/>\n<em>Koira Lepp\u00e4kerttu VET ERI SA VEK 1 ROP VET BIS1 = 10 p. + 8 p. = 18 pistett\u00e4<\/em><\/p>\n<p><em>Kansallinen n\u00e4yttely<\/em><br \/>\n<em>Koira Lepp\u00e4kerttu VET ERI SA VEK 1 ROP VET BIS1 = 10 p. + 8 p. = 18 pistett\u00e4<\/em><br \/>\n<em>Koira Lepp\u00e4markku ERI VEK 4 = 4 pistett\u00e4<\/em><\/p>\n<p>NORD-n\u00e4yttely<br \/>\nKoira Lepp\u00e4kerttu VET ERI SA VEK1 VSP = 8 pistett\u00e4<\/p>\n<p><em>Kansainv\u00e4linen n\u00e4yttely<\/em><br \/>\n<em>Koira Lepp\u00e4kerttu VET ERI SA VEK 3 = 6 pistett\u00e4<\/em><\/p>\n","protected":false},"excerpt":{"rendered":"<p>Vuoden veteraanin\u00e4yttelykoira \u2013kilpailun s\u00e4\u00e4nn\u00f6t\u00a0 Kilpailussa huomioidaan kunkin koiran enint\u00e4\u00e4n kuusi (6) virallista n\u00e4yttelytulosta kotimaasta. Lukuun ottamatta voittaja-n\u00e4yttelyit\u00e4; Euroopan Voittaja, Maailman Voittaja ja Pohjoismaiden Voittaja, jotka voidaan j\u00e4rjest\u00e4\u00e4 ulkomailla. Vuoden n\u00e4yttelyveteraani-kilpailun voittaja palkitaan Vuoden n\u00e4yttelyveteraani Ukkosakan Cup -kiertopokaalilla. Mik\u00e4li kaksi tai &hellip; <a href=\"https:\/\/www.manssi.net\/wordpress\/kilpailut\/vuoden-nayttelyveteraani\/\">Lue loppuun <span class=\"meta-nav\">&rarr;<\/span><\/a><\/p>\n","protected":false},"author":9,"featured_media":0,"parent":953,"menu_order":0,"comment_status":"closed","ping_status":"closed","template":"","meta":[],"_links":{"self":[{"href":"https:\/\/www.manssi.net\/wordpress\/wp-json\/wp\/v2\/pages\/964"}],"collection":[{"href":"https:\/\/www.manssi.net\/wordpress\/wp-json\/wp\/v2\/pages"}],"about":[{"href":"https:\/\/www.manssi.net\/wordpress\/wp-json\/wp\/v2\/types\/page"}],"author":[{"embeddable":true,"href":"https:\/\/www.manssi.net\/wordpress\/wp-json\/wp\/v2\/users\/9"}],"replies":[{"embeddable":true,"href":"https:\/\/www.manssi.net\/wordpress\/wp-json\/wp\/v2\/comments?post=964"}],"version-history":[{"count":28,"href":"https:\/\/www.manssi.net\/wordpress\/wp-json\/wp\/v2\/pages\/964\/revisions"}],"predecessor-version":[{"id":3398,"href":"https:\/\/www.manssi.net\/wordpress\/wp-json\/wp\/v2\/pages\/964\/revisions\/3398"}],"up":[{"embeddable":true,"href":"https:\/\/www.manssi.net\/wordpress\/wp-json\/wp\/v2\/pages\/953"}],"wp:attachment":[{"href":"https:\/\/www.manssi.net\/wordpress\/wp-json\/wp\/v2\/media?parent=964"}],"curies":[{"name":"wp","href":"https:\/\/api.w.org\/{rel}","templated":true}]}}